{"id":810,"date":"2020-01-10T14:42:59","date_gmt":"2020-01-10T13:42:59","guid":{"rendered":"https:\/\/duinzoomhoeve.nl\/?page_id=810"},"modified":"2023-01-23T10:26:03","modified_gmt":"2023-01-23T09:26:03","slug":"julianadorp","status":"publish","type":"page","link":"https:\/\/duinzoomhoeve.nl\/de\/julianadorp\/","title":{"rendered":"Julianadorp"},"content":{"rendered":"<p>Julianadorp liegt im gr\u00f6\u00dften, zusammenh\u00e4ngenden Blumenzwiebelanbaugebiet der Welt. Das Dorf hat etwa 14.000 Einwohner und geh\u00f6rt zur Gemeinde<br \/>\nDen Helder. Den Helder und Julianadorp werden durch eine 5 km lange Fahrrad- und Kanuroute miteinander verbunden. Das Gebiet, das an D\u00fcnen und Strand grenzt, wird Julianadorp aan Zee genannt. Hier befinden sich diverse Ferienparks und Restaurants, der Golfplatz Ooghduyne (9 Loch) sowie ein Schwimmbad\u00a0 im Freizeitpark Ooghduyne.<\/p>\n","protected":false},"excerpt":{"rendered":"<p>Julianadorp liegt im gr\u00f6\u00dften, zusammenh\u00e4ngenden Blumenzwiebelanbaugebiet der Welt. Das Dorf hat etwa 14.000 Einwohner und geh\u00f6rt zur Gemeinde Den Helder. Den Helder und Julianadorp werden durch eine 5 km lange Fahrrad- und Kanuroute miteinander verbunden. Das Gebiet, das an D\u00fcnen und Strand grenzt, wird Julianadorp aan Zee genannt. Hier befinden sich diverse Ferienparks und Restaurants, [&hellip;]<\/p>\n","protected":false},"author":1,"featured_media":0,"parent":0,"menu_order":32,"comment_status":"closed","ping_status":"closed","template":"","meta":{"_acf_changed":false,"footnotes":""},"class_list":["post-810","page","type-page","status-publish","hentry"],"acf":[],"yoast_head":"<!-- This site is optimized with the Yoast SEO plugin v27.4 - https:\/\/yoast.com\/product\/yoast-seo-wordpress\/ -->\n<title>Julianadorp - Camping Duinzoomhoeve - Julianadorp aan Zee<\/title>\n<meta name=\"robots\" content=\"index, follow, max-snippet:-1, max-image-preview:large, max-video-preview:-1\" \/>\n<link rel=\"canonical\" href=\"https:\/\/duinzoomhoeve.nl\/de\/julianadorp\/\" \/>\n<meta property=\"og:locale\" content=\"de_DE\" \/>\n<meta property=\"og:type\" content=\"article\" \/>\n<meta property=\"og:title\" content=\"Julianadorp - Camping Duinzoomhoeve - Julianadorp aan Zee\" \/>\n<meta property=\"og:description\" content=\"Julianadorp liegt im gr\u00f6\u00dften, zusammenh\u00e4ngenden Blumenzwiebelanbaugebiet der Welt. Das Dorf hat etwa 14.000 Einwohner und geh\u00f6rt zur Gemeinde Den Helder. Den Helder und Julianadorp werden durch eine 5 km lange Fahrrad- und Kanuroute miteinander verbunden. Das Gebiet, das an D\u00fcnen und Strand grenzt, wird Julianadorp aan Zee genannt. Hier befinden sich diverse Ferienparks und Restaurants, [&hellip;]\" \/>\n<meta property=\"og:url\" content=\"https:\/\/duinzoomhoeve.nl\/de\/julianadorp\/\" \/>\n<meta property=\"og:site_name\" content=\"Camping Duinzoomhoeve - Julianadorp aan Zee\" \/>\n<meta property=\"article:modified_time\" content=\"2023-01-23T09:26:03+00:00\" \/>\n<meta name=\"twitter:card\" content=\"summary_large_image\" \/>\n<meta name=\"twitter:label1\" content=\"Gesch\u00e4tzte Lesezeit\" \/>\n\t<meta name=\"twitter:data1\" content=\"1\u00a0Minute\" \/>\n<script type=\"application\/ld+json\" class=\"yoast-schema-graph\">{\"@context\":\"https:\\\/\\\/schema.org\",\"@graph\":[{\"@type\":\"WebPage\",\"@id\":\"https:\\\/\\\/duinzoomhoeve.nl\\\/de\\\/julianadorp\\\/\",\"url\":\"https:\\\/\\\/duinzoomhoeve.nl\\\/de\\\/julianadorp\\\/\",\"name\":\"Julianadorp - Camping Duinzoomhoeve - Julianadorp aan Zee\",\"isPartOf\":{\"@id\":\"https:\\\/\\\/duinzoomhoeve.nl\\\/#website\"},\"datePublished\":\"2020-01-10T13:42:59+00:00\",\"dateModified\":\"2023-01-23T09:26:03+00:00\",\"breadcrumb\":{\"@id\":\"https:\\\/\\\/duinzoomhoeve.nl\\\/de\\\/julianadorp\\\/#breadcrumb\"},\"inLanguage\":\"de\",\"potentialAction\":[{\"@type\":\"ReadAction\",\"target\":[\"https:\\\/\\\/duinzoomhoeve.nl\\\/de\\\/julianadorp\\\/\"]}]},{\"@type\":\"BreadcrumbList\",\"@id\":\"https:\\\/\\\/duinzoomhoeve.nl\\\/de\\\/julianadorp\\\/#breadcrumb\",\"itemListElement\":[{\"@type\":\"ListItem\",\"position\":1,\"name\":\"Home\",\"item\":\"https:\\\/\\\/duinzoomhoeve.nl\\\/de\\\/\"},{\"@type\":\"ListItem\",\"position\":2,\"name\":\"Julianadorp\"}]},{\"@type\":\"WebSite\",\"@id\":\"https:\\\/\\\/duinzoomhoeve.nl\\\/#website\",\"url\":\"https:\\\/\\\/duinzoomhoeve.nl\\\/\",\"name\":\"Camping Duinzoomhoeve - Julianadorp aan Zee\",\"description\":\"Midden tussen de bollenvelden, op nog geen 400 meter van duin en strand ligt luxe boeren camping Duinzoomhoeve.\",\"potentialAction\":[{\"@type\":\"SearchAction\",\"target\":{\"@type\":\"EntryPoint\",\"urlTemplate\":\"https:\\\/\\\/duinzoomhoeve.nl\\\/?s={search_term_string}\"},\"query-input\":{\"@type\":\"PropertyValueSpecification\",\"valueRequired\":true,\"valueName\":\"search_term_string\"}}],\"inLanguage\":\"de\"}]}<\/script>\n<!-- \/ Yoast SEO plugin. -->","yoast_head_json":{"title":"Julianadorp - Camping Duinzoomhoeve - Julianadorp aan Zee","robots":{"index":"index","follow":"follow","max-snippet":"max-snippet:-1","max-image-preview":"max-image-preview:large","max-video-preview":"max-video-preview:-1"},"canonical":"https:\/\/duinzoomhoeve.nl\/de\/julianadorp\/","og_locale":"de_DE","og_type":"article","og_title":"Julianadorp - Camping Duinzoomhoeve - Julianadorp aan Zee","og_description":"Julianadorp liegt im gr\u00f6\u00dften, zusammenh\u00e4ngenden Blumenzwiebelanbaugebiet der Welt. Das Dorf hat etwa 14.000 Einwohner und geh\u00f6rt zur Gemeinde Den Helder. Den Helder und Julianadorp werden durch eine 5 km lange Fahrrad- und Kanuroute miteinander verbunden. Das Gebiet, das an D\u00fcnen und Strand grenzt, wird Julianadorp aan Zee genannt. Hier befinden sich diverse Ferienparks und Restaurants, [&hellip;]","og_url":"https:\/\/duinzoomhoeve.nl\/de\/julianadorp\/","og_site_name":"Camping Duinzoomhoeve - Julianadorp aan Zee","article_modified_time":"2023-01-23T09:26:03+00:00","twitter_card":"summary_large_image","twitter_misc":{"Gesch\u00e4tzte Lesezeit":"1\u00a0Minute"},"schema":{"@context":"https:\/\/schema.org","@graph":[{"@type":"WebPage","@id":"https:\/\/duinzoomhoeve.nl\/de\/julianadorp\/","url":"https:\/\/duinzoomhoeve.nl\/de\/julianadorp\/","name":"Julianadorp - Camping Duinzoomhoeve - Julianadorp aan Zee","isPartOf":{"@id":"https:\/\/duinzoomhoeve.nl\/#website"},"datePublished":"2020-01-10T13:42:59+00:00","dateModified":"2023-01-23T09:26:03+00:00","breadcrumb":{"@id":"https:\/\/duinzoomhoeve.nl\/de\/julianadorp\/#breadcrumb"},"inLanguage":"de","potentialAction":[{"@type":"ReadAction","target":["https:\/\/duinzoomhoeve.nl\/de\/julianadorp\/"]}]},{"@type":"BreadcrumbList","@id":"https:\/\/duinzoomhoeve.nl\/de\/julianadorp\/#breadcrumb","itemListElement":[{"@type":"ListItem","position":1,"name":"Home","item":"https:\/\/duinzoomhoeve.nl\/de\/"},{"@type":"ListItem","position":2,"name":"Julianadorp"}]},{"@type":"WebSite","@id":"https:\/\/duinzoomhoeve.nl\/#website","url":"https:\/\/duinzoomhoeve.nl\/","name":"Camping Duinzoomhoeve - Julianadorp aan Zee","description":"Midden tussen de bollenvelden, op nog geen 400 meter van duin en strand ligt luxe boeren camping Duinzoomhoeve.","potentialAction":[{"@type":"SearchAction","target":{"@type":"EntryPoint","urlTemplate":"https:\/\/duinzoomhoeve.nl\/?s={search_term_string}"},"query-input":{"@type":"PropertyValueSpecification","valueRequired":true,"valueName":"search_term_string"}}],"inLanguage":"de"}]}},"_links":{"self":[{"href":"https:\/\/duinzoomhoeve.nl\/de\/wp-json\/wp\/v2\/pages\/810","targetHints":{"allow":["GET"]}}],"collection":[{"href":"https:\/\/duinzoomhoeve.nl\/de\/wp-json\/wp\/v2\/pages"}],"about":[{"href":"https:\/\/duinzoomhoeve.nl\/de\/wp-json\/wp\/v2\/types\/page"}],"author":[{"embeddable":true,"href":"https:\/\/duinzoomhoeve.nl\/de\/wp-json\/wp\/v2\/users\/1"}],"replies":[{"embeddable":true,"href":"https:\/\/duinzoomhoeve.nl\/de\/wp-json\/wp\/v2\/comments?post=810"}],"version-history":[{"count":8,"href":"https:\/\/duinzoomhoeve.nl\/de\/wp-json\/wp\/v2\/pages\/810\/revisions"}],"predecessor-version":[{"id":2410,"href":"https:\/\/duinzoomhoeve.nl\/de\/wp-json\/wp\/v2\/pages\/810\/revisions\/2410"}],"wp:attachment":[{"href":"https:\/\/duinzoomhoeve.nl\/de\/wp-json\/wp\/v2\/media?parent=810"}],"curies":[{"name":"wp","href":"https:\/\/api.w.org\/{rel}","templated":true}]}}