{"id":604,"date":"2020-01-10T09:44:16","date_gmt":"2020-01-10T08:44:16","guid":{"rendered":"https:\/\/duinzoomhoeve.nl\/?page_id=604"},"modified":"2026-03-10T10:37:49","modified_gmt":"2026-03-10T09:37:49","slug":"pipowagen","status":"publish","type":"page","link":"https:\/\/duinzoomhoeve.nl\/de\/pipowagen\/","title":{"rendered":"Pipowagen"},"content":{"rendered":"<p>Erleben Sie ein romantisches Wochenende oder eine Kurzwoche in unserem Zweipersonen-Pipowagen! Der Pipowagen wurde stilvoll und gem\u00fctlich eingerichtet. Vom Pipowagen aus haben Sie eine weite Aussicht \u00fcber die Blumenzwiebelfelder. Sie sind ganz dicht bei der Natur! Ein Pipowagen ist nicht nur eine Sehensw\u00fcrdigkeit, sondern bietet Ihnen als Gast auch einen romantischen Blick auf das freie Leben. Er eignet sich besonders gut, wenn Sie Ihren Partner mit einer \u00dcbernachtung an einem herrlichen Ort zu verw\u00f6hnen m\u00f6chten!<\/p>\n","protected":false},"excerpt":{"rendered":"<p>Erleben Sie ein romantisches Wochenende oder eine Kurzwoche in unserem Zweipersonen-Pipowagen! Der Pipowagen wurde stilvoll und gem\u00fctlich eingerichtet. Vom Pipowagen aus haben Sie eine weite Aussicht \u00fcber die Blumenzwiebelfelder. Sie sind ganz dicht bei der Natur! Ein Pipowagen ist nicht nur eine Sehensw\u00fcrdigkeit, sondern bietet Ihnen als Gast auch einen romantischen Blick auf das freie [&hellip;]<\/p>\n","protected":false},"author":1,"featured_media":1592,"parent":0,"menu_order":85,"comment_status":"closed","ping_status":"closed","template":"","meta":{"_acf_changed":false,"footnotes":""},"class_list":["post-604","page","type-page","status-publish","has-post-thumbnail","hentry"],"acf":[],"yoast_head":"<!-- This site is optimized with the Yoast SEO plugin v27.3 - https:\/\/yoast.com\/product\/yoast-seo-wordpress\/ -->\n<title>Pipowagen - Camping Duinzoomhoeve - Julianadorp aan Zee<\/title>\n<meta name=\"robots\" content=\"index, follow, max-snippet:-1, max-image-preview:large, max-video-preview:-1\" \/>\n<link rel=\"canonical\" href=\"https:\/\/duinzoomhoeve.nl\/de\/pipowagen\/\" \/>\n<meta property=\"og:locale\" content=\"de_DE\" \/>\n<meta property=\"og:type\" content=\"article\" \/>\n<meta property=\"og:title\" content=\"Pipowagen - Camping Duinzoomhoeve - Julianadorp aan Zee\" \/>\n<meta property=\"og:description\" content=\"Erleben Sie ein romantisches Wochenende oder eine Kurzwoche in unserem Zweipersonen-Pipowagen! Der Pipowagen wurde stilvoll und gem\u00fctlich eingerichtet. Vom Pipowagen aus haben Sie eine weite Aussicht \u00fcber die Blumenzwiebelfelder. Sie sind ganz dicht bei der Natur! Ein Pipowagen ist nicht nur eine Sehensw\u00fcrdigkeit, sondern bietet Ihnen als Gast auch einen romantischen Blick auf das freie [&hellip;]\" \/>\n<meta property=\"og:url\" content=\"https:\/\/duinzoomhoeve.nl\/de\/pipowagen\/\" \/>\n<meta property=\"og:site_name\" content=\"Camping Duinzoomhoeve - Julianadorp aan Zee\" \/>\n<meta property=\"article:modified_time\" content=\"2026-03-10T09:37:49+00:00\" \/>\n<meta property=\"og:image\" content=\"https:\/\/duinzoomhoeve.nl\/wp-content\/uploads\/2020\/01\/SAM_9990.jpg\" \/>\n\t<meta property=\"og:image:width\" content=\"2560\" \/>\n\t<meta property=\"og:image:height\" content=\"1707\" \/>\n\t<meta property=\"og:image:type\" content=\"image\/jpeg\" \/>\n<meta name=\"twitter:card\" content=\"summary_large_image\" \/>\n<meta name=\"twitter:label1\" content=\"Gesch\u00e4tzte Lesezeit\" \/>\n\t<meta name=\"twitter:data1\" content=\"4\u00a0Minuten\" \/>\n<script type=\"application\/ld+json\" class=\"yoast-schema-graph\">{\"@context\":\"https:\\\/\\\/schema.org\",\"@graph\":[{\"@type\":\"WebPage\",\"@id\":\"https:\\\/\\\/duinzoomhoeve.nl\\\/de\\\/pipowagen\\\/\",\"url\":\"https:\\\/\\\/duinzoomhoeve.nl\\\/de\\\/pipowagen\\\/\",\"name\":\"Pipowagen - Camping Duinzoomhoeve - Julianadorp aan Zee\",\"isPartOf\":{\"@id\":\"https:\\\/\\\/duinzoomhoeve.nl\\\/#website\"},\"primaryImageOfPage\":{\"@id\":\"https:\\\/\\\/duinzoomhoeve.nl\\\/de\\\/pipowagen\\\/#primaryimage\"},\"image\":{\"@id\":\"https:\\\/\\\/duinzoomhoeve.nl\\\/de\\\/pipowagen\\\/#primaryimage\"},\"thumbnailUrl\":\"https:\\\/\\\/duinzoomhoeve.nl\\\/wp-content\\\/uploads\\\/2020\\\/01\\\/SAM_9990.jpg\",\"datePublished\":\"2020-01-10T08:44:16+00:00\",\"dateModified\":\"2026-03-10T09:37:49+00:00\",\"breadcrumb\":{\"@id\":\"https:\\\/\\\/duinzoomhoeve.nl\\\/de\\\/pipowagen\\\/#breadcrumb\"},\"inLanguage\":\"de\",\"potentialAction\":[{\"@type\":\"ReadAction\",\"target\":[\"https:\\\/\\\/duinzoomhoeve.nl\\\/de\\\/pipowagen\\\/\"]}]},{\"@type\":\"ImageObject\",\"inLanguage\":\"de\",\"@id\":\"https:\\\/\\\/duinzoomhoeve.nl\\\/de\\\/pipowagen\\\/#primaryimage\",\"url\":\"https:\\\/\\\/duinzoomhoeve.nl\\\/wp-content\\\/uploads\\\/2020\\\/01\\\/SAM_9990.jpg\",\"contentUrl\":\"https:\\\/\\\/duinzoomhoeve.nl\\\/wp-content\\\/uploads\\\/2020\\\/01\\\/SAM_9990.jpg\",\"width\":2560,\"height\":1707},{\"@type\":\"BreadcrumbList\",\"@id\":\"https:\\\/\\\/duinzoomhoeve.nl\\\/de\\\/pipowagen\\\/#breadcrumb\",\"itemListElement\":[{\"@type\":\"ListItem\",\"position\":1,\"name\":\"Home\",\"item\":\"https:\\\/\\\/duinzoomhoeve.nl\\\/de\\\/\"},{\"@type\":\"ListItem\",\"position\":2,\"name\":\"Pipowagen\"}]},{\"@type\":\"WebSite\",\"@id\":\"https:\\\/\\\/duinzoomhoeve.nl\\\/#website\",\"url\":\"https:\\\/\\\/duinzoomhoeve.nl\\\/\",\"name\":\"Camping Duinzoomhoeve - Julianadorp aan Zee\",\"description\":\"Midden tussen de bollenvelden, op nog geen 400 meter van duin en strand ligt luxe boeren camping Duinzoomhoeve.\",\"potentialAction\":[{\"@type\":\"SearchAction\",\"target\":{\"@type\":\"EntryPoint\",\"urlTemplate\":\"https:\\\/\\\/duinzoomhoeve.nl\\\/?s={search_term_string}\"},\"query-input\":{\"@type\":\"PropertyValueSpecification\",\"valueRequired\":true,\"valueName\":\"search_term_string\"}}],\"inLanguage\":\"de\"}]}<\/script>\n<!-- \/ Yoast SEO plugin. -->","yoast_head_json":{"title":"Pipowagen - Camping Duinzoomhoeve - Julianadorp aan Zee","robots":{"index":"index","follow":"follow","max-snippet":"max-snippet:-1","max-image-preview":"max-image-preview:large","max-video-preview":"max-video-preview:-1"},"canonical":"https:\/\/duinzoomhoeve.nl\/de\/pipowagen\/","og_locale":"de_DE","og_type":"article","og_title":"Pipowagen - Camping Duinzoomhoeve - Julianadorp aan Zee","og_description":"Erleben Sie ein romantisches Wochenende oder eine Kurzwoche in unserem Zweipersonen-Pipowagen! Der Pipowagen wurde stilvoll und gem\u00fctlich eingerichtet. Vom Pipowagen aus haben Sie eine weite Aussicht \u00fcber die Blumenzwiebelfelder. Sie sind ganz dicht bei der Natur! Ein Pipowagen ist nicht nur eine Sehensw\u00fcrdigkeit, sondern bietet Ihnen als Gast auch einen romantischen Blick auf das freie [&hellip;]","og_url":"https:\/\/duinzoomhoeve.nl\/de\/pipowagen\/","og_site_name":"Camping Duinzoomhoeve - Julianadorp aan Zee","article_modified_time":"2026-03-10T09:37:49+00:00","og_image":[{"width":2560,"height":1707,"url":"https:\/\/duinzoomhoeve.nl\/wp-content\/uploads\/2020\/01\/SAM_9990.jpg","type":"image\/jpeg"}],"twitter_card":"summary_large_image","twitter_misc":{"Gesch\u00e4tzte Lesezeit":"4\u00a0Minuten"},"schema":{"@context":"https:\/\/schema.org","@graph":[{"@type":"WebPage","@id":"https:\/\/duinzoomhoeve.nl\/de\/pipowagen\/","url":"https:\/\/duinzoomhoeve.nl\/de\/pipowagen\/","name":"Pipowagen - Camping Duinzoomhoeve - Julianadorp aan Zee","isPartOf":{"@id":"https:\/\/duinzoomhoeve.nl\/#website"},"primaryImageOfPage":{"@id":"https:\/\/duinzoomhoeve.nl\/de\/pipowagen\/#primaryimage"},"image":{"@id":"https:\/\/duinzoomhoeve.nl\/de\/pipowagen\/#primaryimage"},"thumbnailUrl":"https:\/\/duinzoomhoeve.nl\/wp-content\/uploads\/2020\/01\/SAM_9990.jpg","datePublished":"2020-01-10T08:44:16+00:00","dateModified":"2026-03-10T09:37:49+00:00","breadcrumb":{"@id":"https:\/\/duinzoomhoeve.nl\/de\/pipowagen\/#breadcrumb"},"inLanguage":"de","potentialAction":[{"@type":"ReadAction","target":["https:\/\/duinzoomhoeve.nl\/de\/pipowagen\/"]}]},{"@type":"ImageObject","inLanguage":"de","@id":"https:\/\/duinzoomhoeve.nl\/de\/pipowagen\/#primaryimage","url":"https:\/\/duinzoomhoeve.nl\/wp-content\/uploads\/2020\/01\/SAM_9990.jpg","contentUrl":"https:\/\/duinzoomhoeve.nl\/wp-content\/uploads\/2020\/01\/SAM_9990.jpg","width":2560,"height":1707},{"@type":"BreadcrumbList","@id":"https:\/\/duinzoomhoeve.nl\/de\/pipowagen\/#breadcrumb","itemListElement":[{"@type":"ListItem","position":1,"name":"Home","item":"https:\/\/duinzoomhoeve.nl\/de\/"},{"@type":"ListItem","position":2,"name":"Pipowagen"}]},{"@type":"WebSite","@id":"https:\/\/duinzoomhoeve.nl\/#website","url":"https:\/\/duinzoomhoeve.nl\/","name":"Camping Duinzoomhoeve - Julianadorp aan Zee","description":"Midden tussen de bollenvelden, op nog geen 400 meter van duin en strand ligt luxe boeren camping Duinzoomhoeve.","potentialAction":[{"@type":"SearchAction","target":{"@type":"EntryPoint","urlTemplate":"https:\/\/duinzoomhoeve.nl\/?s={search_term_string}"},"query-input":{"@type":"PropertyValueSpecification","valueRequired":true,"valueName":"search_term_string"}}],"inLanguage":"de"}]}},"_links":{"self":[{"href":"https:\/\/duinzoomhoeve.nl\/de\/wp-json\/wp\/v2\/pages\/604","targetHints":{"allow":["GET"]}}],"collection":[{"href":"https:\/\/duinzoomhoeve.nl\/de\/wp-json\/wp\/v2\/pages"}],"about":[{"href":"https:\/\/duinzoomhoeve.nl\/de\/wp-json\/wp\/v2\/types\/page"}],"author":[{"embeddable":true,"href":"https:\/\/duinzoomhoeve.nl\/de\/wp-json\/wp\/v2\/users\/1"}],"replies":[{"embeddable":true,"href":"https:\/\/duinzoomhoeve.nl\/de\/wp-json\/wp\/v2\/comments?post=604"}],"version-history":[{"count":21,"href":"https:\/\/duinzoomhoeve.nl\/de\/wp-json\/wp\/v2\/pages\/604\/revisions"}],"predecessor-version":[{"id":5316,"href":"https:\/\/duinzoomhoeve.nl\/de\/wp-json\/wp\/v2\/pages\/604\/revisions\/5316"}],"wp:featuredmedia":[{"embeddable":true,"href":"https:\/\/duinzoomhoeve.nl\/de\/wp-json\/wp\/v2\/media\/1592"}],"wp:attachment":[{"href":"https:\/\/duinzoomhoeve.nl\/de\/wp-json\/wp\/v2\/media?parent=604"}],"curies":[{"name":"wp","href":"https:\/\/api.w.org\/{rel}","templated":true}]}}