{"id":602,"date":"2020-01-10T09:43:54","date_gmt":"2020-01-10T08:43:54","guid":{"rendered":"https:\/\/duinzoomhoeve.nl\/?page_id=602"},"modified":"2023-01-23T10:23:15","modified_gmt":"2023-01-23T09:23:15","slug":"heuberghuetten","status":"publish","type":"page","link":"https:\/\/duinzoomhoeve.nl\/de\/heuberghuetten\/","title":{"rendered":"Heubergh\u00fctten"},"content":{"rendered":"<p>Genie\u00dfen Sie das Bauernleben in einer Heubergh\u00fctte: der idealen Ausgangsbasis, um w\u00e4hrend langer Wanderungen und herrlichen Radtouren das Land zu entdecken. Unsere 4 Heubergh\u00fctten sind echte Hotelzimmer auf einem Bauernhof. In einer <a href=\"http:\/\/www.hooiberghutten.nl\/\" target=\"_blank\" rel=\"noopener noreferrer\">Heubergh\u00fctte<\/a> zu schlafen ist, verglichen mit einem Ferienhaus, preiswert und doch komfortabel. Vollst\u00e4ndig eingerichtet, inklusive Toilette und Picknicktisch. Unsere Heubergh\u00fctten wurden mit rotem oder blauen &#8222;Bauernpelz&#8220; gem\u00fctlich eingerichtet. Die H\u00fctten bieten f\u00fcr 4-5 Personen Platz. Duschen, Abwaschgelegenheiten und Waschmaschine des Campingplatzes k\u00f6nnen genutzt werden.<\/p>\n<p>Innerhalb der Woche k\u00f6nnen die Heubergh\u00fctten f\u00fcr 2 N\u00e4chte (Minimum) gebucht werden. An den Wochenenden werden diese von Freitag-Montag vermietet. Last minute ist es auch m\u00f6glich, nur eine Nacht zu buchen, falls etwas verf\u00fcgbar ist. Anreise ab 15.00 Uhr. Abreise vor 11.00 Uhr. Im Wochenendarrangement wird standardm\u00e4\u00dfig ein Rabatt f\u00fcr den Fall eingerechnet, dass Sie eher abreisen m\u00f6chten. (das gilt nicht f\u00fcr die Hochsaison)<\/p>\n","protected":false},"excerpt":{"rendered":"<p>Genie\u00dfen Sie das Bauernleben in einer Heubergh\u00fctte: der idealen Ausgangsbasis, um w\u00e4hrend langer Wanderungen und herrlichen Radtouren das Land zu entdecken. Unsere 4 Heubergh\u00fctten sind echte Hotelzimmer auf einem Bauernhof. In einer Heubergh\u00fctte zu schlafen ist, verglichen mit einem Ferienhaus, preiswert und doch komfortabel. Vollst\u00e4ndig eingerichtet, inklusive Toilette und Picknicktisch. Unsere Heubergh\u00fctten wurden mit rotem [&hellip;]<\/p>\n","protected":false},"author":1,"featured_media":1982,"parent":0,"menu_order":83,"comment_status":"closed","ping_status":"closed","template":"","meta":{"_acf_changed":false,"footnotes":""},"class_list":["post-602","page","type-page","status-publish","has-post-thumbnail","hentry"],"acf":[],"yoast_head":"<!-- This site is optimized with the Yoast SEO plugin v27.4 - https:\/\/yoast.com\/product\/yoast-seo-wordpress\/ -->\n<title>Heubergh\u00fctten - Camping Duinzoomhoeve - Julianadorp aan Zee<\/title>\n<meta name=\"robots\" content=\"index, follow, max-snippet:-1, max-image-preview:large, max-video-preview:-1\" \/>\n<link rel=\"canonical\" href=\"https:\/\/duinzoomhoeve.nl\/de\/heuberghuetten\/\" \/>\n<meta property=\"og:locale\" content=\"de_DE\" \/>\n<meta property=\"og:type\" content=\"article\" \/>\n<meta property=\"og:title\" content=\"Heubergh\u00fctten - Camping Duinzoomhoeve - Julianadorp aan Zee\" \/>\n<meta property=\"og:description\" content=\"Genie\u00dfen Sie das Bauernleben in einer Heubergh\u00fctte: der idealen Ausgangsbasis, um w\u00e4hrend langer Wanderungen und herrlichen Radtouren das Land zu entdecken. Unsere 4 Heubergh\u00fctten sind echte Hotelzimmer auf einem Bauernhof. In einer Heubergh\u00fctte zu schlafen ist, verglichen mit einem Ferienhaus, preiswert und doch komfortabel. Vollst\u00e4ndig eingerichtet, inklusive Toilette und Picknicktisch. Unsere Heubergh\u00fctten wurden mit rotem [&hellip;]\" \/>\n<meta property=\"og:url\" content=\"https:\/\/duinzoomhoeve.nl\/de\/heuberghuetten\/\" \/>\n<meta property=\"og:site_name\" content=\"Camping Duinzoomhoeve - Julianadorp aan Zee\" \/>\n<meta property=\"article:modified_time\" content=\"2023-01-23T09:23:15+00:00\" \/>\n<meta property=\"og:image\" content=\"https:\/\/duinzoomhoeve.nl\/wp-content\/uploads\/2020\/01\/IMG_2633-1-e1580920151455.jpg\" \/>\n\t<meta property=\"og:image:width\" content=\"3151\" \/>\n\t<meta property=\"og:image:height\" content=\"1181\" \/>\n\t<meta property=\"og:image:type\" content=\"image\/jpeg\" \/>\n<meta name=\"twitter:card\" content=\"summary_large_image\" \/>\n<meta name=\"twitter:label1\" content=\"Gesch\u00e4tzte Lesezeit\" \/>\n\t<meta name=\"twitter:data1\" content=\"1\u00a0Minute\" \/>\n<script type=\"application\/ld+json\" class=\"yoast-schema-graph\">{\"@context\":\"https:\\\/\\\/schema.org\",\"@graph\":[{\"@type\":\"WebPage\",\"@id\":\"https:\\\/\\\/duinzoomhoeve.nl\\\/de\\\/heuberghuetten\\\/\",\"url\":\"https:\\\/\\\/duinzoomhoeve.nl\\\/de\\\/heuberghuetten\\\/\",\"name\":\"Heubergh\u00fctten - Camping Duinzoomhoeve - Julianadorp aan Zee\",\"isPartOf\":{\"@id\":\"https:\\\/\\\/duinzoomhoeve.nl\\\/#website\"},\"primaryImageOfPage\":{\"@id\":\"https:\\\/\\\/duinzoomhoeve.nl\\\/de\\\/heuberghuetten\\\/#primaryimage\"},\"image\":{\"@id\":\"https:\\\/\\\/duinzoomhoeve.nl\\\/de\\\/heuberghuetten\\\/#primaryimage\"},\"thumbnailUrl\":\"https:\\\/\\\/duinzoomhoeve.nl\\\/wp-content\\\/uploads\\\/2020\\\/01\\\/IMG_2633-1-e1580920151455.jpg\",\"datePublished\":\"2020-01-10T08:43:54+00:00\",\"dateModified\":\"2023-01-23T09:23:15+00:00\",\"breadcrumb\":{\"@id\":\"https:\\\/\\\/duinzoomhoeve.nl\\\/de\\\/heuberghuetten\\\/#breadcrumb\"},\"inLanguage\":\"de\",\"potentialAction\":[{\"@type\":\"ReadAction\",\"target\":[\"https:\\\/\\\/duinzoomhoeve.nl\\\/de\\\/heuberghuetten\\\/\"]}]},{\"@type\":\"ImageObject\",\"inLanguage\":\"de\",\"@id\":\"https:\\\/\\\/duinzoomhoeve.nl\\\/de\\\/heuberghuetten\\\/#primaryimage\",\"url\":\"https:\\\/\\\/duinzoomhoeve.nl\\\/wp-content\\\/uploads\\\/2020\\\/01\\\/IMG_2633-1-e1580920151455.jpg\",\"contentUrl\":\"https:\\\/\\\/duinzoomhoeve.nl\\\/wp-content\\\/uploads\\\/2020\\\/01\\\/IMG_2633-1-e1580920151455.jpg\",\"width\":3151,\"height\":1181},{\"@type\":\"BreadcrumbList\",\"@id\":\"https:\\\/\\\/duinzoomhoeve.nl\\\/de\\\/heuberghuetten\\\/#breadcrumb\",\"itemListElement\":[{\"@type\":\"ListItem\",\"position\":1,\"name\":\"Home\",\"item\":\"https:\\\/\\\/duinzoomhoeve.nl\\\/de\\\/\"},{\"@type\":\"ListItem\",\"position\":2,\"name\":\"Heubergh\u00fctten\"}]},{\"@type\":\"WebSite\",\"@id\":\"https:\\\/\\\/duinzoomhoeve.nl\\\/#website\",\"url\":\"https:\\\/\\\/duinzoomhoeve.nl\\\/\",\"name\":\"Camping Duinzoomhoeve - Julianadorp aan Zee\",\"description\":\"Midden tussen de bollenvelden, op nog geen 400 meter van duin en strand ligt luxe boeren camping Duinzoomhoeve.\",\"potentialAction\":[{\"@type\":\"SearchAction\",\"target\":{\"@type\":\"EntryPoint\",\"urlTemplate\":\"https:\\\/\\\/duinzoomhoeve.nl\\\/?s={search_term_string}\"},\"query-input\":{\"@type\":\"PropertyValueSpecification\",\"valueRequired\":true,\"valueName\":\"search_term_string\"}}],\"inLanguage\":\"de\"}]}<\/script>\n<!-- \/ Yoast SEO plugin. -->","yoast_head_json":{"title":"Heubergh\u00fctten - Camping Duinzoomhoeve - Julianadorp aan Zee","robots":{"index":"index","follow":"follow","max-snippet":"max-snippet:-1","max-image-preview":"max-image-preview:large","max-video-preview":"max-video-preview:-1"},"canonical":"https:\/\/duinzoomhoeve.nl\/de\/heuberghuetten\/","og_locale":"de_DE","og_type":"article","og_title":"Heubergh\u00fctten - Camping Duinzoomhoeve - Julianadorp aan Zee","og_description":"Genie\u00dfen Sie das Bauernleben in einer Heubergh\u00fctte: der idealen Ausgangsbasis, um w\u00e4hrend langer Wanderungen und herrlichen Radtouren das Land zu entdecken. Unsere 4 Heubergh\u00fctten sind echte Hotelzimmer auf einem Bauernhof. In einer Heubergh\u00fctte zu schlafen ist, verglichen mit einem Ferienhaus, preiswert und doch komfortabel. Vollst\u00e4ndig eingerichtet, inklusive Toilette und Picknicktisch. Unsere Heubergh\u00fctten wurden mit rotem [&hellip;]","og_url":"https:\/\/duinzoomhoeve.nl\/de\/heuberghuetten\/","og_site_name":"Camping Duinzoomhoeve - Julianadorp aan Zee","article_modified_time":"2023-01-23T09:23:15+00:00","og_image":[{"width":3151,"height":1181,"url":"https:\/\/duinzoomhoeve.nl\/wp-content\/uploads\/2020\/01\/IMG_2633-1-e1580920151455.jpg","type":"image\/jpeg"}],"twitter_card":"summary_large_image","twitter_misc":{"Gesch\u00e4tzte Lesezeit":"1\u00a0Minute"},"schema":{"@context":"https:\/\/schema.org","@graph":[{"@type":"WebPage","@id":"https:\/\/duinzoomhoeve.nl\/de\/heuberghuetten\/","url":"https:\/\/duinzoomhoeve.nl\/de\/heuberghuetten\/","name":"Heubergh\u00fctten - Camping Duinzoomhoeve - Julianadorp aan Zee","isPartOf":{"@id":"https:\/\/duinzoomhoeve.nl\/#website"},"primaryImageOfPage":{"@id":"https:\/\/duinzoomhoeve.nl\/de\/heuberghuetten\/#primaryimage"},"image":{"@id":"https:\/\/duinzoomhoeve.nl\/de\/heuberghuetten\/#primaryimage"},"thumbnailUrl":"https:\/\/duinzoomhoeve.nl\/wp-content\/uploads\/2020\/01\/IMG_2633-1-e1580920151455.jpg","datePublished":"2020-01-10T08:43:54+00:00","dateModified":"2023-01-23T09:23:15+00:00","breadcrumb":{"@id":"https:\/\/duinzoomhoeve.nl\/de\/heuberghuetten\/#breadcrumb"},"inLanguage":"de","potentialAction":[{"@type":"ReadAction","target":["https:\/\/duinzoomhoeve.nl\/de\/heuberghuetten\/"]}]},{"@type":"ImageObject","inLanguage":"de","@id":"https:\/\/duinzoomhoeve.nl\/de\/heuberghuetten\/#primaryimage","url":"https:\/\/duinzoomhoeve.nl\/wp-content\/uploads\/2020\/01\/IMG_2633-1-e1580920151455.jpg","contentUrl":"https:\/\/duinzoomhoeve.nl\/wp-content\/uploads\/2020\/01\/IMG_2633-1-e1580920151455.jpg","width":3151,"height":1181},{"@type":"BreadcrumbList","@id":"https:\/\/duinzoomhoeve.nl\/de\/heuberghuetten\/#breadcrumb","itemListElement":[{"@type":"ListItem","position":1,"name":"Home","item":"https:\/\/duinzoomhoeve.nl\/de\/"},{"@type":"ListItem","position":2,"name":"Heubergh\u00fctten"}]},{"@type":"WebSite","@id":"https:\/\/duinzoomhoeve.nl\/#website","url":"https:\/\/duinzoomhoeve.nl\/","name":"Camping Duinzoomhoeve - Julianadorp aan Zee","description":"Midden tussen de bollenvelden, op nog geen 400 meter van duin en strand ligt luxe boeren camping Duinzoomhoeve.","potentialAction":[{"@type":"SearchAction","target":{"@type":"EntryPoint","urlTemplate":"https:\/\/duinzoomhoeve.nl\/?s={search_term_string}"},"query-input":{"@type":"PropertyValueSpecification","valueRequired":true,"valueName":"search_term_string"}}],"inLanguage":"de"}]}},"_links":{"self":[{"href":"https:\/\/duinzoomhoeve.nl\/de\/wp-json\/wp\/v2\/pages\/602","targetHints":{"allow":["GET"]}}],"collection":[{"href":"https:\/\/duinzoomhoeve.nl\/de\/wp-json\/wp\/v2\/pages"}],"about":[{"href":"https:\/\/duinzoomhoeve.nl\/de\/wp-json\/wp\/v2\/types\/page"}],"author":[{"embeddable":true,"href":"https:\/\/duinzoomhoeve.nl\/de\/wp-json\/wp\/v2\/users\/1"}],"replies":[{"embeddable":true,"href":"https:\/\/duinzoomhoeve.nl\/de\/wp-json\/wp\/v2\/comments?post=602"}],"version-history":[{"count":18,"href":"https:\/\/duinzoomhoeve.nl\/de\/wp-json\/wp\/v2\/pages\/602\/revisions"}],"predecessor-version":[{"id":4097,"href":"https:\/\/duinzoomhoeve.nl\/de\/wp-json\/wp\/v2\/pages\/602\/revisions\/4097"}],"wp:featuredmedia":[{"embeddable":true,"href":"https:\/\/duinzoomhoeve.nl\/de\/wp-json\/wp\/v2\/media\/1982"}],"wp:attachment":[{"href":"https:\/\/duinzoomhoeve.nl\/de\/wp-json\/wp\/v2\/media?parent=602"}],"curies":[{"name":"wp","href":"https:\/\/api.w.org\/{rel}","templated":true}]}}