{"id":600,"date":"2020-01-10T09:43:33","date_gmt":"2020-01-10T08:43:33","guid":{"rendered":"https:\/\/duinzoomhoeve.nl\/?page_id=600"},"modified":"2025-03-17T22:33:03","modified_gmt":"2025-03-17T21:33:03","slug":"komfortplaetze-mit-privatem-sanitaer","status":"publish","type":"page","link":"https:\/\/duinzoomhoeve.nl\/de\/komfortplaetze-mit-privatem-sanitaer\/","title":{"rendered":"Komfortpl\u00e4tze mit privatem Sanit\u00e4r"},"content":{"rendered":"<p>Campen beim Bauern mit Komfort und Privatsph\u00e4re? Unsere neuen Komfortpl\u00e4tze liegen im Windschatten und haben privates Sanit\u00e4r. Sch\u00f6n in der N\u00e4he, keine Wartezeiten und ihre eigenen Duschsachen immer zur Hand. Die Komfortpl\u00e4tze mit privatem Sanit\u00e4r sind inklusive:<\/p>\n<ul>\n<li>Dusche (ohne M\u00fcnzen)<\/li>\n<li>Toilette inklusive Toilettenpapier<\/li>\n<li>Waschbecken mit Warmwasser, auch zum Abwaschen<\/li>\n<li>Beheizt und mit Handtuchheizk\u00f6rper<\/li>\n<li>Spiegel und Ablage<\/li>\n<li>Au\u00dfenhahn<\/li>\n<li>Elektro-Anschluss (inbegriffen)<\/li>\n<li>Die Stellpl\u00e4tze sind 5 mal 5 Meter gro\u00df und liegen auf einem gepflasterten Plateau.<\/li>\n<\/ul>\n","protected":false},"excerpt":{"rendered":"<p>Campen beim Bauern mit Komfort und Privatsph\u00e4re? Unsere neuen Komfortpl\u00e4tze liegen im Windschatten und haben privates Sanit\u00e4r. Sch\u00f6n in der N\u00e4he, keine Wartezeiten und ihre eigenen Duschsachen immer zur Hand. Die Komfortpl\u00e4tze mit privatem Sanit\u00e4r sind inklusive: Dusche (ohne M\u00fcnzen) Toilette inklusive Toilettenpapier Waschbecken mit Warmwasser, auch zum Abwaschen Beheizt und mit Handtuchheizk\u00f6rper Spiegel und [&hellip;]<\/p>\n","protected":false},"author":1,"featured_media":0,"parent":0,"menu_order":79,"comment_status":"closed","ping_status":"closed","template":"","meta":{"_acf_changed":false,"footnotes":""},"class_list":["post-600","page","type-page","status-publish","hentry"],"acf":[],"yoast_head":"<!-- This site is optimized with the Yoast SEO plugin v27.3 - https:\/\/yoast.com\/product\/yoast-seo-wordpress\/ -->\n<title>Komfortpl\u00e4tze mit privatem Sanit\u00e4r - Camping Duinzoomhoeve - Julianadorp aan Zee<\/title>\n<meta name=\"robots\" content=\"index, follow, max-snippet:-1, max-image-preview:large, max-video-preview:-1\" \/>\n<link rel=\"canonical\" href=\"https:\/\/duinzoomhoeve.nl\/de\/komfortplaetze-mit-privatem-sanitaer\/\" \/>\n<meta property=\"og:locale\" content=\"de_DE\" \/>\n<meta property=\"og:type\" content=\"article\" \/>\n<meta property=\"og:title\" content=\"Komfortpl\u00e4tze mit privatem Sanit\u00e4r - Camping Duinzoomhoeve - Julianadorp aan Zee\" \/>\n<meta property=\"og:description\" content=\"Campen beim Bauern mit Komfort und Privatsph\u00e4re? Unsere neuen Komfortpl\u00e4tze liegen im Windschatten und haben privates Sanit\u00e4r. Sch\u00f6n in der N\u00e4he, keine Wartezeiten und ihre eigenen Duschsachen immer zur Hand. Die Komfortpl\u00e4tze mit privatem Sanit\u00e4r sind inklusive: Dusche (ohne M\u00fcnzen) Toilette inklusive Toilettenpapier Waschbecken mit Warmwasser, auch zum Abwaschen Beheizt und mit Handtuchheizk\u00f6rper Spiegel und [&hellip;]\" \/>\n<meta property=\"og:url\" content=\"https:\/\/duinzoomhoeve.nl\/de\/komfortplaetze-mit-privatem-sanitaer\/\" \/>\n<meta property=\"og:site_name\" content=\"Camping Duinzoomhoeve - Julianadorp aan Zee\" \/>\n<meta property=\"article:modified_time\" content=\"2025-03-17T21:33:03+00:00\" \/>\n<meta name=\"twitter:card\" content=\"summary_large_image\" \/>\n<meta name=\"twitter:label1\" content=\"Gesch\u00e4tzte Lesezeit\" \/>\n\t<meta name=\"twitter:data1\" content=\"6\u00a0Minuten\" \/>\n<script type=\"application\/ld+json\" class=\"yoast-schema-graph\">{\"@context\":\"https:\\\/\\\/schema.org\",\"@graph\":[{\"@type\":\"WebPage\",\"@id\":\"https:\\\/\\\/duinzoomhoeve.nl\\\/de\\\/komfortplaetze-mit-privatem-sanitaer\\\/\",\"url\":\"https:\\\/\\\/duinzoomhoeve.nl\\\/de\\\/komfortplaetze-mit-privatem-sanitaer\\\/\",\"name\":\"Komfortpl\u00e4tze mit privatem Sanit\u00e4r - Camping Duinzoomhoeve - Julianadorp aan Zee\",\"isPartOf\":{\"@id\":\"https:\\\/\\\/duinzoomhoeve.nl\\\/#website\"},\"datePublished\":\"2020-01-10T08:43:33+00:00\",\"dateModified\":\"2025-03-17T21:33:03+00:00\",\"breadcrumb\":{\"@id\":\"https:\\\/\\\/duinzoomhoeve.nl\\\/de\\\/komfortplaetze-mit-privatem-sanitaer\\\/#breadcrumb\"},\"inLanguage\":\"de\",\"potentialAction\":[{\"@type\":\"ReadAction\",\"target\":[\"https:\\\/\\\/duinzoomhoeve.nl\\\/de\\\/komfortplaetze-mit-privatem-sanitaer\\\/\"]}]},{\"@type\":\"BreadcrumbList\",\"@id\":\"https:\\\/\\\/duinzoomhoeve.nl\\\/de\\\/komfortplaetze-mit-privatem-sanitaer\\\/#breadcrumb\",\"itemListElement\":[{\"@type\":\"ListItem\",\"position\":1,\"name\":\"Home\",\"item\":\"https:\\\/\\\/duinzoomhoeve.nl\\\/de\\\/\"},{\"@type\":\"ListItem\",\"position\":2,\"name\":\"Komfortpl\u00e4tze mit privatem Sanit\u00e4r\"}]},{\"@type\":\"WebSite\",\"@id\":\"https:\\\/\\\/duinzoomhoeve.nl\\\/#website\",\"url\":\"https:\\\/\\\/duinzoomhoeve.nl\\\/\",\"name\":\"Camping Duinzoomhoeve - Julianadorp aan Zee\",\"description\":\"Midden tussen de bollenvelden, op nog geen 400 meter van duin en strand ligt luxe boeren camping Duinzoomhoeve.\",\"potentialAction\":[{\"@type\":\"SearchAction\",\"target\":{\"@type\":\"EntryPoint\",\"urlTemplate\":\"https:\\\/\\\/duinzoomhoeve.nl\\\/?s={search_term_string}\"},\"query-input\":{\"@type\":\"PropertyValueSpecification\",\"valueRequired\":true,\"valueName\":\"search_term_string\"}}],\"inLanguage\":\"de\"}]}<\/script>\n<!-- \/ Yoast SEO plugin. -->","yoast_head_json":{"title":"Komfortpl\u00e4tze mit privatem Sanit\u00e4r - Camping Duinzoomhoeve - Julianadorp aan Zee","robots":{"index":"index","follow":"follow","max-snippet":"max-snippet:-1","max-image-preview":"max-image-preview:large","max-video-preview":"max-video-preview:-1"},"canonical":"https:\/\/duinzoomhoeve.nl\/de\/komfortplaetze-mit-privatem-sanitaer\/","og_locale":"de_DE","og_type":"article","og_title":"Komfortpl\u00e4tze mit privatem Sanit\u00e4r - Camping Duinzoomhoeve - Julianadorp aan Zee","og_description":"Campen beim Bauern mit Komfort und Privatsph\u00e4re? Unsere neuen Komfortpl\u00e4tze liegen im Windschatten und haben privates Sanit\u00e4r. Sch\u00f6n in der N\u00e4he, keine Wartezeiten und ihre eigenen Duschsachen immer zur Hand. Die Komfortpl\u00e4tze mit privatem Sanit\u00e4r sind inklusive: Dusche (ohne M\u00fcnzen) Toilette inklusive Toilettenpapier Waschbecken mit Warmwasser, auch zum Abwaschen Beheizt und mit Handtuchheizk\u00f6rper Spiegel und [&hellip;]","og_url":"https:\/\/duinzoomhoeve.nl\/de\/komfortplaetze-mit-privatem-sanitaer\/","og_site_name":"Camping Duinzoomhoeve - Julianadorp aan Zee","article_modified_time":"2025-03-17T21:33:03+00:00","twitter_card":"summary_large_image","twitter_misc":{"Gesch\u00e4tzte Lesezeit":"6\u00a0Minuten"},"schema":{"@context":"https:\/\/schema.org","@graph":[{"@type":"WebPage","@id":"https:\/\/duinzoomhoeve.nl\/de\/komfortplaetze-mit-privatem-sanitaer\/","url":"https:\/\/duinzoomhoeve.nl\/de\/komfortplaetze-mit-privatem-sanitaer\/","name":"Komfortpl\u00e4tze mit privatem Sanit\u00e4r - Camping Duinzoomhoeve - Julianadorp aan Zee","isPartOf":{"@id":"https:\/\/duinzoomhoeve.nl\/#website"},"datePublished":"2020-01-10T08:43:33+00:00","dateModified":"2025-03-17T21:33:03+00:00","breadcrumb":{"@id":"https:\/\/duinzoomhoeve.nl\/de\/komfortplaetze-mit-privatem-sanitaer\/#breadcrumb"},"inLanguage":"de","potentialAction":[{"@type":"ReadAction","target":["https:\/\/duinzoomhoeve.nl\/de\/komfortplaetze-mit-privatem-sanitaer\/"]}]},{"@type":"BreadcrumbList","@id":"https:\/\/duinzoomhoeve.nl\/de\/komfortplaetze-mit-privatem-sanitaer\/#breadcrumb","itemListElement":[{"@type":"ListItem","position":1,"name":"Home","item":"https:\/\/duinzoomhoeve.nl\/de\/"},{"@type":"ListItem","position":2,"name":"Komfortpl\u00e4tze mit privatem Sanit\u00e4r"}]},{"@type":"WebSite","@id":"https:\/\/duinzoomhoeve.nl\/#website","url":"https:\/\/duinzoomhoeve.nl\/","name":"Camping Duinzoomhoeve - Julianadorp aan Zee","description":"Midden tussen de bollenvelden, op nog geen 400 meter van duin en strand ligt luxe boeren camping Duinzoomhoeve.","potentialAction":[{"@type":"SearchAction","target":{"@type":"EntryPoint","urlTemplate":"https:\/\/duinzoomhoeve.nl\/?s={search_term_string}"},"query-input":{"@type":"PropertyValueSpecification","valueRequired":true,"valueName":"search_term_string"}}],"inLanguage":"de"}]}},"_links":{"self":[{"href":"https:\/\/duinzoomhoeve.nl\/de\/wp-json\/wp\/v2\/pages\/600","targetHints":{"allow":["GET"]}}],"collection":[{"href":"https:\/\/duinzoomhoeve.nl\/de\/wp-json\/wp\/v2\/pages"}],"about":[{"href":"https:\/\/duinzoomhoeve.nl\/de\/wp-json\/wp\/v2\/types\/page"}],"author":[{"embeddable":true,"href":"https:\/\/duinzoomhoeve.nl\/de\/wp-json\/wp\/v2\/users\/1"}],"replies":[{"embeddable":true,"href":"https:\/\/duinzoomhoeve.nl\/de\/wp-json\/wp\/v2\/comments?post=600"}],"version-history":[{"count":24,"href":"https:\/\/duinzoomhoeve.nl\/de\/wp-json\/wp\/v2\/pages\/600\/revisions"}],"predecessor-version":[{"id":5091,"href":"https:\/\/duinzoomhoeve.nl\/de\/wp-json\/wp\/v2\/pages\/600\/revisions\/5091"}],"wp:attachment":[{"href":"https:\/\/duinzoomhoeve.nl\/de\/wp-json\/wp\/v2\/media?parent=600"}],"curies":[{"name":"wp","href":"https:\/\/api.w.org\/{rel}","templated":true}]}}