{"id":598,"date":"2020-01-10T09:43:03","date_gmt":"2020-01-10T08:43:03","guid":{"rendered":"https:\/\/duinzoomhoeve.nl\/?page_id=598"},"modified":"2026-04-09T09:52:02","modified_gmt":"2026-04-09T07:52:02","slug":"campingplatz","status":"publish","type":"page","link":"https:\/\/duinzoomhoeve.nl\/de\/campingplatz\/","title":{"rendered":"Campingplatz"},"content":{"rendered":"<p>Bei der Duinzoomhoeve campen Sie zwischen den Blumenzwiebelfeldern, ganz in der N\u00e4he von D\u00fcnen und Strand. Der Campingplatz verf\u00fcgt \u00fcber drei\u00dfig Campingpl\u00e4tze sowie \u00fcber einen speziellen Parkplatz f\u00fcr Ihr Auto, damit der Campingplatz autofrei und kinderfreundlich bleibt. Der Strand befindet sich nur ein paar Gehminuten entfernt.<\/p>\n","protected":false},"excerpt":{"rendered":"<p>Bei der Duinzoomhoeve campen Sie zwischen den Blumenzwiebelfeldern, ganz in der N\u00e4he von D\u00fcnen und Strand. Der Campingplatz verf\u00fcgt \u00fcber drei\u00dfig Campingpl\u00e4tze sowie \u00fcber einen speziellen Parkplatz f\u00fcr Ihr Auto, damit der Campingplatz autofrei und kinderfreundlich bleibt. Der Strand befindet sich nur ein paar Gehminuten entfernt.<\/p>\n","protected":false},"author":1,"featured_media":0,"parent":0,"menu_order":76,"comment_status":"closed","ping_status":"closed","template":"","meta":{"_acf_changed":false,"footnotes":""},"class_list":["post-598","page","type-page","status-publish","hentry"],"acf":[],"yoast_head":"<!-- This site is optimized with the Yoast SEO plugin v27.4 - https:\/\/yoast.com\/product\/yoast-seo-wordpress\/ -->\n<title>Campingplatz - Camping Duinzoomhoeve - Julianadorp aan Zee<\/title>\n<meta name=\"robots\" content=\"index, follow, max-snippet:-1, max-image-preview:large, max-video-preview:-1\" \/>\n<link rel=\"canonical\" href=\"https:\/\/duinzoomhoeve.nl\/de\/campingplatz\/\" \/>\n<meta property=\"og:locale\" content=\"de_DE\" \/>\n<meta property=\"og:type\" content=\"article\" \/>\n<meta property=\"og:title\" content=\"Campingplatz - Camping Duinzoomhoeve - Julianadorp aan Zee\" \/>\n<meta property=\"og:description\" content=\"Bei der Duinzoomhoeve campen Sie zwischen den Blumenzwiebelfeldern, ganz in der N\u00e4he von D\u00fcnen und Strand. Der Campingplatz verf\u00fcgt \u00fcber drei\u00dfig Campingpl\u00e4tze sowie \u00fcber einen speziellen Parkplatz f\u00fcr Ihr Auto, damit der Campingplatz autofrei und kinderfreundlich bleibt. Der Strand befindet sich nur ein paar Gehminuten entfernt.\" \/>\n<meta property=\"og:url\" content=\"https:\/\/duinzoomhoeve.nl\/de\/campingplatz\/\" \/>\n<meta property=\"og:site_name\" content=\"Camping Duinzoomhoeve - Julianadorp aan Zee\" \/>\n<meta property=\"article:modified_time\" content=\"2026-04-09T07:52:02+00:00\" \/>\n<meta name=\"twitter:card\" content=\"summary_large_image\" \/>\n<meta name=\"twitter:label1\" content=\"Gesch\u00e4tzte Lesezeit\" \/>\n\t<meta name=\"twitter:data1\" content=\"8\u00a0Minuten\" \/>\n<script type=\"application\/ld+json\" class=\"yoast-schema-graph\">{\"@context\":\"https:\\\/\\\/schema.org\",\"@graph\":[{\"@type\":\"WebPage\",\"@id\":\"https:\\\/\\\/duinzoomhoeve.nl\\\/de\\\/campingplatz\\\/\",\"url\":\"https:\\\/\\\/duinzoomhoeve.nl\\\/de\\\/campingplatz\\\/\",\"name\":\"Campingplatz - Camping Duinzoomhoeve - Julianadorp aan Zee\",\"isPartOf\":{\"@id\":\"https:\\\/\\\/duinzoomhoeve.nl\\\/#website\"},\"datePublished\":\"2020-01-10T08:43:03+00:00\",\"dateModified\":\"2026-04-09T07:52:02+00:00\",\"breadcrumb\":{\"@id\":\"https:\\\/\\\/duinzoomhoeve.nl\\\/de\\\/campingplatz\\\/#breadcrumb\"},\"inLanguage\":\"de\",\"potentialAction\":[{\"@type\":\"ReadAction\",\"target\":[\"https:\\\/\\\/duinzoomhoeve.nl\\\/de\\\/campingplatz\\\/\"]}]},{\"@type\":\"BreadcrumbList\",\"@id\":\"https:\\\/\\\/duinzoomhoeve.nl\\\/de\\\/campingplatz\\\/#breadcrumb\",\"itemListElement\":[{\"@type\":\"ListItem\",\"position\":1,\"name\":\"Home\",\"item\":\"https:\\\/\\\/duinzoomhoeve.nl\\\/de\\\/\"},{\"@type\":\"ListItem\",\"position\":2,\"name\":\"Campingplatz\"}]},{\"@type\":\"WebSite\",\"@id\":\"https:\\\/\\\/duinzoomhoeve.nl\\\/#website\",\"url\":\"https:\\\/\\\/duinzoomhoeve.nl\\\/\",\"name\":\"Camping Duinzoomhoeve - Julianadorp aan Zee\",\"description\":\"Midden tussen de bollenvelden, op nog geen 400 meter van duin en strand ligt luxe boeren camping Duinzoomhoeve.\",\"potentialAction\":[{\"@type\":\"SearchAction\",\"target\":{\"@type\":\"EntryPoint\",\"urlTemplate\":\"https:\\\/\\\/duinzoomhoeve.nl\\\/?s={search_term_string}\"},\"query-input\":{\"@type\":\"PropertyValueSpecification\",\"valueRequired\":true,\"valueName\":\"search_term_string\"}}],\"inLanguage\":\"de\"}]}<\/script>\n<!-- \/ Yoast SEO plugin. -->","yoast_head_json":{"title":"Campingplatz - Camping Duinzoomhoeve - Julianadorp aan Zee","robots":{"index":"index","follow":"follow","max-snippet":"max-snippet:-1","max-image-preview":"max-image-preview:large","max-video-preview":"max-video-preview:-1"},"canonical":"https:\/\/duinzoomhoeve.nl\/de\/campingplatz\/","og_locale":"de_DE","og_type":"article","og_title":"Campingplatz - Camping Duinzoomhoeve - Julianadorp aan Zee","og_description":"Bei der Duinzoomhoeve campen Sie zwischen den Blumenzwiebelfeldern, ganz in der N\u00e4he von D\u00fcnen und Strand. Der Campingplatz verf\u00fcgt \u00fcber drei\u00dfig Campingpl\u00e4tze sowie \u00fcber einen speziellen Parkplatz f\u00fcr Ihr Auto, damit der Campingplatz autofrei und kinderfreundlich bleibt. Der Strand befindet sich nur ein paar Gehminuten entfernt.","og_url":"https:\/\/duinzoomhoeve.nl\/de\/campingplatz\/","og_site_name":"Camping Duinzoomhoeve - Julianadorp aan Zee","article_modified_time":"2026-04-09T07:52:02+00:00","twitter_card":"summary_large_image","twitter_misc":{"Gesch\u00e4tzte Lesezeit":"8\u00a0Minuten"},"schema":{"@context":"https:\/\/schema.org","@graph":[{"@type":"WebPage","@id":"https:\/\/duinzoomhoeve.nl\/de\/campingplatz\/","url":"https:\/\/duinzoomhoeve.nl\/de\/campingplatz\/","name":"Campingplatz - Camping Duinzoomhoeve - Julianadorp aan Zee","isPartOf":{"@id":"https:\/\/duinzoomhoeve.nl\/#website"},"datePublished":"2020-01-10T08:43:03+00:00","dateModified":"2026-04-09T07:52:02+00:00","breadcrumb":{"@id":"https:\/\/duinzoomhoeve.nl\/de\/campingplatz\/#breadcrumb"},"inLanguage":"de","potentialAction":[{"@type":"ReadAction","target":["https:\/\/duinzoomhoeve.nl\/de\/campingplatz\/"]}]},{"@type":"BreadcrumbList","@id":"https:\/\/duinzoomhoeve.nl\/de\/campingplatz\/#breadcrumb","itemListElement":[{"@type":"ListItem","position":1,"name":"Home","item":"https:\/\/duinzoomhoeve.nl\/de\/"},{"@type":"ListItem","position":2,"name":"Campingplatz"}]},{"@type":"WebSite","@id":"https:\/\/duinzoomhoeve.nl\/#website","url":"https:\/\/duinzoomhoeve.nl\/","name":"Camping Duinzoomhoeve - Julianadorp aan Zee","description":"Midden tussen de bollenvelden, op nog geen 400 meter van duin en strand ligt luxe boeren camping Duinzoomhoeve.","potentialAction":[{"@type":"SearchAction","target":{"@type":"EntryPoint","urlTemplate":"https:\/\/duinzoomhoeve.nl\/?s={search_term_string}"},"query-input":{"@type":"PropertyValueSpecification","valueRequired":true,"valueName":"search_term_string"}}],"inLanguage":"de"}]}},"_links":{"self":[{"href":"https:\/\/duinzoomhoeve.nl\/de\/wp-json\/wp\/v2\/pages\/598","targetHints":{"allow":["GET"]}}],"collection":[{"href":"https:\/\/duinzoomhoeve.nl\/de\/wp-json\/wp\/v2\/pages"}],"about":[{"href":"https:\/\/duinzoomhoeve.nl\/de\/wp-json\/wp\/v2\/types\/page"}],"author":[{"embeddable":true,"href":"https:\/\/duinzoomhoeve.nl\/de\/wp-json\/wp\/v2\/users\/1"}],"replies":[{"embeddable":true,"href":"https:\/\/duinzoomhoeve.nl\/de\/wp-json\/wp\/v2\/comments?post=598"}],"version-history":[{"count":27,"href":"https:\/\/duinzoomhoeve.nl\/de\/wp-json\/wp\/v2\/pages\/598\/revisions"}],"predecessor-version":[{"id":5319,"href":"https:\/\/duinzoomhoeve.nl\/de\/wp-json\/wp\/v2\/pages\/598\/revisions\/5319"}],"wp:attachment":[{"href":"https:\/\/duinzoomhoeve.nl\/de\/wp-json\/wp\/v2\/media?parent=598"}],"curies":[{"name":"wp","href":"https:\/\/api.w.org\/{rel}","templated":true}]}}