{"id":596,"date":"2020-01-10T09:42:41","date_gmt":"2020-01-10T08:42:41","guid":{"rendered":"https:\/\/duinzoomhoeve.nl\/?page_id=596"},"modified":"2023-01-23T10:24:35","modified_gmt":"2023-01-23T09:24:35","slug":"anlagen","status":"publish","type":"page","link":"https:\/\/duinzoomhoeve.nl\/de\/anlagen\/","title":{"rendered":"Anlagen"},"content":{"rendered":"<p>Bei der Duinzoomhoeve sorgen wir gern daf\u00fcr, dass Sie keine Sorgen haben! Schlie\u00dflich sind Sie im Urlaub! Hier unten finden Sie eine \u00dcbersicht dar\u00fcber, was unser Campingplatz so alles zu bieten hat. Haben Sie hierzu spezielle Fragen oder W\u00fcnsche? Die B\u00e4uerin Mary hilft Ihnen mit Vergn\u00fcgen!<\/p>\n","protected":false},"excerpt":{"rendered":"<p>Bei der Duinzoomhoeve sorgen wir gern daf\u00fcr, dass Sie keine Sorgen haben! Schlie\u00dflich sind Sie im Urlaub! Hier unten finden Sie eine \u00dcbersicht dar\u00fcber, was unser Campingplatz so alles zu bieten hat. Haben Sie hierzu spezielle Fragen oder W\u00fcnsche? Die B\u00e4uerin Mary hilft Ihnen mit Vergn\u00fcgen!<\/p>\n","protected":false},"author":1,"featured_media":1997,"parent":0,"menu_order":70,"comment_status":"closed","ping_status":"closed","template":"","meta":{"_acf_changed":false,"footnotes":""},"class_list":["post-596","page","type-page","status-publish","has-post-thumbnail","hentry"],"acf":[],"yoast_head":"<!-- This site is optimized with the Yoast SEO plugin v27.4 - https:\/\/yoast.com\/product\/yoast-seo-wordpress\/ -->\n<title>Anlagen - Camping Duinzoomhoeve - Julianadorp aan Zee<\/title>\n<meta name=\"robots\" content=\"index, follow, max-snippet:-1, max-image-preview:large, max-video-preview:-1\" \/>\n<link rel=\"canonical\" href=\"https:\/\/duinzoomhoeve.nl\/de\/anlagen\/\" \/>\n<meta property=\"og:locale\" content=\"de_DE\" \/>\n<meta property=\"og:type\" content=\"article\" \/>\n<meta property=\"og:title\" content=\"Anlagen - Camping Duinzoomhoeve - Julianadorp aan Zee\" \/>\n<meta property=\"og:description\" content=\"Bei der Duinzoomhoeve sorgen wir gern daf\u00fcr, dass Sie keine Sorgen haben! Schlie\u00dflich sind Sie im Urlaub! Hier unten finden Sie eine \u00dcbersicht dar\u00fcber, was unser Campingplatz so alles zu bieten hat. Haben Sie hierzu spezielle Fragen oder W\u00fcnsche? Die B\u00e4uerin Mary hilft Ihnen mit Vergn\u00fcgen!\" \/>\n<meta property=\"og:url\" content=\"https:\/\/duinzoomhoeve.nl\/de\/anlagen\/\" \/>\n<meta property=\"og:site_name\" content=\"Camping Duinzoomhoeve - Julianadorp aan Zee\" \/>\n<meta property=\"article:modified_time\" content=\"2023-01-23T09:24:35+00:00\" \/>\n<meta property=\"og:image\" content=\"https:\/\/duinzoomhoeve.nl\/wp-content\/uploads\/2020\/01\/SAM_9078-1024x683.jpg\" \/>\n\t<meta property=\"og:image:width\" content=\"1024\" \/>\n\t<meta property=\"og:image:height\" content=\"683\" \/>\n\t<meta property=\"og:image:type\" content=\"image\/jpeg\" \/>\n<meta name=\"twitter:card\" content=\"summary_large_image\" \/>\n<meta name=\"twitter:label1\" content=\"Gesch\u00e4tzte Lesezeit\" \/>\n\t<meta name=\"twitter:data1\" content=\"1\u00a0Minute\" \/>\n<script type=\"application\/ld+json\" class=\"yoast-schema-graph\">{\"@context\":\"https:\\\/\\\/schema.org\",\"@graph\":[{\"@type\":\"WebPage\",\"@id\":\"https:\\\/\\\/duinzoomhoeve.nl\\\/de\\\/anlagen\\\/\",\"url\":\"https:\\\/\\\/duinzoomhoeve.nl\\\/de\\\/anlagen\\\/\",\"name\":\"Anlagen - Camping Duinzoomhoeve - Julianadorp aan Zee\",\"isPartOf\":{\"@id\":\"https:\\\/\\\/duinzoomhoeve.nl\\\/#website\"},\"primaryImageOfPage\":{\"@id\":\"https:\\\/\\\/duinzoomhoeve.nl\\\/de\\\/anlagen\\\/#primaryimage\"},\"image\":{\"@id\":\"https:\\\/\\\/duinzoomhoeve.nl\\\/de\\\/anlagen\\\/#primaryimage\"},\"thumbnailUrl\":\"https:\\\/\\\/duinzoomhoeve.nl\\\/wp-content\\\/uploads\\\/2020\\\/01\\\/SAM_9078.jpg\",\"datePublished\":\"2020-01-10T08:42:41+00:00\",\"dateModified\":\"2023-01-23T09:24:35+00:00\",\"breadcrumb\":{\"@id\":\"https:\\\/\\\/duinzoomhoeve.nl\\\/de\\\/anlagen\\\/#breadcrumb\"},\"inLanguage\":\"de\",\"potentialAction\":[{\"@type\":\"ReadAction\",\"target\":[\"https:\\\/\\\/duinzoomhoeve.nl\\\/de\\\/anlagen\\\/\"]}]},{\"@type\":\"ImageObject\",\"inLanguage\":\"de\",\"@id\":\"https:\\\/\\\/duinzoomhoeve.nl\\\/de\\\/anlagen\\\/#primaryimage\",\"url\":\"https:\\\/\\\/duinzoomhoeve.nl\\\/wp-content\\\/uploads\\\/2020\\\/01\\\/SAM_9078.jpg\",\"contentUrl\":\"https:\\\/\\\/duinzoomhoeve.nl\\\/wp-content\\\/uploads\\\/2020\\\/01\\\/SAM_9078.jpg\",\"width\":2560,\"height\":1707},{\"@type\":\"BreadcrumbList\",\"@id\":\"https:\\\/\\\/duinzoomhoeve.nl\\\/de\\\/anlagen\\\/#breadcrumb\",\"itemListElement\":[{\"@type\":\"ListItem\",\"position\":1,\"name\":\"Home\",\"item\":\"https:\\\/\\\/duinzoomhoeve.nl\\\/de\\\/\"},{\"@type\":\"ListItem\",\"position\":2,\"name\":\"Anlagen\"}]},{\"@type\":\"WebSite\",\"@id\":\"https:\\\/\\\/duinzoomhoeve.nl\\\/#website\",\"url\":\"https:\\\/\\\/duinzoomhoeve.nl\\\/\",\"name\":\"Camping Duinzoomhoeve - Julianadorp aan Zee\",\"description\":\"Midden tussen de bollenvelden, op nog geen 400 meter van duin en strand ligt luxe boeren camping Duinzoomhoeve.\",\"potentialAction\":[{\"@type\":\"SearchAction\",\"target\":{\"@type\":\"EntryPoint\",\"urlTemplate\":\"https:\\\/\\\/duinzoomhoeve.nl\\\/?s={search_term_string}\"},\"query-input\":{\"@type\":\"PropertyValueSpecification\",\"valueRequired\":true,\"valueName\":\"search_term_string\"}}],\"inLanguage\":\"de\"}]}<\/script>\n<!-- \/ Yoast SEO plugin. -->","yoast_head_json":{"title":"Anlagen - Camping Duinzoomhoeve - Julianadorp aan Zee","robots":{"index":"index","follow":"follow","max-snippet":"max-snippet:-1","max-image-preview":"max-image-preview:large","max-video-preview":"max-video-preview:-1"},"canonical":"https:\/\/duinzoomhoeve.nl\/de\/anlagen\/","og_locale":"de_DE","og_type":"article","og_title":"Anlagen - Camping Duinzoomhoeve - Julianadorp aan Zee","og_description":"Bei der Duinzoomhoeve sorgen wir gern daf\u00fcr, dass Sie keine Sorgen haben! Schlie\u00dflich sind Sie im Urlaub! Hier unten finden Sie eine \u00dcbersicht dar\u00fcber, was unser Campingplatz so alles zu bieten hat. Haben Sie hierzu spezielle Fragen oder W\u00fcnsche? Die B\u00e4uerin Mary hilft Ihnen mit Vergn\u00fcgen!","og_url":"https:\/\/duinzoomhoeve.nl\/de\/anlagen\/","og_site_name":"Camping Duinzoomhoeve - Julianadorp aan Zee","article_modified_time":"2023-01-23T09:24:35+00:00","og_image":[{"width":1024,"height":683,"url":"https:\/\/duinzoomhoeve.nl\/wp-content\/uploads\/2020\/01\/SAM_9078-1024x683.jpg","type":"image\/jpeg"}],"twitter_card":"summary_large_image","twitter_misc":{"Gesch\u00e4tzte Lesezeit":"1\u00a0Minute"},"schema":{"@context":"https:\/\/schema.org","@graph":[{"@type":"WebPage","@id":"https:\/\/duinzoomhoeve.nl\/de\/anlagen\/","url":"https:\/\/duinzoomhoeve.nl\/de\/anlagen\/","name":"Anlagen - Camping Duinzoomhoeve - Julianadorp aan Zee","isPartOf":{"@id":"https:\/\/duinzoomhoeve.nl\/#website"},"primaryImageOfPage":{"@id":"https:\/\/duinzoomhoeve.nl\/de\/anlagen\/#primaryimage"},"image":{"@id":"https:\/\/duinzoomhoeve.nl\/de\/anlagen\/#primaryimage"},"thumbnailUrl":"https:\/\/duinzoomhoeve.nl\/wp-content\/uploads\/2020\/01\/SAM_9078.jpg","datePublished":"2020-01-10T08:42:41+00:00","dateModified":"2023-01-23T09:24:35+00:00","breadcrumb":{"@id":"https:\/\/duinzoomhoeve.nl\/de\/anlagen\/#breadcrumb"},"inLanguage":"de","potentialAction":[{"@type":"ReadAction","target":["https:\/\/duinzoomhoeve.nl\/de\/anlagen\/"]}]},{"@type":"ImageObject","inLanguage":"de","@id":"https:\/\/duinzoomhoeve.nl\/de\/anlagen\/#primaryimage","url":"https:\/\/duinzoomhoeve.nl\/wp-content\/uploads\/2020\/01\/SAM_9078.jpg","contentUrl":"https:\/\/duinzoomhoeve.nl\/wp-content\/uploads\/2020\/01\/SAM_9078.jpg","width":2560,"height":1707},{"@type":"BreadcrumbList","@id":"https:\/\/duinzoomhoeve.nl\/de\/anlagen\/#breadcrumb","itemListElement":[{"@type":"ListItem","position":1,"name":"Home","item":"https:\/\/duinzoomhoeve.nl\/de\/"},{"@type":"ListItem","position":2,"name":"Anlagen"}]},{"@type":"WebSite","@id":"https:\/\/duinzoomhoeve.nl\/#website","url":"https:\/\/duinzoomhoeve.nl\/","name":"Camping Duinzoomhoeve - Julianadorp aan Zee","description":"Midden tussen de bollenvelden, op nog geen 400 meter van duin en strand ligt luxe boeren camping Duinzoomhoeve.","potentialAction":[{"@type":"SearchAction","target":{"@type":"EntryPoint","urlTemplate":"https:\/\/duinzoomhoeve.nl\/?s={search_term_string}"},"query-input":{"@type":"PropertyValueSpecification","valueRequired":true,"valueName":"search_term_string"}}],"inLanguage":"de"}]}},"_links":{"self":[{"href":"https:\/\/duinzoomhoeve.nl\/de\/wp-json\/wp\/v2\/pages\/596","targetHints":{"allow":["GET"]}}],"collection":[{"href":"https:\/\/duinzoomhoeve.nl\/de\/wp-json\/wp\/v2\/pages"}],"about":[{"href":"https:\/\/duinzoomhoeve.nl\/de\/wp-json\/wp\/v2\/types\/page"}],"author":[{"embeddable":true,"href":"https:\/\/duinzoomhoeve.nl\/de\/wp-json\/wp\/v2\/users\/1"}],"replies":[{"embeddable":true,"href":"https:\/\/duinzoomhoeve.nl\/de\/wp-json\/wp\/v2\/comments?post=596"}],"version-history":[{"count":12,"href":"https:\/\/duinzoomhoeve.nl\/de\/wp-json\/wp\/v2\/pages\/596\/revisions"}],"predecessor-version":[{"id":3721,"href":"https:\/\/duinzoomhoeve.nl\/de\/wp-json\/wp\/v2\/pages\/596\/revisions\/3721"}],"wp:featuredmedia":[{"embeddable":true,"href":"https:\/\/duinzoomhoeve.nl\/de\/wp-json\/wp\/v2\/media\/1997"}],"wp:attachment":[{"href":"https:\/\/duinzoomhoeve.nl\/de\/wp-json\/wp\/v2\/media?parent=596"}],"curies":[{"name":"wp","href":"https:\/\/api.w.org\/{rel}","templated":true}]}}