{"id":594,"date":"2020-01-10T09:42:18","date_gmt":"2020-01-10T08:42:18","guid":{"rendered":"https:\/\/duinzoomhoeve.nl\/?page_id=594"},"modified":"2023-01-23T10:25:13","modified_gmt":"2023-01-23T09:25:13","slug":"aktivitaeten","status":"publish","type":"page","link":"https:\/\/duinzoomhoeve.nl\/de\/aktivitaeten\/","title":{"rendered":"Aktivit\u00e4ten"},"content":{"rendered":"<p>In Julianadorp gibt es viel zu tun! Aber nichts muss und alles kann. Diese Liste verschafft Ihnen eine \u00dcbersicht \u00fcber Veranstaltungen, vielbesuchte Museen und Parks, \u00fcber die Gastronomie in der Umgebung und \u00fcber sehr viele Aktivit\u00e4ten. Haben Sie besondere Interessen oder Hobbys? Wir helfen Ihnen gerne mit pers\u00f6nlichen Tipps und Ideen weiter, um Ihren Urlaub zu einem unvergesslichen Erlebnis zu machen!<\/p>\n","protected":false},"excerpt":{"rendered":"<p>In Julianadorp gibt es viel zu tun! Aber nichts muss und alles kann. Diese Liste verschafft Ihnen eine \u00dcbersicht \u00fcber Veranstaltungen, vielbesuchte Museen und Parks, \u00fcber die Gastronomie in der Umgebung und \u00fcber sehr viele Aktivit\u00e4ten. Haben Sie besondere Interessen oder Hobbys? Wir helfen Ihnen gerne mit pers\u00f6nlichen Tipps und Ideen weiter, um Ihren Urlaub [&hellip;]<\/p>\n","protected":false},"author":1,"featured_media":0,"parent":0,"menu_order":62,"comment_status":"closed","ping_status":"closed","template":"","meta":{"_acf_changed":false,"footnotes":""},"class_list":["post-594","page","type-page","status-publish","hentry"],"acf":[],"yoast_head":"<!-- This site is optimized with the Yoast SEO plugin v27.3 - https:\/\/yoast.com\/product\/yoast-seo-wordpress\/ -->\n<title>Aktivit\u00e4ten - Camping Duinzoomhoeve - Julianadorp aan Zee<\/title>\n<meta name=\"robots\" content=\"index, follow, max-snippet:-1, max-image-preview:large, max-video-preview:-1\" \/>\n<link rel=\"canonical\" href=\"https:\/\/duinzoomhoeve.nl\/de\/aktivitaeten\/\" \/>\n<meta property=\"og:locale\" content=\"de_DE\" \/>\n<meta property=\"og:type\" content=\"article\" \/>\n<meta property=\"og:title\" content=\"Aktivit\u00e4ten - Camping Duinzoomhoeve - Julianadorp aan Zee\" \/>\n<meta property=\"og:description\" content=\"In Julianadorp gibt es viel zu tun! Aber nichts muss und alles kann. Diese Liste verschafft Ihnen eine \u00dcbersicht \u00fcber Veranstaltungen, vielbesuchte Museen und Parks, \u00fcber die Gastronomie in der Umgebung und \u00fcber sehr viele Aktivit\u00e4ten. Haben Sie besondere Interessen oder Hobbys? Wir helfen Ihnen gerne mit pers\u00f6nlichen Tipps und Ideen weiter, um Ihren Urlaub [&hellip;]\" \/>\n<meta property=\"og:url\" content=\"https:\/\/duinzoomhoeve.nl\/de\/aktivitaeten\/\" \/>\n<meta property=\"og:site_name\" content=\"Camping Duinzoomhoeve - Julianadorp aan Zee\" \/>\n<meta property=\"article:modified_time\" content=\"2023-01-23T09:25:13+00:00\" \/>\n<meta name=\"twitter:card\" content=\"summary_large_image\" \/>\n<meta name=\"twitter:label1\" content=\"Gesch\u00e4tzte Lesezeit\" \/>\n\t<meta name=\"twitter:data1\" content=\"1\u00a0Minute\" \/>\n<script type=\"application\/ld+json\" class=\"yoast-schema-graph\">{\"@context\":\"https:\\\/\\\/schema.org\",\"@graph\":[{\"@type\":\"WebPage\",\"@id\":\"https:\\\/\\\/duinzoomhoeve.nl\\\/de\\\/aktivitaeten\\\/\",\"url\":\"https:\\\/\\\/duinzoomhoeve.nl\\\/de\\\/aktivitaeten\\\/\",\"name\":\"Aktivit\u00e4ten - Camping Duinzoomhoeve - Julianadorp aan Zee\",\"isPartOf\":{\"@id\":\"https:\\\/\\\/duinzoomhoeve.nl\\\/#website\"},\"datePublished\":\"2020-01-10T08:42:18+00:00\",\"dateModified\":\"2023-01-23T09:25:13+00:00\",\"breadcrumb\":{\"@id\":\"https:\\\/\\\/duinzoomhoeve.nl\\\/de\\\/aktivitaeten\\\/#breadcrumb\"},\"inLanguage\":\"de\",\"potentialAction\":[{\"@type\":\"ReadAction\",\"target\":[\"https:\\\/\\\/duinzoomhoeve.nl\\\/de\\\/aktivitaeten\\\/\"]}]},{\"@type\":\"BreadcrumbList\",\"@id\":\"https:\\\/\\\/duinzoomhoeve.nl\\\/de\\\/aktivitaeten\\\/#breadcrumb\",\"itemListElement\":[{\"@type\":\"ListItem\",\"position\":1,\"name\":\"Home\",\"item\":\"https:\\\/\\\/duinzoomhoeve.nl\\\/de\\\/\"},{\"@type\":\"ListItem\",\"position\":2,\"name\":\"Aktivit\u00e4ten\"}]},{\"@type\":\"WebSite\",\"@id\":\"https:\\\/\\\/duinzoomhoeve.nl\\\/#website\",\"url\":\"https:\\\/\\\/duinzoomhoeve.nl\\\/\",\"name\":\"Camping Duinzoomhoeve - Julianadorp aan Zee\",\"description\":\"Midden tussen de bollenvelden, op nog geen 400 meter van duin en strand ligt luxe boeren camping Duinzoomhoeve.\",\"potentialAction\":[{\"@type\":\"SearchAction\",\"target\":{\"@type\":\"EntryPoint\",\"urlTemplate\":\"https:\\\/\\\/duinzoomhoeve.nl\\\/?s={search_term_string}\"},\"query-input\":{\"@type\":\"PropertyValueSpecification\",\"valueRequired\":true,\"valueName\":\"search_term_string\"}}],\"inLanguage\":\"de\"}]}<\/script>\n<!-- \/ Yoast SEO plugin. -->","yoast_head_json":{"title":"Aktivit\u00e4ten - Camping Duinzoomhoeve - Julianadorp aan Zee","robots":{"index":"index","follow":"follow","max-snippet":"max-snippet:-1","max-image-preview":"max-image-preview:large","max-video-preview":"max-video-preview:-1"},"canonical":"https:\/\/duinzoomhoeve.nl\/de\/aktivitaeten\/","og_locale":"de_DE","og_type":"article","og_title":"Aktivit\u00e4ten - Camping Duinzoomhoeve - Julianadorp aan Zee","og_description":"In Julianadorp gibt es viel zu tun! Aber nichts muss und alles kann. Diese Liste verschafft Ihnen eine \u00dcbersicht \u00fcber Veranstaltungen, vielbesuchte Museen und Parks, \u00fcber die Gastronomie in der Umgebung und \u00fcber sehr viele Aktivit\u00e4ten. Haben Sie besondere Interessen oder Hobbys? Wir helfen Ihnen gerne mit pers\u00f6nlichen Tipps und Ideen weiter, um Ihren Urlaub [&hellip;]","og_url":"https:\/\/duinzoomhoeve.nl\/de\/aktivitaeten\/","og_site_name":"Camping Duinzoomhoeve - Julianadorp aan Zee","article_modified_time":"2023-01-23T09:25:13+00:00","twitter_card":"summary_large_image","twitter_misc":{"Gesch\u00e4tzte Lesezeit":"1\u00a0Minute"},"schema":{"@context":"https:\/\/schema.org","@graph":[{"@type":"WebPage","@id":"https:\/\/duinzoomhoeve.nl\/de\/aktivitaeten\/","url":"https:\/\/duinzoomhoeve.nl\/de\/aktivitaeten\/","name":"Aktivit\u00e4ten - Camping Duinzoomhoeve - Julianadorp aan Zee","isPartOf":{"@id":"https:\/\/duinzoomhoeve.nl\/#website"},"datePublished":"2020-01-10T08:42:18+00:00","dateModified":"2023-01-23T09:25:13+00:00","breadcrumb":{"@id":"https:\/\/duinzoomhoeve.nl\/de\/aktivitaeten\/#breadcrumb"},"inLanguage":"de","potentialAction":[{"@type":"ReadAction","target":["https:\/\/duinzoomhoeve.nl\/de\/aktivitaeten\/"]}]},{"@type":"BreadcrumbList","@id":"https:\/\/duinzoomhoeve.nl\/de\/aktivitaeten\/#breadcrumb","itemListElement":[{"@type":"ListItem","position":1,"name":"Home","item":"https:\/\/duinzoomhoeve.nl\/de\/"},{"@type":"ListItem","position":2,"name":"Aktivit\u00e4ten"}]},{"@type":"WebSite","@id":"https:\/\/duinzoomhoeve.nl\/#website","url":"https:\/\/duinzoomhoeve.nl\/","name":"Camping Duinzoomhoeve - Julianadorp aan Zee","description":"Midden tussen de bollenvelden, op nog geen 400 meter van duin en strand ligt luxe boeren camping Duinzoomhoeve.","potentialAction":[{"@type":"SearchAction","target":{"@type":"EntryPoint","urlTemplate":"https:\/\/duinzoomhoeve.nl\/?s={search_term_string}"},"query-input":{"@type":"PropertyValueSpecification","valueRequired":true,"valueName":"search_term_string"}}],"inLanguage":"de"}]}},"_links":{"self":[{"href":"https:\/\/duinzoomhoeve.nl\/de\/wp-json\/wp\/v2\/pages\/594","targetHints":{"allow":["GET"]}}],"collection":[{"href":"https:\/\/duinzoomhoeve.nl\/de\/wp-json\/wp\/v2\/pages"}],"about":[{"href":"https:\/\/duinzoomhoeve.nl\/de\/wp-json\/wp\/v2\/types\/page"}],"author":[{"embeddable":true,"href":"https:\/\/duinzoomhoeve.nl\/de\/wp-json\/wp\/v2\/users\/1"}],"replies":[{"embeddable":true,"href":"https:\/\/duinzoomhoeve.nl\/de\/wp-json\/wp\/v2\/comments?post=594"}],"version-history":[{"count":17,"href":"https:\/\/duinzoomhoeve.nl\/de\/wp-json\/wp\/v2\/pages\/594\/revisions"}],"predecessor-version":[{"id":2551,"href":"https:\/\/duinzoomhoeve.nl\/de\/wp-json\/wp\/v2\/pages\/594\/revisions\/2551"}],"wp:attachment":[{"href":"https:\/\/duinzoomhoeve.nl\/de\/wp-json\/wp\/v2\/media?parent=594"}],"curies":[{"name":"wp","href":"https:\/\/api.w.org\/{rel}","templated":true}]}}