{"id":592,"date":"2020-01-10T09:41:52","date_gmt":"2020-01-10T08:41:52","guid":{"rendered":"https:\/\/duinzoomhoeve.nl\/?page_id=592"},"modified":"2025-04-23T10:37:25","modified_gmt":"2025-04-23T08:37:25","slug":"essen-mit-der-baeuerin","status":"publish","type":"page","link":"https:\/\/duinzoomhoeve.nl\/de\/essen-mit-der-baeuerin\/","title":{"rendered":"Essen mit der B\u00e4uerin"},"content":{"rendered":"<p>Regionale Produkte aus der Umgebung, frisch vom Land. Den authentischen Geschmack des Bauernlebens sp\u00fcren Sie erst wirklich, wenn Sie sich bei der B\u00e4uerin Mary im Pinkenstall an den Tisch setzen. Es gibt keine Men\u00fckarte, sondern was auf den Tisch kommt. Sie essen mit den anderen G\u00e4sten gemeinsam:<br \/>\nIn Frankreich ist dies als <b>table d\u2019h\u00f4te <\/b>bekannt. Das gibt es jetzt also auch in Julianadorp.<\/p>\n<p>Nat\u00fcrlich k\u00f6nnen Sie bei der Reservierung besondere Vorlieben angeben. Die B\u00e4uerin tischt Ihnen ein 3-G\u00e4nge-Diner zu einem freundlichen Preis auf. Eine Vorspeise, die Hauptmahlzeit und einen Nachtisch aus Milchprodukten. Mit frischen Kartoffeln und Gem\u00fcsen aus der Region. Das ist regionaler Genuss. Eine herrliche Bauern-Tagesplatte ist auch m\u00f6glich. (Montag bis Donnerstag ist es m\u00f6glich, aber nach Absprache)<\/p>\n","protected":false},"excerpt":{"rendered":"<p>Regionale Produkte aus der Umgebung, frisch vom Land. Den authentischen Geschmack des Bauernlebens sp\u00fcren Sie erst wirklich, wenn Sie sich bei der B\u00e4uerin Mary im Pinkenstall an den Tisch setzen. Es gibt keine Men\u00fckarte, sondern was auf den Tisch kommt. Sie essen mit den anderen G\u00e4sten gemeinsam: In Frankreich ist dies als table d\u2019h\u00f4te bekannt. [&hellip;]<\/p>\n","protected":false},"author":1,"featured_media":1838,"parent":0,"menu_order":58,"comment_status":"closed","ping_status":"closed","template":"","meta":{"_acf_changed":false,"footnotes":""},"class_list":["post-592","page","type-page","status-publish","has-post-thumbnail","hentry"],"acf":[],"yoast_head":"<!-- This site is optimized with the Yoast SEO plugin v27.3 - https:\/\/yoast.com\/product\/yoast-seo-wordpress\/ -->\n<title>Essen mit der B\u00e4uerin - Camping Duinzoomhoeve - Julianadorp aan Zee<\/title>\n<meta name=\"robots\" content=\"index, follow, max-snippet:-1, max-image-preview:large, max-video-preview:-1\" \/>\n<link rel=\"canonical\" href=\"https:\/\/duinzoomhoeve.nl\/de\/essen-mit-der-baeuerin\/\" \/>\n<meta property=\"og:locale\" content=\"de_DE\" \/>\n<meta property=\"og:type\" content=\"article\" \/>\n<meta property=\"og:title\" content=\"Essen mit der B\u00e4uerin - Camping Duinzoomhoeve - Julianadorp aan Zee\" \/>\n<meta property=\"og:description\" content=\"Regionale Produkte aus der Umgebung, frisch vom Land. Den authentischen Geschmack des Bauernlebens sp\u00fcren Sie erst wirklich, wenn Sie sich bei der B\u00e4uerin Mary im Pinkenstall an den Tisch setzen. Es gibt keine Men\u00fckarte, sondern was auf den Tisch kommt. Sie essen mit den anderen G\u00e4sten gemeinsam: In Frankreich ist dies als table d\u2019h\u00f4te bekannt. [&hellip;]\" \/>\n<meta property=\"og:url\" content=\"https:\/\/duinzoomhoeve.nl\/de\/essen-mit-der-baeuerin\/\" \/>\n<meta property=\"og:site_name\" content=\"Camping Duinzoomhoeve - Julianadorp aan Zee\" \/>\n<meta property=\"article:modified_time\" content=\"2025-04-23T08:37:25+00:00\" \/>\n<meta property=\"og:image\" content=\"https:\/\/duinzoomhoeve.nl\/wp-content\/uploads\/2020\/01\/IMG_7250-kopie-e1581279988179.jpg\" \/>\n\t<meta property=\"og:image:width\" content=\"2448\" \/>\n\t<meta property=\"og:image:height\" content=\"3264\" \/>\n\t<meta property=\"og:image:type\" content=\"image\/jpeg\" \/>\n<meta name=\"twitter:card\" content=\"summary_large_image\" \/>\n<meta name=\"twitter:label1\" content=\"Gesch\u00e4tzte Lesezeit\" \/>\n\t<meta name=\"twitter:data1\" content=\"3\u00a0Minuten\" \/>\n<script type=\"application\/ld+json\" class=\"yoast-schema-graph\">{\"@context\":\"https:\\\/\\\/schema.org\",\"@graph\":[{\"@type\":\"WebPage\",\"@id\":\"https:\\\/\\\/duinzoomhoeve.nl\\\/de\\\/essen-mit-der-baeuerin\\\/\",\"url\":\"https:\\\/\\\/duinzoomhoeve.nl\\\/de\\\/essen-mit-der-baeuerin\\\/\",\"name\":\"Essen mit der B\u00e4uerin - Camping Duinzoomhoeve - Julianadorp aan Zee\",\"isPartOf\":{\"@id\":\"https:\\\/\\\/duinzoomhoeve.nl\\\/#website\"},\"primaryImageOfPage\":{\"@id\":\"https:\\\/\\\/duinzoomhoeve.nl\\\/de\\\/essen-mit-der-baeuerin\\\/#primaryimage\"},\"image\":{\"@id\":\"https:\\\/\\\/duinzoomhoeve.nl\\\/de\\\/essen-mit-der-baeuerin\\\/#primaryimage\"},\"thumbnailUrl\":\"https:\\\/\\\/duinzoomhoeve.nl\\\/wp-content\\\/uploads\\\/2020\\\/01\\\/IMG_7250-kopie-e1581279988179.jpg\",\"datePublished\":\"2020-01-10T08:41:52+00:00\",\"dateModified\":\"2025-04-23T08:37:25+00:00\",\"breadcrumb\":{\"@id\":\"https:\\\/\\\/duinzoomhoeve.nl\\\/de\\\/essen-mit-der-baeuerin\\\/#breadcrumb\"},\"inLanguage\":\"de\",\"potentialAction\":[{\"@type\":\"ReadAction\",\"target\":[\"https:\\\/\\\/duinzoomhoeve.nl\\\/de\\\/essen-mit-der-baeuerin\\\/\"]}]},{\"@type\":\"ImageObject\",\"inLanguage\":\"de\",\"@id\":\"https:\\\/\\\/duinzoomhoeve.nl\\\/de\\\/essen-mit-der-baeuerin\\\/#primaryimage\",\"url\":\"https:\\\/\\\/duinzoomhoeve.nl\\\/wp-content\\\/uploads\\\/2020\\\/01\\\/IMG_7250-kopie-e1581279988179.jpg\",\"contentUrl\":\"https:\\\/\\\/duinzoomhoeve.nl\\\/wp-content\\\/uploads\\\/2020\\\/01\\\/IMG_7250-kopie-e1581279988179.jpg\",\"width\":2448,\"height\":3264},{\"@type\":\"BreadcrumbList\",\"@id\":\"https:\\\/\\\/duinzoomhoeve.nl\\\/de\\\/essen-mit-der-baeuerin\\\/#breadcrumb\",\"itemListElement\":[{\"@type\":\"ListItem\",\"position\":1,\"name\":\"Home\",\"item\":\"https:\\\/\\\/duinzoomhoeve.nl\\\/de\\\/\"},{\"@type\":\"ListItem\",\"position\":2,\"name\":\"Essen mit der B\u00e4uerin\"}]},{\"@type\":\"WebSite\",\"@id\":\"https:\\\/\\\/duinzoomhoeve.nl\\\/#website\",\"url\":\"https:\\\/\\\/duinzoomhoeve.nl\\\/\",\"name\":\"Camping Duinzoomhoeve - Julianadorp aan Zee\",\"description\":\"Midden tussen de bollenvelden, op nog geen 400 meter van duin en strand ligt luxe boeren camping Duinzoomhoeve.\",\"potentialAction\":[{\"@type\":\"SearchAction\",\"target\":{\"@type\":\"EntryPoint\",\"urlTemplate\":\"https:\\\/\\\/duinzoomhoeve.nl\\\/?s={search_term_string}\"},\"query-input\":{\"@type\":\"PropertyValueSpecification\",\"valueRequired\":true,\"valueName\":\"search_term_string\"}}],\"inLanguage\":\"de\"}]}<\/script>\n<!-- \/ Yoast SEO plugin. -->","yoast_head_json":{"title":"Essen mit der B\u00e4uerin - Camping Duinzoomhoeve - Julianadorp aan Zee","robots":{"index":"index","follow":"follow","max-snippet":"max-snippet:-1","max-image-preview":"max-image-preview:large","max-video-preview":"max-video-preview:-1"},"canonical":"https:\/\/duinzoomhoeve.nl\/de\/essen-mit-der-baeuerin\/","og_locale":"de_DE","og_type":"article","og_title":"Essen mit der B\u00e4uerin - Camping Duinzoomhoeve - Julianadorp aan Zee","og_description":"Regionale Produkte aus der Umgebung, frisch vom Land. Den authentischen Geschmack des Bauernlebens sp\u00fcren Sie erst wirklich, wenn Sie sich bei der B\u00e4uerin Mary im Pinkenstall an den Tisch setzen. Es gibt keine Men\u00fckarte, sondern was auf den Tisch kommt. Sie essen mit den anderen G\u00e4sten gemeinsam: In Frankreich ist dies als table d\u2019h\u00f4te bekannt. [&hellip;]","og_url":"https:\/\/duinzoomhoeve.nl\/de\/essen-mit-der-baeuerin\/","og_site_name":"Camping Duinzoomhoeve - Julianadorp aan Zee","article_modified_time":"2025-04-23T08:37:25+00:00","og_image":[{"width":2448,"height":3264,"url":"https:\/\/duinzoomhoeve.nl\/wp-content\/uploads\/2020\/01\/IMG_7250-kopie-e1581279988179.jpg","type":"image\/jpeg"}],"twitter_card":"summary_large_image","twitter_misc":{"Gesch\u00e4tzte Lesezeit":"3\u00a0Minuten"},"schema":{"@context":"https:\/\/schema.org","@graph":[{"@type":"WebPage","@id":"https:\/\/duinzoomhoeve.nl\/de\/essen-mit-der-baeuerin\/","url":"https:\/\/duinzoomhoeve.nl\/de\/essen-mit-der-baeuerin\/","name":"Essen mit der B\u00e4uerin - Camping Duinzoomhoeve - Julianadorp aan Zee","isPartOf":{"@id":"https:\/\/duinzoomhoeve.nl\/#website"},"primaryImageOfPage":{"@id":"https:\/\/duinzoomhoeve.nl\/de\/essen-mit-der-baeuerin\/#primaryimage"},"image":{"@id":"https:\/\/duinzoomhoeve.nl\/de\/essen-mit-der-baeuerin\/#primaryimage"},"thumbnailUrl":"https:\/\/duinzoomhoeve.nl\/wp-content\/uploads\/2020\/01\/IMG_7250-kopie-e1581279988179.jpg","datePublished":"2020-01-10T08:41:52+00:00","dateModified":"2025-04-23T08:37:25+00:00","breadcrumb":{"@id":"https:\/\/duinzoomhoeve.nl\/de\/essen-mit-der-baeuerin\/#breadcrumb"},"inLanguage":"de","potentialAction":[{"@type":"ReadAction","target":["https:\/\/duinzoomhoeve.nl\/de\/essen-mit-der-baeuerin\/"]}]},{"@type":"ImageObject","inLanguage":"de","@id":"https:\/\/duinzoomhoeve.nl\/de\/essen-mit-der-baeuerin\/#primaryimage","url":"https:\/\/duinzoomhoeve.nl\/wp-content\/uploads\/2020\/01\/IMG_7250-kopie-e1581279988179.jpg","contentUrl":"https:\/\/duinzoomhoeve.nl\/wp-content\/uploads\/2020\/01\/IMG_7250-kopie-e1581279988179.jpg","width":2448,"height":3264},{"@type":"BreadcrumbList","@id":"https:\/\/duinzoomhoeve.nl\/de\/essen-mit-der-baeuerin\/#breadcrumb","itemListElement":[{"@type":"ListItem","position":1,"name":"Home","item":"https:\/\/duinzoomhoeve.nl\/de\/"},{"@type":"ListItem","position":2,"name":"Essen mit der B\u00e4uerin"}]},{"@type":"WebSite","@id":"https:\/\/duinzoomhoeve.nl\/#website","url":"https:\/\/duinzoomhoeve.nl\/","name":"Camping Duinzoomhoeve - Julianadorp aan Zee","description":"Midden tussen de bollenvelden, op nog geen 400 meter van duin en strand ligt luxe boeren camping Duinzoomhoeve.","potentialAction":[{"@type":"SearchAction","target":{"@type":"EntryPoint","urlTemplate":"https:\/\/duinzoomhoeve.nl\/?s={search_term_string}"},"query-input":{"@type":"PropertyValueSpecification","valueRequired":true,"valueName":"search_term_string"}}],"inLanguage":"de"}]}},"_links":{"self":[{"href":"https:\/\/duinzoomhoeve.nl\/de\/wp-json\/wp\/v2\/pages\/592","targetHints":{"allow":["GET"]}}],"collection":[{"href":"https:\/\/duinzoomhoeve.nl\/de\/wp-json\/wp\/v2\/pages"}],"about":[{"href":"https:\/\/duinzoomhoeve.nl\/de\/wp-json\/wp\/v2\/types\/page"}],"author":[{"embeddable":true,"href":"https:\/\/duinzoomhoeve.nl\/de\/wp-json\/wp\/v2\/users\/1"}],"replies":[{"embeddable":true,"href":"https:\/\/duinzoomhoeve.nl\/de\/wp-json\/wp\/v2\/comments?post=592"}],"version-history":[{"count":13,"href":"https:\/\/duinzoomhoeve.nl\/de\/wp-json\/wp\/v2\/pages\/592\/revisions"}],"predecessor-version":[{"id":5206,"href":"https:\/\/duinzoomhoeve.nl\/de\/wp-json\/wp\/v2\/pages\/592\/revisions\/5206"}],"wp:featuredmedia":[{"embeddable":true,"href":"https:\/\/duinzoomhoeve.nl\/de\/wp-json\/wp\/v2\/media\/1838"}],"wp:attachment":[{"href":"https:\/\/duinzoomhoeve.nl\/de\/wp-json\/wp\/v2\/media?parent=592"}],"curies":[{"name":"wp","href":"https:\/\/api.w.org\/{rel}","templated":true}]}}