{"id":590,"date":"2020-01-10T09:41:26","date_gmt":"2020-01-10T08:41:26","guid":{"rendered":"https:\/\/duinzoomhoeve.nl\/?page_id=590"},"modified":"2023-01-23T10:25:20","modified_gmt":"2023-01-23T09:25:20","slug":"ueber-uns","status":"publish","type":"page","link":"https:\/\/duinzoomhoeve.nl\/de\/ueber-uns\/","title":{"rendered":"\u00dcber uns"},"content":{"rendered":"<p>Wir hei\u00dfen Sie gern auf dem Campingplatz Duinzoomhoeve in Julianadorp willkommen. Unsere Familie besteht aus drei M\u00e4dchen, Judith, Ingrid und Susan, unserem Hund Inca, der Katze Puck und unseren Freilandh\u00fchnern. Die Duinzoomhoeve besteht aus einem <a href=\"https:\/\/duinzoomhoeve.nl\/ons-boerenbedrijf\/\">aktiven, landwirtschaftlichen Betrieb<\/a> und dem Campingplatz. Jan betreibt den Landwirtschaftsbetrieb und Mary den Campingplatz. Beide helfen einander nat\u00fcrlich, wenn es n\u00f6tig ist.<\/p>\n<p>Judith ist mit Mark verheiratet. Die beiden wohnen mit ihren beiden Kindern Femke und Luuk in Molenaarsgraaf.<\/p>\n<p>Ingrid arbeitet im Ausland. Suzan wohnt zu Hause und hat ihren eigenen Betrieb: <a href=\"http:\/\/speelement.nl.\" target=\"_blank\" rel=\"noopener noreferrer\">www.speelement.nl.<\/a><\/p>\n","protected":false},"excerpt":{"rendered":"<p>Wir hei\u00dfen Sie gern auf dem Campingplatz Duinzoomhoeve in Julianadorp willkommen. Unsere Familie besteht aus drei M\u00e4dchen, Judith, Ingrid und Susan, unserem Hund Inca, der Katze Puck und unseren Freilandh\u00fchnern. Die Duinzoomhoeve besteht aus einem aktiven, landwirtschaftlichen Betrieb und dem Campingplatz. Jan betreibt den Landwirtschaftsbetrieb und Mary den Campingplatz. Beide helfen einander nat\u00fcrlich, wenn es [&hellip;]<\/p>\n","protected":false},"author":1,"featured_media":0,"parent":0,"menu_order":54,"comment_status":"closed","ping_status":"closed","template":"","meta":{"_acf_changed":false,"footnotes":""},"class_list":["post-590","page","type-page","status-publish","hentry"],"acf":[],"yoast_head":"<!-- This site is optimized with the Yoast SEO plugin v27.3 - https:\/\/yoast.com\/product\/yoast-seo-wordpress\/ -->\n<title>\u00dcber uns - Camping Duinzoomhoeve - Julianadorp aan Zee<\/title>\n<meta name=\"robots\" content=\"index, follow, max-snippet:-1, max-image-preview:large, max-video-preview:-1\" \/>\n<link rel=\"canonical\" href=\"https:\/\/duinzoomhoeve.nl\/de\/ueber-uns\/\" \/>\n<meta property=\"og:locale\" content=\"de_DE\" \/>\n<meta property=\"og:type\" content=\"article\" \/>\n<meta property=\"og:title\" content=\"\u00dcber uns - Camping Duinzoomhoeve - Julianadorp aan Zee\" \/>\n<meta property=\"og:description\" content=\"Wir hei\u00dfen Sie gern auf dem Campingplatz Duinzoomhoeve in Julianadorp willkommen. Unsere Familie besteht aus drei M\u00e4dchen, Judith, Ingrid und Susan, unserem Hund Inca, der Katze Puck und unseren Freilandh\u00fchnern. Die Duinzoomhoeve besteht aus einem aktiven, landwirtschaftlichen Betrieb und dem Campingplatz. Jan betreibt den Landwirtschaftsbetrieb und Mary den Campingplatz. Beide helfen einander nat\u00fcrlich, wenn es [&hellip;]\" \/>\n<meta property=\"og:url\" content=\"https:\/\/duinzoomhoeve.nl\/de\/ueber-uns\/\" \/>\n<meta property=\"og:site_name\" content=\"Camping Duinzoomhoeve - Julianadorp aan Zee\" \/>\n<meta property=\"article:modified_time\" content=\"2023-01-23T09:25:20+00:00\" \/>\n<meta name=\"twitter:card\" content=\"summary_large_image\" \/>\n<meta name=\"twitter:label1\" content=\"Gesch\u00e4tzte Lesezeit\" \/>\n\t<meta name=\"twitter:data1\" content=\"1\u00a0Minute\" \/>\n<script type=\"application\/ld+json\" class=\"yoast-schema-graph\">{\"@context\":\"https:\\\/\\\/schema.org\",\"@graph\":[{\"@type\":\"WebPage\",\"@id\":\"https:\\\/\\\/duinzoomhoeve.nl\\\/de\\\/ueber-uns\\\/\",\"url\":\"https:\\\/\\\/duinzoomhoeve.nl\\\/de\\\/ueber-uns\\\/\",\"name\":\"\u00dcber uns - Camping Duinzoomhoeve - Julianadorp aan Zee\",\"isPartOf\":{\"@id\":\"https:\\\/\\\/duinzoomhoeve.nl\\\/#website\"},\"datePublished\":\"2020-01-10T08:41:26+00:00\",\"dateModified\":\"2023-01-23T09:25:20+00:00\",\"breadcrumb\":{\"@id\":\"https:\\\/\\\/duinzoomhoeve.nl\\\/de\\\/ueber-uns\\\/#breadcrumb\"},\"inLanguage\":\"de\",\"potentialAction\":[{\"@type\":\"ReadAction\",\"target\":[\"https:\\\/\\\/duinzoomhoeve.nl\\\/de\\\/ueber-uns\\\/\"]}]},{\"@type\":\"BreadcrumbList\",\"@id\":\"https:\\\/\\\/duinzoomhoeve.nl\\\/de\\\/ueber-uns\\\/#breadcrumb\",\"itemListElement\":[{\"@type\":\"ListItem\",\"position\":1,\"name\":\"Home\",\"item\":\"https:\\\/\\\/duinzoomhoeve.nl\\\/de\\\/\"},{\"@type\":\"ListItem\",\"position\":2,\"name\":\"\u00dcber uns\"}]},{\"@type\":\"WebSite\",\"@id\":\"https:\\\/\\\/duinzoomhoeve.nl\\\/#website\",\"url\":\"https:\\\/\\\/duinzoomhoeve.nl\\\/\",\"name\":\"Camping Duinzoomhoeve - Julianadorp aan Zee\",\"description\":\"Midden tussen de bollenvelden, op nog geen 400 meter van duin en strand ligt luxe boeren camping Duinzoomhoeve.\",\"potentialAction\":[{\"@type\":\"SearchAction\",\"target\":{\"@type\":\"EntryPoint\",\"urlTemplate\":\"https:\\\/\\\/duinzoomhoeve.nl\\\/?s={search_term_string}\"},\"query-input\":{\"@type\":\"PropertyValueSpecification\",\"valueRequired\":true,\"valueName\":\"search_term_string\"}}],\"inLanguage\":\"de\"}]}<\/script>\n<!-- \/ Yoast SEO plugin. -->","yoast_head_json":{"title":"\u00dcber uns - Camping Duinzoomhoeve - Julianadorp aan Zee","robots":{"index":"index","follow":"follow","max-snippet":"max-snippet:-1","max-image-preview":"max-image-preview:large","max-video-preview":"max-video-preview:-1"},"canonical":"https:\/\/duinzoomhoeve.nl\/de\/ueber-uns\/","og_locale":"de_DE","og_type":"article","og_title":"\u00dcber uns - Camping Duinzoomhoeve - Julianadorp aan Zee","og_description":"Wir hei\u00dfen Sie gern auf dem Campingplatz Duinzoomhoeve in Julianadorp willkommen. Unsere Familie besteht aus drei M\u00e4dchen, Judith, Ingrid und Susan, unserem Hund Inca, der Katze Puck und unseren Freilandh\u00fchnern. Die Duinzoomhoeve besteht aus einem aktiven, landwirtschaftlichen Betrieb und dem Campingplatz. Jan betreibt den Landwirtschaftsbetrieb und Mary den Campingplatz. Beide helfen einander nat\u00fcrlich, wenn es [&hellip;]","og_url":"https:\/\/duinzoomhoeve.nl\/de\/ueber-uns\/","og_site_name":"Camping Duinzoomhoeve - Julianadorp aan Zee","article_modified_time":"2023-01-23T09:25:20+00:00","twitter_card":"summary_large_image","twitter_misc":{"Gesch\u00e4tzte Lesezeit":"1\u00a0Minute"},"schema":{"@context":"https:\/\/schema.org","@graph":[{"@type":"WebPage","@id":"https:\/\/duinzoomhoeve.nl\/de\/ueber-uns\/","url":"https:\/\/duinzoomhoeve.nl\/de\/ueber-uns\/","name":"\u00dcber uns - Camping Duinzoomhoeve - Julianadorp aan Zee","isPartOf":{"@id":"https:\/\/duinzoomhoeve.nl\/#website"},"datePublished":"2020-01-10T08:41:26+00:00","dateModified":"2023-01-23T09:25:20+00:00","breadcrumb":{"@id":"https:\/\/duinzoomhoeve.nl\/de\/ueber-uns\/#breadcrumb"},"inLanguage":"de","potentialAction":[{"@type":"ReadAction","target":["https:\/\/duinzoomhoeve.nl\/de\/ueber-uns\/"]}]},{"@type":"BreadcrumbList","@id":"https:\/\/duinzoomhoeve.nl\/de\/ueber-uns\/#breadcrumb","itemListElement":[{"@type":"ListItem","position":1,"name":"Home","item":"https:\/\/duinzoomhoeve.nl\/de\/"},{"@type":"ListItem","position":2,"name":"\u00dcber uns"}]},{"@type":"WebSite","@id":"https:\/\/duinzoomhoeve.nl\/#website","url":"https:\/\/duinzoomhoeve.nl\/","name":"Camping Duinzoomhoeve - Julianadorp aan Zee","description":"Midden tussen de bollenvelden, op nog geen 400 meter van duin en strand ligt luxe boeren camping Duinzoomhoeve.","potentialAction":[{"@type":"SearchAction","target":{"@type":"EntryPoint","urlTemplate":"https:\/\/duinzoomhoeve.nl\/?s={search_term_string}"},"query-input":{"@type":"PropertyValueSpecification","valueRequired":true,"valueName":"search_term_string"}}],"inLanguage":"de"}]}},"_links":{"self":[{"href":"https:\/\/duinzoomhoeve.nl\/de\/wp-json\/wp\/v2\/pages\/590","targetHints":{"allow":["GET"]}}],"collection":[{"href":"https:\/\/duinzoomhoeve.nl\/de\/wp-json\/wp\/v2\/pages"}],"about":[{"href":"https:\/\/duinzoomhoeve.nl\/de\/wp-json\/wp\/v2\/types\/page"}],"author":[{"embeddable":true,"href":"https:\/\/duinzoomhoeve.nl\/de\/wp-json\/wp\/v2\/users\/1"}],"replies":[{"embeddable":true,"href":"https:\/\/duinzoomhoeve.nl\/de\/wp-json\/wp\/v2\/comments?post=590"}],"version-history":[{"count":14,"href":"https:\/\/duinzoomhoeve.nl\/de\/wp-json\/wp\/v2\/pages\/590\/revisions"}],"predecessor-version":[{"id":2535,"href":"https:\/\/duinzoomhoeve.nl\/de\/wp-json\/wp\/v2\/pages\/590\/revisions\/2535"}],"wp:attachment":[{"href":"https:\/\/duinzoomhoeve.nl\/de\/wp-json\/wp\/v2\/media?parent=590"}],"curies":[{"name":"wp","href":"https:\/\/api.w.org\/{rel}","templated":true}]}}