{"id":585,"date":"2020-01-10T09:40:14","date_gmt":"2020-01-10T08:40:14","guid":{"rendered":"https:\/\/duinzoomhoeve.nl\/?page_id=585"},"modified":"2023-01-23T10:25:59","modified_gmt":"2023-01-23T09:25:59","slug":"fahrraeder-leihen","status":"publish","type":"page","link":"https:\/\/duinzoomhoeve.nl\/de\/fahrraeder-leihen\/","title":{"rendered":"Fahrr\u00e4der ausleihen"},"content":{"rendered":"<p>Haben Sie vor, sich w\u00e4hrend Ihres Aufenthaltes ein Fahrrad auszuleihen? Wenn Sie es bei Ihrer Reservierung angeben, stehen die Fahrr\u00e4der bei Ihrer Ankunft f\u00fcr Sie bereit, damit Sie sorglos <a href=\"https:\/\/duinzoomhoeve.nl\/de\/julianadorp\/\">das Land erkunden k\u00f6nnen.<\/a><\/p>\n","protected":false},"excerpt":{"rendered":"<p>Haben Sie vor, sich w\u00e4hrend Ihres Aufenthaltes ein Fahrrad auszuleihen? Wenn Sie es bei Ihrer Reservierung angeben, stehen die Fahrr\u00e4der bei Ihrer Ankunft f\u00fcr Sie bereit, damit Sie sorglos das Land erkunden k\u00f6nnen.<\/p>\n","protected":false},"author":1,"featured_media":2366,"parent":0,"menu_order":46,"comment_status":"closed","ping_status":"closed","template":"","meta":{"_acf_changed":false,"footnotes":""},"class_list":["post-585","page","type-page","status-publish","has-post-thumbnail","hentry"],"acf":[],"yoast_head":"<!-- This site is optimized with the Yoast SEO plugin v27.3 - https:\/\/yoast.com\/product\/yoast-seo-wordpress\/ -->\n<title>Fahrr\u00e4der ausleihen - Camping Duinzoomhoeve - Julianadorp aan Zee<\/title>\n<meta name=\"robots\" content=\"index, follow, max-snippet:-1, max-image-preview:large, max-video-preview:-1\" \/>\n<link rel=\"canonical\" href=\"https:\/\/duinzoomhoeve.nl\/de\/fahrraeder-leihen\/\" \/>\n<meta property=\"og:locale\" content=\"de_DE\" \/>\n<meta property=\"og:type\" content=\"article\" \/>\n<meta property=\"og:title\" content=\"Fahrr\u00e4der ausleihen - Camping Duinzoomhoeve - Julianadorp aan Zee\" \/>\n<meta property=\"og:description\" content=\"Haben Sie vor, sich w\u00e4hrend Ihres Aufenthaltes ein Fahrrad auszuleihen? Wenn Sie es bei Ihrer Reservierung angeben, stehen die Fahrr\u00e4der bei Ihrer Ankunft f\u00fcr Sie bereit, damit Sie sorglos das Land erkunden k\u00f6nnen.\" \/>\n<meta property=\"og:url\" content=\"https:\/\/duinzoomhoeve.nl\/de\/fahrraeder-leihen\/\" \/>\n<meta property=\"og:site_name\" content=\"Camping Duinzoomhoeve - Julianadorp aan Zee\" \/>\n<meta property=\"article:modified_time\" content=\"2023-01-23T09:25:59+00:00\" \/>\n<meta property=\"og:image\" content=\"https:\/\/duinzoomhoeve.nl\/wp-content\/uploads\/2020\/02\/SAM_9976-e1581285663594-1024x537.jpg\" \/>\n\t<meta property=\"og:image:width\" content=\"1024\" \/>\n\t<meta property=\"og:image:height\" content=\"537\" \/>\n\t<meta property=\"og:image:type\" content=\"image\/jpeg\" \/>\n<meta name=\"twitter:card\" content=\"summary_large_image\" \/>\n<meta name=\"twitter:label1\" content=\"Gesch\u00e4tzte Lesezeit\" \/>\n\t<meta name=\"twitter:data1\" content=\"1\u00a0Minute\" \/>\n<script type=\"application\/ld+json\" class=\"yoast-schema-graph\">{\"@context\":\"https:\\\/\\\/schema.org\",\"@graph\":[{\"@type\":\"WebPage\",\"@id\":\"https:\\\/\\\/duinzoomhoeve.nl\\\/de\\\/fahrraeder-leihen\\\/\",\"url\":\"https:\\\/\\\/duinzoomhoeve.nl\\\/de\\\/fahrraeder-leihen\\\/\",\"name\":\"Fahrr\u00e4der ausleihen - Camping Duinzoomhoeve - Julianadorp aan Zee\",\"isPartOf\":{\"@id\":\"https:\\\/\\\/duinzoomhoeve.nl\\\/#website\"},\"primaryImageOfPage\":{\"@id\":\"https:\\\/\\\/duinzoomhoeve.nl\\\/de\\\/fahrraeder-leihen\\\/#primaryimage\"},\"image\":{\"@id\":\"https:\\\/\\\/duinzoomhoeve.nl\\\/de\\\/fahrraeder-leihen\\\/#primaryimage\"},\"thumbnailUrl\":\"https:\\\/\\\/duinzoomhoeve.nl\\\/wp-content\\\/uploads\\\/2020\\\/02\\\/SAM_9976-e1581285663594.jpg\",\"datePublished\":\"2020-01-10T08:40:14+00:00\",\"dateModified\":\"2023-01-23T09:25:59+00:00\",\"breadcrumb\":{\"@id\":\"https:\\\/\\\/duinzoomhoeve.nl\\\/de\\\/fahrraeder-leihen\\\/#breadcrumb\"},\"inLanguage\":\"de\",\"potentialAction\":[{\"@type\":\"ReadAction\",\"target\":[\"https:\\\/\\\/duinzoomhoeve.nl\\\/de\\\/fahrraeder-leihen\\\/\"]}]},{\"@type\":\"ImageObject\",\"inLanguage\":\"de\",\"@id\":\"https:\\\/\\\/duinzoomhoeve.nl\\\/de\\\/fahrraeder-leihen\\\/#primaryimage\",\"url\":\"https:\\\/\\\/duinzoomhoeve.nl\\\/wp-content\\\/uploads\\\/2020\\\/02\\\/SAM_9976-e1581285663594.jpg\",\"contentUrl\":\"https:\\\/\\\/duinzoomhoeve.nl\\\/wp-content\\\/uploads\\\/2020\\\/02\\\/SAM_9976-e1581285663594.jpg\",\"width\":5472,\"height\":2872},{\"@type\":\"BreadcrumbList\",\"@id\":\"https:\\\/\\\/duinzoomhoeve.nl\\\/de\\\/fahrraeder-leihen\\\/#breadcrumb\",\"itemListElement\":[{\"@type\":\"ListItem\",\"position\":1,\"name\":\"Home\",\"item\":\"https:\\\/\\\/duinzoomhoeve.nl\\\/de\\\/\"},{\"@type\":\"ListItem\",\"position\":2,\"name\":\"Fahrr\u00e4der ausleihen\"}]},{\"@type\":\"WebSite\",\"@id\":\"https:\\\/\\\/duinzoomhoeve.nl\\\/#website\",\"url\":\"https:\\\/\\\/duinzoomhoeve.nl\\\/\",\"name\":\"Camping Duinzoomhoeve - Julianadorp aan Zee\",\"description\":\"Midden tussen de bollenvelden, op nog geen 400 meter van duin en strand ligt luxe boeren camping Duinzoomhoeve.\",\"potentialAction\":[{\"@type\":\"SearchAction\",\"target\":{\"@type\":\"EntryPoint\",\"urlTemplate\":\"https:\\\/\\\/duinzoomhoeve.nl\\\/?s={search_term_string}\"},\"query-input\":{\"@type\":\"PropertyValueSpecification\",\"valueRequired\":true,\"valueName\":\"search_term_string\"}}],\"inLanguage\":\"de\"}]}<\/script>\n<!-- \/ Yoast SEO plugin. -->","yoast_head_json":{"title":"Fahrr\u00e4der ausleihen - Camping Duinzoomhoeve - Julianadorp aan Zee","robots":{"index":"index","follow":"follow","max-snippet":"max-snippet:-1","max-image-preview":"max-image-preview:large","max-video-preview":"max-video-preview:-1"},"canonical":"https:\/\/duinzoomhoeve.nl\/de\/fahrraeder-leihen\/","og_locale":"de_DE","og_type":"article","og_title":"Fahrr\u00e4der ausleihen - Camping Duinzoomhoeve - Julianadorp aan Zee","og_description":"Haben Sie vor, sich w\u00e4hrend Ihres Aufenthaltes ein Fahrrad auszuleihen? Wenn Sie es bei Ihrer Reservierung angeben, stehen die Fahrr\u00e4der bei Ihrer Ankunft f\u00fcr Sie bereit, damit Sie sorglos das Land erkunden k\u00f6nnen.","og_url":"https:\/\/duinzoomhoeve.nl\/de\/fahrraeder-leihen\/","og_site_name":"Camping Duinzoomhoeve - Julianadorp aan Zee","article_modified_time":"2023-01-23T09:25:59+00:00","og_image":[{"width":1024,"height":537,"url":"https:\/\/duinzoomhoeve.nl\/wp-content\/uploads\/2020\/02\/SAM_9976-e1581285663594-1024x537.jpg","type":"image\/jpeg"}],"twitter_card":"summary_large_image","twitter_misc":{"Gesch\u00e4tzte Lesezeit":"1\u00a0Minute"},"schema":{"@context":"https:\/\/schema.org","@graph":[{"@type":"WebPage","@id":"https:\/\/duinzoomhoeve.nl\/de\/fahrraeder-leihen\/","url":"https:\/\/duinzoomhoeve.nl\/de\/fahrraeder-leihen\/","name":"Fahrr\u00e4der ausleihen - Camping Duinzoomhoeve - Julianadorp aan Zee","isPartOf":{"@id":"https:\/\/duinzoomhoeve.nl\/#website"},"primaryImageOfPage":{"@id":"https:\/\/duinzoomhoeve.nl\/de\/fahrraeder-leihen\/#primaryimage"},"image":{"@id":"https:\/\/duinzoomhoeve.nl\/de\/fahrraeder-leihen\/#primaryimage"},"thumbnailUrl":"https:\/\/duinzoomhoeve.nl\/wp-content\/uploads\/2020\/02\/SAM_9976-e1581285663594.jpg","datePublished":"2020-01-10T08:40:14+00:00","dateModified":"2023-01-23T09:25:59+00:00","breadcrumb":{"@id":"https:\/\/duinzoomhoeve.nl\/de\/fahrraeder-leihen\/#breadcrumb"},"inLanguage":"de","potentialAction":[{"@type":"ReadAction","target":["https:\/\/duinzoomhoeve.nl\/de\/fahrraeder-leihen\/"]}]},{"@type":"ImageObject","inLanguage":"de","@id":"https:\/\/duinzoomhoeve.nl\/de\/fahrraeder-leihen\/#primaryimage","url":"https:\/\/duinzoomhoeve.nl\/wp-content\/uploads\/2020\/02\/SAM_9976-e1581285663594.jpg","contentUrl":"https:\/\/duinzoomhoeve.nl\/wp-content\/uploads\/2020\/02\/SAM_9976-e1581285663594.jpg","width":5472,"height":2872},{"@type":"BreadcrumbList","@id":"https:\/\/duinzoomhoeve.nl\/de\/fahrraeder-leihen\/#breadcrumb","itemListElement":[{"@type":"ListItem","position":1,"name":"Home","item":"https:\/\/duinzoomhoeve.nl\/de\/"},{"@type":"ListItem","position":2,"name":"Fahrr\u00e4der ausleihen"}]},{"@type":"WebSite","@id":"https:\/\/duinzoomhoeve.nl\/#website","url":"https:\/\/duinzoomhoeve.nl\/","name":"Camping Duinzoomhoeve - Julianadorp aan Zee","description":"Midden tussen de bollenvelden, op nog geen 400 meter van duin en strand ligt luxe boeren camping Duinzoomhoeve.","potentialAction":[{"@type":"SearchAction","target":{"@type":"EntryPoint","urlTemplate":"https:\/\/duinzoomhoeve.nl\/?s={search_term_string}"},"query-input":{"@type":"PropertyValueSpecification","valueRequired":true,"valueName":"search_term_string"}}],"inLanguage":"de"}]}},"_links":{"self":[{"href":"https:\/\/duinzoomhoeve.nl\/de\/wp-json\/wp\/v2\/pages\/585","targetHints":{"allow":["GET"]}}],"collection":[{"href":"https:\/\/duinzoomhoeve.nl\/de\/wp-json\/wp\/v2\/pages"}],"about":[{"href":"https:\/\/duinzoomhoeve.nl\/de\/wp-json\/wp\/v2\/types\/page"}],"author":[{"embeddable":true,"href":"https:\/\/duinzoomhoeve.nl\/de\/wp-json\/wp\/v2\/users\/1"}],"replies":[{"embeddable":true,"href":"https:\/\/duinzoomhoeve.nl\/de\/wp-json\/wp\/v2\/comments?post=585"}],"version-history":[{"count":10,"href":"https:\/\/duinzoomhoeve.nl\/de\/wp-json\/wp\/v2\/pages\/585\/revisions"}],"predecessor-version":[{"id":3987,"href":"https:\/\/duinzoomhoeve.nl\/de\/wp-json\/wp\/v2\/pages\/585\/revisions\/3987"}],"wp:featuredmedia":[{"embeddable":true,"href":"https:\/\/duinzoomhoeve.nl\/de\/wp-json\/wp\/v2\/media\/2366"}],"wp:attachment":[{"href":"https:\/\/duinzoomhoeve.nl\/de\/wp-json\/wp\/v2\/media?parent=585"}],"curies":[{"name":"wp","href":"https:\/\/api.w.org\/{rel}","templated":true}]}}