{"id":583,"date":"2020-01-10T09:39:47","date_gmt":"2020-01-10T08:39:47","guid":{"rendered":"https:\/\/duinzoomhoeve.nl\/?page_id=583"},"modified":"2022-11-25T23:02:08","modified_gmt":"2022-11-25T22:02:08","slug":"kinderfreundlichter-campingplatz","status":"publish","type":"page","link":"https:\/\/duinzoomhoeve.nl\/de\/kinderfreundlichter-campingplatz\/","title":{"rendered":"Kinderfreundlicher Campingplatz"},"content":{"rendered":"<p>Der Campingplatz hat viele Aktivit\u00e4ten zu bieten. Eine Sandkiste f\u00fcr die Kleinen, eine Kletterstange f\u00fcr die Jugendlichen und eine Vogelnestschaukel f\u00fcr Jung\u00a0 und Alt. In der Garage warten viele Fahrzeuge auf Ihre Kinder: Duo-Bikes, Balance-Bikes, Tretautos, Choppa und ein Twister-Go-Kart. Auf unserem gro\u00dfen Gel\u00e4nde und auf dem Campingplatz sind die Kinder den ganzen Tag \u00fcber besch\u00e4ftigt. Wir machen oft ein Lagerfeuer, damit die Abende sch\u00f6n ausklingen k\u00f6nnen. Spielen Sie Gitarre, Akkordeon oder Mundharmonika? Dann setzen Sie sich einfach dazu und machen Sie mit!<\/p>\n<p>Neu 2023 neue Go-Karts, 2 kleine Go-Karts f\u00fcr die Kleinsten und ein neues Parallel-Tandem f\u00fcr die etwas \u00e4lteren Jugendlichen! Willst du sie ausprobieren? Dann kommen Sie zu unserem Campingplatz.<\/p>\n","protected":false},"excerpt":{"rendered":"<p>Der Campingplatz hat viele Aktivit\u00e4ten zu bieten. Eine Sandkiste f\u00fcr die Kleinen, eine Kletterstange f\u00fcr die Jugendlichen und eine Vogelnestschaukel f\u00fcr Jung\u00a0 und Alt. In der Garage warten viele Fahrzeuge auf Ihre Kinder: Duo-Bikes, Balance-Bikes, Tretautos, Choppa und ein Twister-Go-Kart. Auf unserem gro\u00dfen Gel\u00e4nde und auf dem Campingplatz sind die Kinder den ganzen Tag \u00fcber [&hellip;]<\/p>\n","protected":false},"author":1,"featured_media":2955,"parent":0,"menu_order":43,"comment_status":"closed","ping_status":"closed","template":"","meta":{"_acf_changed":false,"footnotes":""},"class_list":["post-583","page","type-page","status-publish","has-post-thumbnail","hentry"],"acf":[],"yoast_head":"<!-- This site is optimized with the Yoast SEO plugin v27.3 - https:\/\/yoast.com\/product\/yoast-seo-wordpress\/ -->\n<title>Kinderfreundlicher Campingplatz - Camping Duinzoomhoeve - Julianadorp aan Zee<\/title>\n<meta name=\"robots\" content=\"index, follow, max-snippet:-1, max-image-preview:large, max-video-preview:-1\" \/>\n<link rel=\"canonical\" href=\"https:\/\/duinzoomhoeve.nl\/de\/kinderfreundlichter-campingplatz\/\" \/>\n<meta property=\"og:locale\" content=\"de_DE\" \/>\n<meta property=\"og:type\" content=\"article\" \/>\n<meta property=\"og:title\" content=\"Kinderfreundlicher Campingplatz - Camping Duinzoomhoeve - Julianadorp aan Zee\" \/>\n<meta property=\"og:description\" content=\"Der Campingplatz hat viele Aktivit\u00e4ten zu bieten. Eine Sandkiste f\u00fcr die Kleinen, eine Kletterstange f\u00fcr die Jugendlichen und eine Vogelnestschaukel f\u00fcr Jung\u00a0 und Alt. In der Garage warten viele Fahrzeuge auf Ihre Kinder: Duo-Bikes, Balance-Bikes, Tretautos, Choppa und ein Twister-Go-Kart. Auf unserem gro\u00dfen Gel\u00e4nde und auf dem Campingplatz sind die Kinder den ganzen Tag \u00fcber [&hellip;]\" \/>\n<meta property=\"og:url\" content=\"https:\/\/duinzoomhoeve.nl\/de\/kinderfreundlichter-campingplatz\/\" \/>\n<meta property=\"og:site_name\" content=\"Camping Duinzoomhoeve - Julianadorp aan Zee\" \/>\n<meta property=\"article:modified_time\" content=\"2022-11-25T22:02:08+00:00\" \/>\n<meta property=\"og:image\" content=\"https:\/\/duinzoomhoeve.nl\/wp-content\/uploads\/2020\/10\/IMG_7512-1024x768.jpg\" \/>\n\t<meta property=\"og:image:width\" content=\"1024\" \/>\n\t<meta property=\"og:image:height\" content=\"768\" \/>\n\t<meta property=\"og:image:type\" content=\"image\/jpeg\" \/>\n<meta name=\"twitter:card\" content=\"summary_large_image\" \/>\n<meta name=\"twitter:label1\" content=\"Gesch\u00e4tzte Lesezeit\" \/>\n\t<meta name=\"twitter:data1\" content=\"1\u00a0Minute\" \/>\n<script type=\"application\/ld+json\" class=\"yoast-schema-graph\">{\"@context\":\"https:\\\/\\\/schema.org\",\"@graph\":[{\"@type\":\"WebPage\",\"@id\":\"https:\\\/\\\/duinzoomhoeve.nl\\\/de\\\/kinderfreundlichter-campingplatz\\\/\",\"url\":\"https:\\\/\\\/duinzoomhoeve.nl\\\/de\\\/kinderfreundlichter-campingplatz\\\/\",\"name\":\"Kinderfreundlicher Campingplatz - Camping Duinzoomhoeve - Julianadorp aan Zee\",\"isPartOf\":{\"@id\":\"https:\\\/\\\/duinzoomhoeve.nl\\\/#website\"},\"primaryImageOfPage\":{\"@id\":\"https:\\\/\\\/duinzoomhoeve.nl\\\/de\\\/kinderfreundlichter-campingplatz\\\/#primaryimage\"},\"image\":{\"@id\":\"https:\\\/\\\/duinzoomhoeve.nl\\\/de\\\/kinderfreundlichter-campingplatz\\\/#primaryimage\"},\"thumbnailUrl\":\"https:\\\/\\\/duinzoomhoeve.nl\\\/wp-content\\\/uploads\\\/2020\\\/10\\\/IMG_7512.jpg\",\"datePublished\":\"2020-01-10T08:39:47+00:00\",\"dateModified\":\"2022-11-25T22:02:08+00:00\",\"breadcrumb\":{\"@id\":\"https:\\\/\\\/duinzoomhoeve.nl\\\/de\\\/kinderfreundlichter-campingplatz\\\/#breadcrumb\"},\"inLanguage\":\"de\",\"potentialAction\":[{\"@type\":\"ReadAction\",\"target\":[\"https:\\\/\\\/duinzoomhoeve.nl\\\/de\\\/kinderfreundlichter-campingplatz\\\/\"]}]},{\"@type\":\"ImageObject\",\"inLanguage\":\"de\",\"@id\":\"https:\\\/\\\/duinzoomhoeve.nl\\\/de\\\/kinderfreundlichter-campingplatz\\\/#primaryimage\",\"url\":\"https:\\\/\\\/duinzoomhoeve.nl\\\/wp-content\\\/uploads\\\/2020\\\/10\\\/IMG_7512.jpg\",\"contentUrl\":\"https:\\\/\\\/duinzoomhoeve.nl\\\/wp-content\\\/uploads\\\/2020\\\/10\\\/IMG_7512.jpg\",\"width\":2560,\"height\":1920},{\"@type\":\"BreadcrumbList\",\"@id\":\"https:\\\/\\\/duinzoomhoeve.nl\\\/de\\\/kinderfreundlichter-campingplatz\\\/#breadcrumb\",\"itemListElement\":[{\"@type\":\"ListItem\",\"position\":1,\"name\":\"Home\",\"item\":\"https:\\\/\\\/duinzoomhoeve.nl\\\/de\\\/\"},{\"@type\":\"ListItem\",\"position\":2,\"name\":\"Kinderfreundlicher Campingplatz\"}]},{\"@type\":\"WebSite\",\"@id\":\"https:\\\/\\\/duinzoomhoeve.nl\\\/#website\",\"url\":\"https:\\\/\\\/duinzoomhoeve.nl\\\/\",\"name\":\"Camping Duinzoomhoeve - Julianadorp aan Zee\",\"description\":\"Midden tussen de bollenvelden, op nog geen 400 meter van duin en strand ligt luxe boeren camping Duinzoomhoeve.\",\"potentialAction\":[{\"@type\":\"SearchAction\",\"target\":{\"@type\":\"EntryPoint\",\"urlTemplate\":\"https:\\\/\\\/duinzoomhoeve.nl\\\/?s={search_term_string}\"},\"query-input\":{\"@type\":\"PropertyValueSpecification\",\"valueRequired\":true,\"valueName\":\"search_term_string\"}}],\"inLanguage\":\"de\"}]}<\/script>\n<!-- \/ Yoast SEO plugin. -->","yoast_head_json":{"title":"Kinderfreundlicher Campingplatz - Camping Duinzoomhoeve - Julianadorp aan Zee","robots":{"index":"index","follow":"follow","max-snippet":"max-snippet:-1","max-image-preview":"max-image-preview:large","max-video-preview":"max-video-preview:-1"},"canonical":"https:\/\/duinzoomhoeve.nl\/de\/kinderfreundlichter-campingplatz\/","og_locale":"de_DE","og_type":"article","og_title":"Kinderfreundlicher Campingplatz - Camping Duinzoomhoeve - Julianadorp aan Zee","og_description":"Der Campingplatz hat viele Aktivit\u00e4ten zu bieten. Eine Sandkiste f\u00fcr die Kleinen, eine Kletterstange f\u00fcr die Jugendlichen und eine Vogelnestschaukel f\u00fcr Jung\u00a0 und Alt. In der Garage warten viele Fahrzeuge auf Ihre Kinder: Duo-Bikes, Balance-Bikes, Tretautos, Choppa und ein Twister-Go-Kart. Auf unserem gro\u00dfen Gel\u00e4nde und auf dem Campingplatz sind die Kinder den ganzen Tag \u00fcber [&hellip;]","og_url":"https:\/\/duinzoomhoeve.nl\/de\/kinderfreundlichter-campingplatz\/","og_site_name":"Camping Duinzoomhoeve - Julianadorp aan Zee","article_modified_time":"2022-11-25T22:02:08+00:00","og_image":[{"width":1024,"height":768,"url":"https:\/\/duinzoomhoeve.nl\/wp-content\/uploads\/2020\/10\/IMG_7512-1024x768.jpg","type":"image\/jpeg"}],"twitter_card":"summary_large_image","twitter_misc":{"Gesch\u00e4tzte Lesezeit":"1\u00a0Minute"},"schema":{"@context":"https:\/\/schema.org","@graph":[{"@type":"WebPage","@id":"https:\/\/duinzoomhoeve.nl\/de\/kinderfreundlichter-campingplatz\/","url":"https:\/\/duinzoomhoeve.nl\/de\/kinderfreundlichter-campingplatz\/","name":"Kinderfreundlicher Campingplatz - Camping Duinzoomhoeve - Julianadorp aan Zee","isPartOf":{"@id":"https:\/\/duinzoomhoeve.nl\/#website"},"primaryImageOfPage":{"@id":"https:\/\/duinzoomhoeve.nl\/de\/kinderfreundlichter-campingplatz\/#primaryimage"},"image":{"@id":"https:\/\/duinzoomhoeve.nl\/de\/kinderfreundlichter-campingplatz\/#primaryimage"},"thumbnailUrl":"https:\/\/duinzoomhoeve.nl\/wp-content\/uploads\/2020\/10\/IMG_7512.jpg","datePublished":"2020-01-10T08:39:47+00:00","dateModified":"2022-11-25T22:02:08+00:00","breadcrumb":{"@id":"https:\/\/duinzoomhoeve.nl\/de\/kinderfreundlichter-campingplatz\/#breadcrumb"},"inLanguage":"de","potentialAction":[{"@type":"ReadAction","target":["https:\/\/duinzoomhoeve.nl\/de\/kinderfreundlichter-campingplatz\/"]}]},{"@type":"ImageObject","inLanguage":"de","@id":"https:\/\/duinzoomhoeve.nl\/de\/kinderfreundlichter-campingplatz\/#primaryimage","url":"https:\/\/duinzoomhoeve.nl\/wp-content\/uploads\/2020\/10\/IMG_7512.jpg","contentUrl":"https:\/\/duinzoomhoeve.nl\/wp-content\/uploads\/2020\/10\/IMG_7512.jpg","width":2560,"height":1920},{"@type":"BreadcrumbList","@id":"https:\/\/duinzoomhoeve.nl\/de\/kinderfreundlichter-campingplatz\/#breadcrumb","itemListElement":[{"@type":"ListItem","position":1,"name":"Home","item":"https:\/\/duinzoomhoeve.nl\/de\/"},{"@type":"ListItem","position":2,"name":"Kinderfreundlicher Campingplatz"}]},{"@type":"WebSite","@id":"https:\/\/duinzoomhoeve.nl\/#website","url":"https:\/\/duinzoomhoeve.nl\/","name":"Camping Duinzoomhoeve - Julianadorp aan Zee","description":"Midden tussen de bollenvelden, op nog geen 400 meter van duin en strand ligt luxe boeren camping Duinzoomhoeve.","potentialAction":[{"@type":"SearchAction","target":{"@type":"EntryPoint","urlTemplate":"https:\/\/duinzoomhoeve.nl\/?s={search_term_string}"},"query-input":{"@type":"PropertyValueSpecification","valueRequired":true,"valueName":"search_term_string"}}],"inLanguage":"de"}]}},"_links":{"self":[{"href":"https:\/\/duinzoomhoeve.nl\/de\/wp-json\/wp\/v2\/pages\/583","targetHints":{"allow":["GET"]}}],"collection":[{"href":"https:\/\/duinzoomhoeve.nl\/de\/wp-json\/wp\/v2\/pages"}],"about":[{"href":"https:\/\/duinzoomhoeve.nl\/de\/wp-json\/wp\/v2\/types\/page"}],"author":[{"embeddable":true,"href":"https:\/\/duinzoomhoeve.nl\/de\/wp-json\/wp\/v2\/users\/1"}],"replies":[{"embeddable":true,"href":"https:\/\/duinzoomhoeve.nl\/de\/wp-json\/wp\/v2\/comments?post=583"}],"version-history":[{"count":10,"href":"https:\/\/duinzoomhoeve.nl\/de\/wp-json\/wp\/v2\/pages\/583\/revisions"}],"predecessor-version":[{"id":4100,"href":"https:\/\/duinzoomhoeve.nl\/de\/wp-json\/wp\/v2\/pages\/583\/revisions\/4100"}],"wp:featuredmedia":[{"embeddable":true,"href":"https:\/\/duinzoomhoeve.nl\/de\/wp-json\/wp\/v2\/media\/2955"}],"wp:attachment":[{"href":"https:\/\/duinzoomhoeve.nl\/de\/wp-json\/wp\/v2\/media?parent=583"}],"curies":[{"name":"wp","href":"https:\/\/api.w.org\/{rel}","templated":true}]}}