{"id":5235,"date":"2021-08-26T12:54:41","date_gmt":"2021-08-26T10:54:41","guid":{"rendered":"https:\/\/duinzoomhoeve.nl\/algemene-voorwaarden\/"},"modified":"2025-05-30T13:10:41","modified_gmt":"2025-05-30T11:10:41","slug":"algemene-voorwaarden","status":"publish","type":"page","link":"https:\/\/duinzoomhoeve.nl\/de\/algemene-voorwaarden\/","title":{"rendered":"Allgemeine Gesch\u00e4ftsbedingungen"},"content":{"rendered":"<p data-pm-slice=\"1 1 []\"><strong>Allgemeine Gesch\u00e4ftsbedingungen des Duinzoomhoeve<\/strong><\/p>\n<p>Wie sch\u00f6n, dass Sie Ihren Urlaub bei uns verbringen m\u00f6chten. Wir freuen uns darauf, Sie willkommen zu hei\u00dfen. Der Duinzoomhoeve ist bekannt f\u00fcr seine Gastfreundschaft und Gem\u00fctlichkeit. Dennoch gelten auch bei uns einige Regeln \u2013 besser bekannt als die Allgemeinen Gesch\u00e4ftsbedingungen. Diese Bedingungen gelten f\u00fcr Camping-\/Touristenpl\u00e4tze sowie Mietunterk\u00fcnfte des Campingplatzes Duinzoomhoeve.<\/p>\n<p><strong>Online-Reservierung<\/strong><\/p>\n<p>Sie k\u00f6nnen online eine Reservierungsanfrage stellen. Wenn wir Platz haben, erhalten Sie von uns eine Reservierungsbest\u00e4tigung per E-Mail. Das bedeutet, dass wir mit Ihrem Besuch rechnen und die Reservierung verbindlich ist. Ab diesem Moment k\u00f6nnen Sie sich auf einen wunderbaren Aufenthalt im Duinzoomhoeve freuen!<\/p>\n<p>Erhalten Sie keine E-Mail? Dann ist etwas schiefgelaufen. Bitte kontaktieren Sie uns in diesem Fall per E-Mail an <a>info@duinzoomhoeve.nl<\/a> oder rufen Sie Mary unter 06-23199063 an. Dann schauen wir gemeinsam nach einer L\u00f6sung.<\/p>\n<p><strong>Zahlungsbedingungen<\/strong><\/p>\n<p>Sie k\u00f6nnen in zwei Raten bezahlen:<\/p>\n<ul data-spread=\"false\">\n<li>40 % innerhalb von zwei Wochen nach der Reservierung.<\/li>\n<li>Die restlichen 60 % zwei Wochen vor Anreise oder bei der Ankunft. Bei Ankunft k\u00f6nnen Sie bar oder mit EC-Karte bezahlen.<\/li>\n<\/ul>\n<p>Stornierung des Urlaubs<\/p>\n<p>Es kann passieren, dass Sie Ihren Urlaub unerwartet stornieren m\u00fcssen. Das f\u00fchrt dazu, dass ein Platz auf dem Campingplatz frei bleibt. Daher sind wir gezwungen, Stornierungskosten zu berechnen:<\/p>\n<ul data-spread=\"false\">\n<li>Bis zwei Monate vor dem Anreisedatum: 25 % des vereinbarten Preises<\/li>\n<li>Bis ein Monat vor dem Anreisedatum: 50 % des vereinbarten Preises<\/li>\n<li>Bis eine Woche vor dem Anreisedatum: 75 % des vereinbarten Preises<\/li>\n<li>Innerhalb einer Woche vor dem Anreisedatum: 100 % des vereinbarten Preises<\/li>\n<\/ul>\n<p>Nat\u00fcrlich gibt es Situationen, die eine individuelle L\u00f6sung erfordern. Wir denken gerne mit Ihnen mit. Dennoch behalten wir uns das Recht vor, auf die Zahlung des vereinbarten Preises zu bestehen, wie oben beschrieben.<\/p>\n<p><strong>Fr\u00fcher abreisen?<\/strong><\/p>\n<p>Schade! Wenn wir etwas f\u00fcr Sie tun k\u00f6nnen, lassen Sie es uns wissen. Wir freuen uns \u00fcber Ihr Feedback. Bei vorzeitiger Abreise erfolgt keine R\u00fcckerstattung.<\/p>\n<p>Mit mehreren Personen?<\/p>\n<p>Wie sch\u00f6n, wenn mehrere Bekannte gemeinsam zum Duinzoomhoeve kommen. Oft kommt dann die Frage: K\u00f6nnen wir nebeneinander buchen? Wir tun unser Bestes, aber garantieren k\u00f6nnen wir es nicht.<\/p>\n<p>Wenn mehr Besucher kommen, werden zus\u00e4tzliche Kosten am Vorabend der Abreise abgerechnet \u2013 zum Beispiel f\u00fcr Br\u00f6tchen, die Sie morgens doch geholt haben, weil sie so lecker duften (und sind!).<\/p>\n<p><strong>Hunde<\/strong><\/p>\n<p>Hunde sind herzlich willkommen! Bitte halten Sie Ihren Hund auf dem Feld und am Wohnwagen an der Leine. Lassen Sie den Hund au\u00dferhalb des Feldes oder entlang unseres Weges Gassi gehen. Niemand mag eine unangenehme \u00dcberraschung unter den F\u00fc\u00dfen nach dem Duschen \u2013 das m\u00f6chten wir vermeiden.<\/p>\n<p>Unser Hund Inca lebt ebenfalls auf dem Campingplatz. Sie ist freundlich, neugierig und nutzt manchmal geschickt das Gel\u00e4nde f\u00fcr einen Rundgang \u2013 auch wenn das nicht erlaubt ist. Um zu vermeiden, dass sie Ihre Unterkunft besucht, bitten wir Sie:<\/p>\n<ul data-spread=\"false\">\n<li>Ihre Unterkunft gut abzuschlie\u00dfen, wenn Sie nicht da sind<\/li>\n<li>Hundefutter und andere Tiernahrung gut zu verstauen, um neugieriges Schn\u00fcffeln (oder Naschen) zu vermeiden. Vielen Dank f\u00fcr Ihr Verst\u00e4ndnis!<\/li>\n<\/ul>\n<p><strong>Was ist nicht erlaubt<\/strong><\/p>\n<p>Bei uns ist vieles m\u00f6glich \u2013 aber das Verwenden von Elektroheizungen im Vorzelt ist nicht gestattet. In Vorzelten und Zelten bitte nur Zeltteppich verwenden. Um unseren gr\u00fcnen Rasen f\u00fcr alle G\u00e4ste sch\u00f6n zu halten, sind Plastikplanen, Wurzelschutzfolien, \u00d6ko-T\u00fccher und Bodenschutzfolien nicht erlaubt. Diese sch\u00e4digen das Gras stark. Nur Zeltteppiche sind auf unseren gr\u00fcnen Stellpl\u00e4tzen erlaubt. Wohnwagen ohne Nummernschild sind ebenfalls nicht erlaubt.<\/p>\n<p><strong>Kinder<\/strong><\/p>\n<p>Kinder sind bei uns herzlich willkommen und es gibt viele Einrichtungen f\u00fcr sie. Wir bitten (Gro\u00df-)Eltern, kleine Kinder zu den Gokarts und beim Besuch des Sanit\u00e4rgeb\u00e4udes zu begleiten.<\/p>\n<p><strong>Rekreationsraum<\/strong><\/p>\n<p>Kinder sind im Freizeitraum willkommen, jedoch nur in Begleitung eines Erwachsenen. Zur Sicherheit ist eine \u00dcberwachungskamera installiert.<\/p>\n<p>Weitere Gesch\u00e4ftsbedingungen gibt es nicht. Wir freuen uns darauf, Sie bei uns begr\u00fc\u00dfen zu d\u00fcrfen!<\/p>\n<p>Aufgestellt und g\u00fcltig ab dem 29.05.2025 (aktualisiert)<\/p>\n<p>&nbsp;<\/p>\n","protected":false},"excerpt":{"rendered":"<p>Allgemeine Gesch\u00e4ftsbedingungen des Duinzoomhoeve Wie sch\u00f6n, dass Sie Ihren Urlaub bei uns verbringen m\u00f6chten. Wir freuen uns darauf, Sie willkommen zu hei\u00dfen. Der Duinzoomhoeve ist bekannt f\u00fcr seine Gastfreundschaft und Gem\u00fctlichkeit. Dennoch gelten auch bei uns einige Regeln \u2013 besser bekannt als die Allgemeinen Gesch\u00e4ftsbedingungen. Diese Bedingungen gelten f\u00fcr Camping-\/Touristenpl\u00e4tze sowie Mietunterk\u00fcnfte des Campingplatzes Duinzoomhoeve. [&hellip;]<\/p>\n","protected":false},"author":1,"featured_media":0,"parent":0,"menu_order":21,"comment_status":"closed","ping_status":"closed","template":"","meta":{"_acf_changed":false,"footnotes":""},"class_list":["post-5235","page","type-page","status-publish","hentry"],"acf":[],"yoast_head":"<!-- This site is optimized with the Yoast SEO plugin v27.3 - https:\/\/yoast.com\/product\/yoast-seo-wordpress\/ -->\n<title>Allgemeine Gesch\u00e4ftsbedingungen - Camping Duinzoomhoeve - Julianadorp aan Zee<\/title>\n<meta name=\"robots\" content=\"noindex, follow\" \/>\n<meta property=\"og:locale\" content=\"de_DE\" \/>\n<meta property=\"og:type\" content=\"article\" \/>\n<meta property=\"og:title\" content=\"Allgemeine Gesch\u00e4ftsbedingungen - Camping Duinzoomhoeve - Julianadorp aan Zee\" \/>\n<meta property=\"og:description\" content=\"Allgemeine Gesch\u00e4ftsbedingungen des Duinzoomhoeve Wie sch\u00f6n, dass Sie Ihren Urlaub bei uns verbringen m\u00f6chten. Wir freuen uns darauf, Sie willkommen zu hei\u00dfen. Der Duinzoomhoeve ist bekannt f\u00fcr seine Gastfreundschaft und Gem\u00fctlichkeit. Dennoch gelten auch bei uns einige Regeln \u2013 besser bekannt als die Allgemeinen Gesch\u00e4ftsbedingungen. Diese Bedingungen gelten f\u00fcr Camping-\/Touristenpl\u00e4tze sowie Mietunterk\u00fcnfte des Campingplatzes Duinzoomhoeve. [&hellip;]\" \/>\n<meta property=\"og:url\" content=\"https:\/\/duinzoomhoeve.nl\/de\/algemene-voorwaarden\/\" \/>\n<meta property=\"og:site_name\" content=\"Camping Duinzoomhoeve - Julianadorp aan Zee\" \/>\n<meta property=\"article:modified_time\" content=\"2025-05-30T11:10:41+00:00\" \/>\n<meta name=\"twitter:card\" content=\"summary_large_image\" \/>\n<meta name=\"twitter:label1\" content=\"Gesch\u00e4tzte Lesezeit\" \/>\n\t<meta name=\"twitter:data1\" content=\"4\u00a0Minuten\" \/>\n<script type=\"application\/ld+json\" class=\"yoast-schema-graph\">{\"@context\":\"https:\\\/\\\/schema.org\",\"@graph\":[{\"@type\":\"WebPage\",\"@id\":\"https:\\\/\\\/duinzoomhoeve.nl\\\/de\\\/algemene-voorwaarden\\\/\",\"url\":\"https:\\\/\\\/duinzoomhoeve.nl\\\/de\\\/algemene-voorwaarden\\\/\",\"name\":\"Allgemeine Gesch\u00e4ftsbedingungen - Camping Duinzoomhoeve - Julianadorp aan Zee\",\"isPartOf\":{\"@id\":\"https:\\\/\\\/duinzoomhoeve.nl\\\/#website\"},\"datePublished\":\"2021-08-26T10:54:41+00:00\",\"dateModified\":\"2025-05-30T11:10:41+00:00\",\"breadcrumb\":{\"@id\":\"https:\\\/\\\/duinzoomhoeve.nl\\\/de\\\/algemene-voorwaarden\\\/#breadcrumb\"},\"inLanguage\":\"de\",\"potentialAction\":[{\"@type\":\"ReadAction\",\"target\":[\"https:\\\/\\\/duinzoomhoeve.nl\\\/de\\\/algemene-voorwaarden\\\/\"]}]},{\"@type\":\"BreadcrumbList\",\"@id\":\"https:\\\/\\\/duinzoomhoeve.nl\\\/de\\\/algemene-voorwaarden\\\/#breadcrumb\",\"itemListElement\":[{\"@type\":\"ListItem\",\"position\":1,\"name\":\"Home\",\"item\":\"https:\\\/\\\/duinzoomhoeve.nl\\\/de\\\/\"},{\"@type\":\"ListItem\",\"position\":2,\"name\":\"Allgemeine Gesch\u00e4ftsbedingungen\"}]},{\"@type\":\"WebSite\",\"@id\":\"https:\\\/\\\/duinzoomhoeve.nl\\\/#website\",\"url\":\"https:\\\/\\\/duinzoomhoeve.nl\\\/\",\"name\":\"Camping Duinzoomhoeve - Julianadorp aan Zee\",\"description\":\"Midden tussen de bollenvelden, op nog geen 400 meter van duin en strand ligt luxe boeren camping Duinzoomhoeve.\",\"potentialAction\":[{\"@type\":\"SearchAction\",\"target\":{\"@type\":\"EntryPoint\",\"urlTemplate\":\"https:\\\/\\\/duinzoomhoeve.nl\\\/?s={search_term_string}\"},\"query-input\":{\"@type\":\"PropertyValueSpecification\",\"valueRequired\":true,\"valueName\":\"search_term_string\"}}],\"inLanguage\":\"de\"}]}<\/script>\n<!-- \/ Yoast SEO plugin. -->","yoast_head_json":{"title":"Allgemeine Gesch\u00e4ftsbedingungen - Camping Duinzoomhoeve - Julianadorp aan Zee","robots":{"index":"noindex","follow":"follow"},"og_locale":"de_DE","og_type":"article","og_title":"Allgemeine Gesch\u00e4ftsbedingungen - Camping Duinzoomhoeve - Julianadorp aan Zee","og_description":"Allgemeine Gesch\u00e4ftsbedingungen des Duinzoomhoeve Wie sch\u00f6n, dass Sie Ihren Urlaub bei uns verbringen m\u00f6chten. Wir freuen uns darauf, Sie willkommen zu hei\u00dfen. Der Duinzoomhoeve ist bekannt f\u00fcr seine Gastfreundschaft und Gem\u00fctlichkeit. Dennoch gelten auch bei uns einige Regeln \u2013 besser bekannt als die Allgemeinen Gesch\u00e4ftsbedingungen. Diese Bedingungen gelten f\u00fcr Camping-\/Touristenpl\u00e4tze sowie Mietunterk\u00fcnfte des Campingplatzes Duinzoomhoeve. [&hellip;]","og_url":"https:\/\/duinzoomhoeve.nl\/de\/algemene-voorwaarden\/","og_site_name":"Camping Duinzoomhoeve - Julianadorp aan Zee","article_modified_time":"2025-05-30T11:10:41+00:00","twitter_card":"summary_large_image","twitter_misc":{"Gesch\u00e4tzte Lesezeit":"4\u00a0Minuten"},"schema":{"@context":"https:\/\/schema.org","@graph":[{"@type":"WebPage","@id":"https:\/\/duinzoomhoeve.nl\/de\/algemene-voorwaarden\/","url":"https:\/\/duinzoomhoeve.nl\/de\/algemene-voorwaarden\/","name":"Allgemeine Gesch\u00e4ftsbedingungen - Camping Duinzoomhoeve - Julianadorp aan Zee","isPartOf":{"@id":"https:\/\/duinzoomhoeve.nl\/#website"},"datePublished":"2021-08-26T10:54:41+00:00","dateModified":"2025-05-30T11:10:41+00:00","breadcrumb":{"@id":"https:\/\/duinzoomhoeve.nl\/de\/algemene-voorwaarden\/#breadcrumb"},"inLanguage":"de","potentialAction":[{"@type":"ReadAction","target":["https:\/\/duinzoomhoeve.nl\/de\/algemene-voorwaarden\/"]}]},{"@type":"BreadcrumbList","@id":"https:\/\/duinzoomhoeve.nl\/de\/algemene-voorwaarden\/#breadcrumb","itemListElement":[{"@type":"ListItem","position":1,"name":"Home","item":"https:\/\/duinzoomhoeve.nl\/de\/"},{"@type":"ListItem","position":2,"name":"Allgemeine Gesch\u00e4ftsbedingungen"}]},{"@type":"WebSite","@id":"https:\/\/duinzoomhoeve.nl\/#website","url":"https:\/\/duinzoomhoeve.nl\/","name":"Camping Duinzoomhoeve - Julianadorp aan Zee","description":"Midden tussen de bollenvelden, op nog geen 400 meter van duin en strand ligt luxe boeren camping Duinzoomhoeve.","potentialAction":[{"@type":"SearchAction","target":{"@type":"EntryPoint","urlTemplate":"https:\/\/duinzoomhoeve.nl\/?s={search_term_string}"},"query-input":{"@type":"PropertyValueSpecification","valueRequired":true,"valueName":"search_term_string"}}],"inLanguage":"de"}]}},"_links":{"self":[{"href":"https:\/\/duinzoomhoeve.nl\/de\/wp-json\/wp\/v2\/pages\/5235","targetHints":{"allow":["GET"]}}],"collection":[{"href":"https:\/\/duinzoomhoeve.nl\/de\/wp-json\/wp\/v2\/pages"}],"about":[{"href":"https:\/\/duinzoomhoeve.nl\/de\/wp-json\/wp\/v2\/types\/page"}],"author":[{"embeddable":true,"href":"https:\/\/duinzoomhoeve.nl\/de\/wp-json\/wp\/v2\/users\/1"}],"replies":[{"embeddable":true,"href":"https:\/\/duinzoomhoeve.nl\/de\/wp-json\/wp\/v2\/comments?post=5235"}],"version-history":[{"count":4,"href":"https:\/\/duinzoomhoeve.nl\/de\/wp-json\/wp\/v2\/pages\/5235\/revisions"}],"predecessor-version":[{"id":5242,"href":"https:\/\/duinzoomhoeve.nl\/de\/wp-json\/wp\/v2\/pages\/5235\/revisions\/5242"}],"wp:attachment":[{"href":"https:\/\/duinzoomhoeve.nl\/de\/wp-json\/wp\/v2\/media?parent=5235"}],"curies":[{"name":"wp","href":"https:\/\/api.w.org\/{rel}","templated":true}]}}