{"id":5151,"date":"2025-04-18T20:09:25","date_gmt":"2025-04-18T18:09:25","guid":{"rendered":"https:\/\/duinzoomhoeve.nl\/?page_id=5151"},"modified":"2025-04-18T20:09:25","modified_gmt":"2025-04-18T18:09:25","slug":"gemeinschaftsraum","status":"publish","type":"page","link":"https:\/\/duinzoomhoeve.nl\/de\/gemeinschaftsraum\/","title":{"rendered":"Gemeinschaftsraum"},"content":{"rendered":"<p class=\"\" data-start=\"116\" data-end=\"675\"><strong data-start=\"116\" data-end=\"145\">Innenbereich zur Erholung<\/strong><br data-start=\"145\" data-end=\"148\" \/>Der Innenbereich auf dem Campingplatz Duinzoomhoeve ist <strong data-start=\"204\" data-end=\"211\">der<\/strong> Ort, um sich zu entspannen und mit anderen G\u00e4sten in Kontakt zu kommen. Im Sommer bietet er angenehme K\u00fchle und bei schlechtem Wetter Schutz vor Wind und Regen. Der Raum befindet sich in einem Teil unserer ehemaligen Blumenzwiebelhalle und verf\u00fcgt \u00fcber zwei gro\u00dfe Sektionaltore, die einen herrlichen Blick auf die umliegende Natur und den Campingplatz bieten. Die Zugangst\u00fcr an der Nordseite ist immer ge\u00f6ffnet, sodass du jederzeit hinein- und hinausgehen kannst.<\/p>\n<p class=\"\" data-start=\"677\" data-end=\"1050\">Im Raum findest du verschiedene Einrichtungen, die deinen Aufenthalt noch angenehmer machen. Es gibt einen K\u00fchlschrank zur gemeinsamen Nutzung und einen separaten K\u00fchlschrank mit gut gek\u00fchltem Bier (darunter das leckere Helders Bier), Wein, Erfrischungsgetr\u00e4nken und S\u00e4ften. \u00dcber die Camping Comfort App kannst du deine Entnahmen ganz einfach notieren und sp\u00e4ter abrechnen.<\/p>\n<p class=\"\" data-start=\"1052\" data-end=\"1459\">F\u00fcr Kaffeeliebhaber gibt es eine Kaffeemaschine mit frischen Bohnen, die k\u00f6stlichen Kaffee und Cappuccino zubereitet \u2013 aber auch Tee und hei\u00dfe Schokolade f\u00fcr alle, die Lust auf etwas anderes haben. Der Raum ist gem\u00fctlich gestaltet und mit interessanten Infos zur Blumenzwiebelkultur und dem einzigartigen Wattengebiet dekoriert \u2013 so lernst du gleich mehr \u00fcber die Region, in der du deinen Urlaub verbringst.<\/p>\n<p class=\"\" data-start=\"1461\" data-end=\"1793\">Es gibt auch mehrere Feuertische, perfekt f\u00fcr einen geselligen Abend. Wenn du einen Feuertisch nutzen m\u00f6chtest, sprich dich bitte vorher mit B\u00e4uerin Mary ab. F\u00fcr Kinder gibt es ebenfalls einiges zu entdecken: verschiedene Spiele und eine Sjoelbak (Shuffleboard). Bitte beachte: Kinder d\u00fcrfen den Raum <strong data-start=\"1762\" data-end=\"1783\">nur in Begleitung<\/strong> betreten.<\/p>\n","protected":false},"excerpt":{"rendered":"<p>Innenbereich zur ErholungDer Innenbereich auf dem Campingplatz Duinzoomhoeve ist der Ort, um sich zu entspannen und mit anderen G\u00e4sten in Kontakt zu kommen. Im Sommer bietet er angenehme K\u00fchle und bei schlechtem Wetter Schutz vor Wind und Regen. Der Raum befindet sich in einem Teil unserer ehemaligen Blumenzwiebelhalle und verf\u00fcgt \u00fcber zwei gro\u00dfe Sektionaltore, die [&hellip;]<\/p>\n","protected":false},"author":2,"featured_media":0,"parent":0,"menu_order":7,"comment_status":"closed","ping_status":"closed","template":"","meta":{"_acf_changed":false,"footnotes":""},"class_list":["post-5151","page","type-page","status-publish","hentry"],"acf":[],"yoast_head":"<!-- This site is optimized with the Yoast SEO plugin v27.4 - https:\/\/yoast.com\/product\/yoast-seo-wordpress\/ -->\n<title>Gemeinschaftsraum - Camping Duinzoomhoeve - Julianadorp aan Zee<\/title>\n<meta name=\"robots\" content=\"index, follow, max-snippet:-1, max-image-preview:large, max-video-preview:-1\" \/>\n<link rel=\"canonical\" href=\"https:\/\/duinzoomhoeve.nl\/de\/gemeinschaftsraum\/\" \/>\n<meta property=\"og:locale\" content=\"de_DE\" \/>\n<meta property=\"og:type\" content=\"article\" \/>\n<meta property=\"og:title\" content=\"Gemeinschaftsraum - Camping Duinzoomhoeve - Julianadorp aan Zee\" \/>\n<meta property=\"og:description\" content=\"Innenbereich zur ErholungDer Innenbereich auf dem Campingplatz Duinzoomhoeve ist der Ort, um sich zu entspannen und mit anderen G\u00e4sten in Kontakt zu kommen. Im Sommer bietet er angenehme K\u00fchle und bei schlechtem Wetter Schutz vor Wind und Regen. Der Raum befindet sich in einem Teil unserer ehemaligen Blumenzwiebelhalle und verf\u00fcgt \u00fcber zwei gro\u00dfe Sektionaltore, die [&hellip;]\" \/>\n<meta property=\"og:url\" content=\"https:\/\/duinzoomhoeve.nl\/de\/gemeinschaftsraum\/\" \/>\n<meta property=\"og:site_name\" content=\"Camping Duinzoomhoeve - Julianadorp aan Zee\" \/>\n<meta name=\"twitter:card\" content=\"summary_large_image\" \/>\n<meta name=\"twitter:label1\" content=\"Gesch\u00e4tzte Lesezeit\" \/>\n\t<meta name=\"twitter:data1\" content=\"2\u00a0Minuten\" \/>\n<script type=\"application\/ld+json\" class=\"yoast-schema-graph\">{\"@context\":\"https:\\\/\\\/schema.org\",\"@graph\":[{\"@type\":\"WebPage\",\"@id\":\"https:\\\/\\\/duinzoomhoeve.nl\\\/de\\\/gemeinschaftsraum\\\/\",\"url\":\"https:\\\/\\\/duinzoomhoeve.nl\\\/de\\\/gemeinschaftsraum\\\/\",\"name\":\"Gemeinschaftsraum - Camping Duinzoomhoeve - Julianadorp aan Zee\",\"isPartOf\":{\"@id\":\"https:\\\/\\\/duinzoomhoeve.nl\\\/#website\"},\"datePublished\":\"2025-04-18T18:09:25+00:00\",\"breadcrumb\":{\"@id\":\"https:\\\/\\\/duinzoomhoeve.nl\\\/de\\\/gemeinschaftsraum\\\/#breadcrumb\"},\"inLanguage\":\"de\",\"potentialAction\":[{\"@type\":\"ReadAction\",\"target\":[\"https:\\\/\\\/duinzoomhoeve.nl\\\/de\\\/gemeinschaftsraum\\\/\"]}]},{\"@type\":\"BreadcrumbList\",\"@id\":\"https:\\\/\\\/duinzoomhoeve.nl\\\/de\\\/gemeinschaftsraum\\\/#breadcrumb\",\"itemListElement\":[{\"@type\":\"ListItem\",\"position\":1,\"name\":\"Home\",\"item\":\"https:\\\/\\\/duinzoomhoeve.nl\\\/de\\\/\"},{\"@type\":\"ListItem\",\"position\":2,\"name\":\"Gemeinschaftsraum\"}]},{\"@type\":\"WebSite\",\"@id\":\"https:\\\/\\\/duinzoomhoeve.nl\\\/#website\",\"url\":\"https:\\\/\\\/duinzoomhoeve.nl\\\/\",\"name\":\"Camping Duinzoomhoeve - Julianadorp aan Zee\",\"description\":\"Midden tussen de bollenvelden, op nog geen 400 meter van duin en strand ligt luxe boeren camping Duinzoomhoeve.\",\"potentialAction\":[{\"@type\":\"SearchAction\",\"target\":{\"@type\":\"EntryPoint\",\"urlTemplate\":\"https:\\\/\\\/duinzoomhoeve.nl\\\/?s={search_term_string}\"},\"query-input\":{\"@type\":\"PropertyValueSpecification\",\"valueRequired\":true,\"valueName\":\"search_term_string\"}}],\"inLanguage\":\"de\"}]}<\/script>\n<!-- \/ Yoast SEO plugin. -->","yoast_head_json":{"title":"Gemeinschaftsraum - Camping Duinzoomhoeve - Julianadorp aan Zee","robots":{"index":"index","follow":"follow","max-snippet":"max-snippet:-1","max-image-preview":"max-image-preview:large","max-video-preview":"max-video-preview:-1"},"canonical":"https:\/\/duinzoomhoeve.nl\/de\/gemeinschaftsraum\/","og_locale":"de_DE","og_type":"article","og_title":"Gemeinschaftsraum - Camping Duinzoomhoeve - Julianadorp aan Zee","og_description":"Innenbereich zur ErholungDer Innenbereich auf dem Campingplatz Duinzoomhoeve ist der Ort, um sich zu entspannen und mit anderen G\u00e4sten in Kontakt zu kommen. Im Sommer bietet er angenehme K\u00fchle und bei schlechtem Wetter Schutz vor Wind und Regen. Der Raum befindet sich in einem Teil unserer ehemaligen Blumenzwiebelhalle und verf\u00fcgt \u00fcber zwei gro\u00dfe Sektionaltore, die [&hellip;]","og_url":"https:\/\/duinzoomhoeve.nl\/de\/gemeinschaftsraum\/","og_site_name":"Camping Duinzoomhoeve - Julianadorp aan Zee","twitter_card":"summary_large_image","twitter_misc":{"Gesch\u00e4tzte Lesezeit":"2\u00a0Minuten"},"schema":{"@context":"https:\/\/schema.org","@graph":[{"@type":"WebPage","@id":"https:\/\/duinzoomhoeve.nl\/de\/gemeinschaftsraum\/","url":"https:\/\/duinzoomhoeve.nl\/de\/gemeinschaftsraum\/","name":"Gemeinschaftsraum - Camping Duinzoomhoeve - Julianadorp aan Zee","isPartOf":{"@id":"https:\/\/duinzoomhoeve.nl\/#website"},"datePublished":"2025-04-18T18:09:25+00:00","breadcrumb":{"@id":"https:\/\/duinzoomhoeve.nl\/de\/gemeinschaftsraum\/#breadcrumb"},"inLanguage":"de","potentialAction":[{"@type":"ReadAction","target":["https:\/\/duinzoomhoeve.nl\/de\/gemeinschaftsraum\/"]}]},{"@type":"BreadcrumbList","@id":"https:\/\/duinzoomhoeve.nl\/de\/gemeinschaftsraum\/#breadcrumb","itemListElement":[{"@type":"ListItem","position":1,"name":"Home","item":"https:\/\/duinzoomhoeve.nl\/de\/"},{"@type":"ListItem","position":2,"name":"Gemeinschaftsraum"}]},{"@type":"WebSite","@id":"https:\/\/duinzoomhoeve.nl\/#website","url":"https:\/\/duinzoomhoeve.nl\/","name":"Camping Duinzoomhoeve - Julianadorp aan Zee","description":"Midden tussen de bollenvelden, op nog geen 400 meter van duin en strand ligt luxe boeren camping Duinzoomhoeve.","potentialAction":[{"@type":"SearchAction","target":{"@type":"EntryPoint","urlTemplate":"https:\/\/duinzoomhoeve.nl\/?s={search_term_string}"},"query-input":{"@type":"PropertyValueSpecification","valueRequired":true,"valueName":"search_term_string"}}],"inLanguage":"de"}]}},"_links":{"self":[{"href":"https:\/\/duinzoomhoeve.nl\/de\/wp-json\/wp\/v2\/pages\/5151","targetHints":{"allow":["GET"]}}],"collection":[{"href":"https:\/\/duinzoomhoeve.nl\/de\/wp-json\/wp\/v2\/pages"}],"about":[{"href":"https:\/\/duinzoomhoeve.nl\/de\/wp-json\/wp\/v2\/types\/page"}],"author":[{"embeddable":true,"href":"https:\/\/duinzoomhoeve.nl\/de\/wp-json\/wp\/v2\/users\/2"}],"replies":[{"embeddable":true,"href":"https:\/\/duinzoomhoeve.nl\/de\/wp-json\/wp\/v2\/comments?post=5151"}],"version-history":[{"count":1,"href":"https:\/\/duinzoomhoeve.nl\/de\/wp-json\/wp\/v2\/pages\/5151\/revisions"}],"predecessor-version":[{"id":5152,"href":"https:\/\/duinzoomhoeve.nl\/de\/wp-json\/wp\/v2\/pages\/5151\/revisions\/5152"}],"wp:attachment":[{"href":"https:\/\/duinzoomhoeve.nl\/de\/wp-json\/wp\/v2\/media?parent=5151"}],"curies":[{"name":"wp","href":"https:\/\/api.w.org\/{rel}","templated":true}]}}