{"id":5147,"date":"2025-04-18T19:58:53","date_gmt":"2025-04-18T17:58:53","guid":{"rendered":"https:\/\/duinzoomhoeve.nl\/?page_id=5147"},"modified":"2025-05-12T20:58:19","modified_gmt":"2025-05-12T18:58:19","slug":"t-boetje","status":"publish","type":"page","link":"https:\/\/duinzoomhoeve.nl\/de\/t-boetje\/","title":{"rendered":"&#8218;t Boetje"},"content":{"rendered":"<p class=\"\" data-start=\"70\" data-end=\"367\"><strong data-start=\"70\" data-end=\"83\">\u2019t Boetje<\/strong><br data-start=\"83\" data-end=\"86\" \/>Unser ehemaliger Schuppen \u2013 \u2019t Boetje \u2013 wurde komplett umgebaut zu einem stimmungsvollen Ferienh\u00e4uschen f\u00fcr zwei Personen! Es liegt auf dem Gel\u00e4nde des Campingplatzes Duinzoomhoeve in Julianadorp, auf einem Blumenzwiebelbetrieb und nur einen kurzen Spaziergang vom Strand entfernt.<\/p>\n<p class=\"\" data-start=\"369\" data-end=\"635\">Auf unserem Hof findest du unser gem\u00fctliches Ferienh\u00e4uschen: \u2019t Boetje. Fr\u00fcher war es ein einfacher Schuppen \u2013 oder \u201eBoetje\u201c, wie wir hier in Nordholland sagen \u2013 aber mit viel Liebe wurde es zu einer komfortablen und stilvollen Unterkunft f\u00fcr zwei Personen umgebaut.<\/p>\n<p class=\"\" data-start=\"637\" data-end=\"929\">Vom Haus aus hast du einen herrlich weiten Blick \u00fcber die Felder und kannst die Sonne in vollen Z\u00fcgen genie\u00dfen, denn Den Helder hat die meisten Sonnenstunden der Niederlande! Im Fr\u00fchling stehst du au\u00dferdem mitten in den bl\u00fchenden Blumenfeldern \u2013 ein farbenfrohes Spektakel direkt vor der T\u00fcr.<\/p>\n<p class=\"\" data-start=\"931\" data-end=\"1311\">Innen erwartet dich ein heller und gem\u00fctlicher Wohnbereich mit komplett ausgestatteter K\u00fcche (Induktionskochfeld, Geschirrsp\u00fcler, Kaffeemaschine, Toaster, Wasserkocher und K\u00fchl-Gefrierkombination), ein hoher Esstisch mit vier St\u00fchlen sowie zwei Relaxsessel zum Entspannen. Nat\u00fcrlich gibt es auch WLAN und einen Fernseher. Oben befindet sich das Schlafzimmer mit zwei Einzelbetten.<\/p>\n<p class=\"\" data-start=\"1313\" data-end=\"1459\">Das H\u00e4uschen verf\u00fcgt zudem \u00fcber ein modernes Badezimmer mit Dusche, Waschbecken und WC \u2013 alles, was du f\u00fcr einen komfortablen Aufenthalt brauchst.<\/p>\n<p class=\"\" data-start=\"1461\" data-end=\"1653\">Das Boetje kann von Freitag bis Montag oder von Montag bis Freitag und in der Hochsaison von Freitag bis Freitag gemietet werden und ist der ideale Ausgangspunkt f\u00fcr alle, die Ruhe, Platz, Strandspazierg\u00e4nge und das Leben im Freien zwischen bl\u00fchenden Blumenzwiebelfeldern lieben.<\/p>\n","protected":false},"excerpt":{"rendered":"<p>\u2019t BoetjeUnser ehemaliger Schuppen \u2013 \u2019t Boetje \u2013 wurde komplett umgebaut zu einem stimmungsvollen Ferienh\u00e4uschen f\u00fcr zwei Personen! Es liegt auf dem Gel\u00e4nde des Campingplatzes Duinzoomhoeve in Julianadorp, auf einem Blumenzwiebelbetrieb und nur einen kurzen Spaziergang vom Strand entfernt. Auf unserem Hof findest du unser gem\u00fctliches Ferienh\u00e4uschen: \u2019t Boetje. Fr\u00fcher war es ein einfacher Schuppen [&hellip;]<\/p>\n","protected":false},"author":2,"featured_media":0,"parent":0,"menu_order":4,"comment_status":"closed","ping_status":"closed","template":"","meta":{"_acf_changed":false,"footnotes":""},"class_list":["post-5147","page","type-page","status-publish","hentry"],"acf":[],"yoast_head":"<!-- This site is optimized with the Yoast SEO plugin v27.3 - https:\/\/yoast.com\/product\/yoast-seo-wordpress\/ -->\n<title>&#039;t Boetje - Camping Duinzoomhoeve - Julianadorp aan Zee<\/title>\n<meta name=\"robots\" content=\"index, follow, max-snippet:-1, max-image-preview:large, max-video-preview:-1\" \/>\n<link rel=\"canonical\" href=\"https:\/\/duinzoomhoeve.nl\/de\/t-boetje\/\" \/>\n<meta property=\"og:locale\" content=\"de_DE\" \/>\n<meta property=\"og:type\" content=\"article\" \/>\n<meta property=\"og:title\" content=\"&#039;t Boetje - Camping Duinzoomhoeve - Julianadorp aan Zee\" \/>\n<meta property=\"og:description\" content=\"\u2019t BoetjeUnser ehemaliger Schuppen \u2013 \u2019t Boetje \u2013 wurde komplett umgebaut zu einem stimmungsvollen Ferienh\u00e4uschen f\u00fcr zwei Personen! Es liegt auf dem Gel\u00e4nde des Campingplatzes Duinzoomhoeve in Julianadorp, auf einem Blumenzwiebelbetrieb und nur einen kurzen Spaziergang vom Strand entfernt. Auf unserem Hof findest du unser gem\u00fctliches Ferienh\u00e4uschen: \u2019t Boetje. Fr\u00fcher war es ein einfacher Schuppen [&hellip;]\" \/>\n<meta property=\"og:url\" content=\"https:\/\/duinzoomhoeve.nl\/de\/t-boetje\/\" \/>\n<meta property=\"og:site_name\" content=\"Camping Duinzoomhoeve - Julianadorp aan Zee\" \/>\n<meta property=\"article:modified_time\" content=\"2025-05-12T18:58:19+00:00\" \/>\n<meta name=\"twitter:card\" content=\"summary_large_image\" \/>\n<meta name=\"twitter:label1\" content=\"Gesch\u00e4tzte Lesezeit\" \/>\n\t<meta name=\"twitter:data1\" content=\"4\u00a0Minuten\" \/>\n<script type=\"application\/ld+json\" class=\"yoast-schema-graph\">{\"@context\":\"https:\\\/\\\/schema.org\",\"@graph\":[{\"@type\":\"WebPage\",\"@id\":\"https:\\\/\\\/duinzoomhoeve.nl\\\/de\\\/t-boetje\\\/\",\"url\":\"https:\\\/\\\/duinzoomhoeve.nl\\\/de\\\/t-boetje\\\/\",\"name\":\"'t Boetje - Camping Duinzoomhoeve - Julianadorp aan Zee\",\"isPartOf\":{\"@id\":\"https:\\\/\\\/duinzoomhoeve.nl\\\/#website\"},\"datePublished\":\"2025-04-18T17:58:53+00:00\",\"dateModified\":\"2025-05-12T18:58:19+00:00\",\"breadcrumb\":{\"@id\":\"https:\\\/\\\/duinzoomhoeve.nl\\\/de\\\/t-boetje\\\/#breadcrumb\"},\"inLanguage\":\"de\",\"potentialAction\":[{\"@type\":\"ReadAction\",\"target\":[\"https:\\\/\\\/duinzoomhoeve.nl\\\/de\\\/t-boetje\\\/\"]}]},{\"@type\":\"BreadcrumbList\",\"@id\":\"https:\\\/\\\/duinzoomhoeve.nl\\\/de\\\/t-boetje\\\/#breadcrumb\",\"itemListElement\":[{\"@type\":\"ListItem\",\"position\":1,\"name\":\"Home\",\"item\":\"https:\\\/\\\/duinzoomhoeve.nl\\\/de\\\/\"},{\"@type\":\"ListItem\",\"position\":2,\"name\":\"&#8217;t Boetje\"}]},{\"@type\":\"WebSite\",\"@id\":\"https:\\\/\\\/duinzoomhoeve.nl\\\/#website\",\"url\":\"https:\\\/\\\/duinzoomhoeve.nl\\\/\",\"name\":\"Camping Duinzoomhoeve - Julianadorp aan Zee\",\"description\":\"Midden tussen de bollenvelden, op nog geen 400 meter van duin en strand ligt luxe boeren camping Duinzoomhoeve.\",\"potentialAction\":[{\"@type\":\"SearchAction\",\"target\":{\"@type\":\"EntryPoint\",\"urlTemplate\":\"https:\\\/\\\/duinzoomhoeve.nl\\\/?s={search_term_string}\"},\"query-input\":{\"@type\":\"PropertyValueSpecification\",\"valueRequired\":true,\"valueName\":\"search_term_string\"}}],\"inLanguage\":\"de\"}]}<\/script>\n<!-- \/ Yoast SEO plugin. -->","yoast_head_json":{"title":"'t Boetje - Camping Duinzoomhoeve - Julianadorp aan Zee","robots":{"index":"index","follow":"follow","max-snippet":"max-snippet:-1","max-image-preview":"max-image-preview:large","max-video-preview":"max-video-preview:-1"},"canonical":"https:\/\/duinzoomhoeve.nl\/de\/t-boetje\/","og_locale":"de_DE","og_type":"article","og_title":"'t Boetje - Camping Duinzoomhoeve - Julianadorp aan Zee","og_description":"\u2019t BoetjeUnser ehemaliger Schuppen \u2013 \u2019t Boetje \u2013 wurde komplett umgebaut zu einem stimmungsvollen Ferienh\u00e4uschen f\u00fcr zwei Personen! Es liegt auf dem Gel\u00e4nde des Campingplatzes Duinzoomhoeve in Julianadorp, auf einem Blumenzwiebelbetrieb und nur einen kurzen Spaziergang vom Strand entfernt. Auf unserem Hof findest du unser gem\u00fctliches Ferienh\u00e4uschen: \u2019t Boetje. Fr\u00fcher war es ein einfacher Schuppen [&hellip;]","og_url":"https:\/\/duinzoomhoeve.nl\/de\/t-boetje\/","og_site_name":"Camping Duinzoomhoeve - Julianadorp aan Zee","article_modified_time":"2025-05-12T18:58:19+00:00","twitter_card":"summary_large_image","twitter_misc":{"Gesch\u00e4tzte Lesezeit":"4\u00a0Minuten"},"schema":{"@context":"https:\/\/schema.org","@graph":[{"@type":"WebPage","@id":"https:\/\/duinzoomhoeve.nl\/de\/t-boetje\/","url":"https:\/\/duinzoomhoeve.nl\/de\/t-boetje\/","name":"'t Boetje - Camping Duinzoomhoeve - Julianadorp aan Zee","isPartOf":{"@id":"https:\/\/duinzoomhoeve.nl\/#website"},"datePublished":"2025-04-18T17:58:53+00:00","dateModified":"2025-05-12T18:58:19+00:00","breadcrumb":{"@id":"https:\/\/duinzoomhoeve.nl\/de\/t-boetje\/#breadcrumb"},"inLanguage":"de","potentialAction":[{"@type":"ReadAction","target":["https:\/\/duinzoomhoeve.nl\/de\/t-boetje\/"]}]},{"@type":"BreadcrumbList","@id":"https:\/\/duinzoomhoeve.nl\/de\/t-boetje\/#breadcrumb","itemListElement":[{"@type":"ListItem","position":1,"name":"Home","item":"https:\/\/duinzoomhoeve.nl\/de\/"},{"@type":"ListItem","position":2,"name":"&#8217;t Boetje"}]},{"@type":"WebSite","@id":"https:\/\/duinzoomhoeve.nl\/#website","url":"https:\/\/duinzoomhoeve.nl\/","name":"Camping Duinzoomhoeve - Julianadorp aan Zee","description":"Midden tussen de bollenvelden, op nog geen 400 meter van duin en strand ligt luxe boeren camping Duinzoomhoeve.","potentialAction":[{"@type":"SearchAction","target":{"@type":"EntryPoint","urlTemplate":"https:\/\/duinzoomhoeve.nl\/?s={search_term_string}"},"query-input":{"@type":"PropertyValueSpecification","valueRequired":true,"valueName":"search_term_string"}}],"inLanguage":"de"}]}},"_links":{"self":[{"href":"https:\/\/duinzoomhoeve.nl\/de\/wp-json\/wp\/v2\/pages\/5147","targetHints":{"allow":["GET"]}}],"collection":[{"href":"https:\/\/duinzoomhoeve.nl\/de\/wp-json\/wp\/v2\/pages"}],"about":[{"href":"https:\/\/duinzoomhoeve.nl\/de\/wp-json\/wp\/v2\/types\/page"}],"author":[{"embeddable":true,"href":"https:\/\/duinzoomhoeve.nl\/de\/wp-json\/wp\/v2\/users\/2"}],"replies":[{"embeddable":true,"href":"https:\/\/duinzoomhoeve.nl\/de\/wp-json\/wp\/v2\/comments?post=5147"}],"version-history":[{"count":2,"href":"https:\/\/duinzoomhoeve.nl\/de\/wp-json\/wp\/v2\/pages\/5147\/revisions"}],"predecessor-version":[{"id":5211,"href":"https:\/\/duinzoomhoeve.nl\/de\/wp-json\/wp\/v2\/pages\/5147\/revisions\/5211"}],"wp:attachment":[{"href":"https:\/\/duinzoomhoeve.nl\/de\/wp-json\/wp\/v2\/media?parent=5147"}],"curies":[{"name":"wp","href":"https:\/\/api.w.org\/{rel}","templated":true}]}}