{"id":4134,"date":"2022-12-06T14:19:46","date_gmt":"2022-12-06T13:19:46","guid":{"rendered":"https:\/\/duinzoomhoeve.nl\/?page_id=4134"},"modified":"2023-01-23T10:26:10","modified_gmt":"2023-01-23T09:26:10","slug":"zeltplaetze-fuer-echte-reisende","status":"publish","type":"page","link":"https:\/\/duinzoomhoeve.nl\/de\/zeltplaetze-fuer-echte-reisende\/","title":{"rendered":"Zeltpl\u00e4tze f\u00fcr echte Reisende"},"content":{"rendered":"<p>Sie sind im Wander- oder Radurlaub und suchen eine \u00dcbernachtung? Wir wissen, was damit zu tun ist! Wenn Sie eine wunderbare Radroute zu den Watteninseln nehmen, auf dem Noord-Hollandswandelpad wandern oder auf der K\u00fcstenroute durch die Niederlande reisen, m\u00fcssen Sie irgendwann eine \u00dcbernachtungsm\u00f6glichkeit finden. Speziell f\u00fcr diese Reisenden haben wir einen Zeltplatz, der f\u00fcr 1 oder 2 kleine Zelte geeignet ist (siehe Punkt 13 auf der Karte).<\/p>\n","protected":false},"excerpt":{"rendered":"<p>Sie sind im Wander- oder Radurlaub und suchen eine \u00dcbernachtung? Wir wissen, was damit zu tun ist! Wenn Sie eine wunderbare Radroute zu den Watteninseln nehmen, auf dem Noord-Hollandswandelpad wandern oder auf der K\u00fcstenroute durch die Niederlande reisen, m\u00fcssen Sie irgendwann eine \u00dcbernachtungsm\u00f6glichkeit finden. Speziell f\u00fcr diese Reisenden haben wir einen Zeltplatz, der f\u00fcr 1 [&hellip;]<\/p>\n","protected":false},"author":2,"featured_media":0,"parent":0,"menu_order":20,"comment_status":"closed","ping_status":"closed","template":"","meta":{"_acf_changed":false,"footnotes":""},"class_list":["post-4134","page","type-page","status-publish","hentry"],"acf":[],"yoast_head":"<!-- This site is optimized with the Yoast SEO plugin v27.4 - https:\/\/yoast.com\/product\/yoast-seo-wordpress\/ -->\n<title>Zeltpl\u00e4tze f\u00fcr echte Reisende - Camping Duinzoomhoeve - Julianadorp aan Zee<\/title>\n<meta name=\"robots\" content=\"index, follow, max-snippet:-1, max-image-preview:large, max-video-preview:-1\" \/>\n<link rel=\"canonical\" href=\"https:\/\/duinzoomhoeve.nl\/de\/zeltplaetze-fuer-echte-reisende\/\" \/>\n<meta property=\"og:locale\" content=\"de_DE\" \/>\n<meta property=\"og:type\" content=\"article\" \/>\n<meta property=\"og:title\" content=\"Zeltpl\u00e4tze f\u00fcr echte Reisende - Camping Duinzoomhoeve - Julianadorp aan Zee\" \/>\n<meta property=\"og:description\" content=\"Sie sind im Wander- oder Radurlaub und suchen eine \u00dcbernachtung? Wir wissen, was damit zu tun ist! Wenn Sie eine wunderbare Radroute zu den Watteninseln nehmen, auf dem Noord-Hollandswandelpad wandern oder auf der K\u00fcstenroute durch die Niederlande reisen, m\u00fcssen Sie irgendwann eine \u00dcbernachtungsm\u00f6glichkeit finden. Speziell f\u00fcr diese Reisenden haben wir einen Zeltplatz, der f\u00fcr 1 [&hellip;]\" \/>\n<meta property=\"og:url\" content=\"https:\/\/duinzoomhoeve.nl\/de\/zeltplaetze-fuer-echte-reisende\/\" \/>\n<meta property=\"og:site_name\" content=\"Camping Duinzoomhoeve - Julianadorp aan Zee\" \/>\n<meta property=\"article:modified_time\" content=\"2023-01-23T09:26:10+00:00\" \/>\n<meta name=\"twitter:card\" content=\"summary_large_image\" \/>\n<meta name=\"twitter:label1\" content=\"Gesch\u00e4tzte Lesezeit\" \/>\n\t<meta name=\"twitter:data1\" content=\"1\u00a0Minute\" \/>\n<script type=\"application\/ld+json\" class=\"yoast-schema-graph\">{\"@context\":\"https:\\\/\\\/schema.org\",\"@graph\":[{\"@type\":\"WebPage\",\"@id\":\"https:\\\/\\\/duinzoomhoeve.nl\\\/de\\\/zeltplaetze-fuer-echte-reisende\\\/\",\"url\":\"https:\\\/\\\/duinzoomhoeve.nl\\\/de\\\/zeltplaetze-fuer-echte-reisende\\\/\",\"name\":\"Zeltpl\u00e4tze f\u00fcr echte Reisende - Camping Duinzoomhoeve - Julianadorp aan Zee\",\"isPartOf\":{\"@id\":\"https:\\\/\\\/duinzoomhoeve.nl\\\/#website\"},\"datePublished\":\"2022-12-06T13:19:46+00:00\",\"dateModified\":\"2023-01-23T09:26:10+00:00\",\"breadcrumb\":{\"@id\":\"https:\\\/\\\/duinzoomhoeve.nl\\\/de\\\/zeltplaetze-fuer-echte-reisende\\\/#breadcrumb\"},\"inLanguage\":\"de\",\"potentialAction\":[{\"@type\":\"ReadAction\",\"target\":[\"https:\\\/\\\/duinzoomhoeve.nl\\\/de\\\/zeltplaetze-fuer-echte-reisende\\\/\"]}]},{\"@type\":\"BreadcrumbList\",\"@id\":\"https:\\\/\\\/duinzoomhoeve.nl\\\/de\\\/zeltplaetze-fuer-echte-reisende\\\/#breadcrumb\",\"itemListElement\":[{\"@type\":\"ListItem\",\"position\":1,\"name\":\"Home\",\"item\":\"https:\\\/\\\/duinzoomhoeve.nl\\\/de\\\/\"},{\"@type\":\"ListItem\",\"position\":2,\"name\":\"Zeltpl\u00e4tze f\u00fcr echte Reisende\"}]},{\"@type\":\"WebSite\",\"@id\":\"https:\\\/\\\/duinzoomhoeve.nl\\\/#website\",\"url\":\"https:\\\/\\\/duinzoomhoeve.nl\\\/\",\"name\":\"Camping Duinzoomhoeve - Julianadorp aan Zee\",\"description\":\"Midden tussen de bollenvelden, op nog geen 400 meter van duin en strand ligt luxe boeren camping Duinzoomhoeve.\",\"potentialAction\":[{\"@type\":\"SearchAction\",\"target\":{\"@type\":\"EntryPoint\",\"urlTemplate\":\"https:\\\/\\\/duinzoomhoeve.nl\\\/?s={search_term_string}\"},\"query-input\":{\"@type\":\"PropertyValueSpecification\",\"valueRequired\":true,\"valueName\":\"search_term_string\"}}],\"inLanguage\":\"de\"}]}<\/script>\n<!-- \/ Yoast SEO plugin. -->","yoast_head_json":{"title":"Zeltpl\u00e4tze f\u00fcr echte Reisende - Camping Duinzoomhoeve - Julianadorp aan Zee","robots":{"index":"index","follow":"follow","max-snippet":"max-snippet:-1","max-image-preview":"max-image-preview:large","max-video-preview":"max-video-preview:-1"},"canonical":"https:\/\/duinzoomhoeve.nl\/de\/zeltplaetze-fuer-echte-reisende\/","og_locale":"de_DE","og_type":"article","og_title":"Zeltpl\u00e4tze f\u00fcr echte Reisende - Camping Duinzoomhoeve - Julianadorp aan Zee","og_description":"Sie sind im Wander- oder Radurlaub und suchen eine \u00dcbernachtung? Wir wissen, was damit zu tun ist! Wenn Sie eine wunderbare Radroute zu den Watteninseln nehmen, auf dem Noord-Hollandswandelpad wandern oder auf der K\u00fcstenroute durch die Niederlande reisen, m\u00fcssen Sie irgendwann eine \u00dcbernachtungsm\u00f6glichkeit finden. Speziell f\u00fcr diese Reisenden haben wir einen Zeltplatz, der f\u00fcr 1 [&hellip;]","og_url":"https:\/\/duinzoomhoeve.nl\/de\/zeltplaetze-fuer-echte-reisende\/","og_site_name":"Camping Duinzoomhoeve - Julianadorp aan Zee","article_modified_time":"2023-01-23T09:26:10+00:00","twitter_card":"summary_large_image","twitter_misc":{"Gesch\u00e4tzte Lesezeit":"1\u00a0Minute"},"schema":{"@context":"https:\/\/schema.org","@graph":[{"@type":"WebPage","@id":"https:\/\/duinzoomhoeve.nl\/de\/zeltplaetze-fuer-echte-reisende\/","url":"https:\/\/duinzoomhoeve.nl\/de\/zeltplaetze-fuer-echte-reisende\/","name":"Zeltpl\u00e4tze f\u00fcr echte Reisende - Camping Duinzoomhoeve - Julianadorp aan Zee","isPartOf":{"@id":"https:\/\/duinzoomhoeve.nl\/#website"},"datePublished":"2022-12-06T13:19:46+00:00","dateModified":"2023-01-23T09:26:10+00:00","breadcrumb":{"@id":"https:\/\/duinzoomhoeve.nl\/de\/zeltplaetze-fuer-echte-reisende\/#breadcrumb"},"inLanguage":"de","potentialAction":[{"@type":"ReadAction","target":["https:\/\/duinzoomhoeve.nl\/de\/zeltplaetze-fuer-echte-reisende\/"]}]},{"@type":"BreadcrumbList","@id":"https:\/\/duinzoomhoeve.nl\/de\/zeltplaetze-fuer-echte-reisende\/#breadcrumb","itemListElement":[{"@type":"ListItem","position":1,"name":"Home","item":"https:\/\/duinzoomhoeve.nl\/de\/"},{"@type":"ListItem","position":2,"name":"Zeltpl\u00e4tze f\u00fcr echte Reisende"}]},{"@type":"WebSite","@id":"https:\/\/duinzoomhoeve.nl\/#website","url":"https:\/\/duinzoomhoeve.nl\/","name":"Camping Duinzoomhoeve - Julianadorp aan Zee","description":"Midden tussen de bollenvelden, op nog geen 400 meter van duin en strand ligt luxe boeren camping Duinzoomhoeve.","potentialAction":[{"@type":"SearchAction","target":{"@type":"EntryPoint","urlTemplate":"https:\/\/duinzoomhoeve.nl\/?s={search_term_string}"},"query-input":{"@type":"PropertyValueSpecification","valueRequired":true,"valueName":"search_term_string"}}],"inLanguage":"de"}]}},"_links":{"self":[{"href":"https:\/\/duinzoomhoeve.nl\/de\/wp-json\/wp\/v2\/pages\/4134","targetHints":{"allow":["GET"]}}],"collection":[{"href":"https:\/\/duinzoomhoeve.nl\/de\/wp-json\/wp\/v2\/pages"}],"about":[{"href":"https:\/\/duinzoomhoeve.nl\/de\/wp-json\/wp\/v2\/types\/page"}],"author":[{"embeddable":true,"href":"https:\/\/duinzoomhoeve.nl\/de\/wp-json\/wp\/v2\/users\/2"}],"replies":[{"embeddable":true,"href":"https:\/\/duinzoomhoeve.nl\/de\/wp-json\/wp\/v2\/comments?post=4134"}],"version-history":[{"count":2,"href":"https:\/\/duinzoomhoeve.nl\/de\/wp-json\/wp\/v2\/pages\/4134\/revisions"}],"predecessor-version":[{"id":4137,"href":"https:\/\/duinzoomhoeve.nl\/de\/wp-json\/wp\/v2\/pages\/4134\/revisions\/4137"}],"wp:attachment":[{"href":"https:\/\/duinzoomhoeve.nl\/de\/wp-json\/wp\/v2\/media?parent=4134"}],"curies":[{"name":"wp","href":"https:\/\/api.w.org\/{rel}","templated":true}]}}