{"id":367,"date":"2020-01-09T14:08:59","date_gmt":"2020-01-09T13:08:59","guid":{"rendered":"https:\/\/duinzoomhoeve.nl\/?page_id=367"},"modified":"2024-12-05T12:38:38","modified_gmt":"2024-12-05T11:38:38","slug":"buchung-und-verfuegbarkeit","status":"publish","type":"page","link":"https:\/\/duinzoomhoeve.nl\/de\/buchung-und-verfuegbarkeit\/","title":{"rendered":"Kontakt und Reservierung"},"content":{"rendered":"<ul>\n<li>Der Sonntag ist unser Ruhetag, leider kein Anreisetag.<\/li>\n<li>\u00a0F\u00fcr die Stellpl\u00e4tze haben wir feste An- und Abreisetage: Montag, Mittwoch, Freitag und Samstag. Sie k\u00f6nnen an einem Tag ohne Umstellung nach Hause gehen, die Reservierung gilt dann aber bis zum n\u00e4chsten Umstellungstag.<\/li>\n<li>\u00a0Orte mit privaten Sanit\u00e4ranlagen sind von Samstag bis Samstag in Betrieb, mit Ausnahme der Pauschalangebote.<\/li>\n<\/ul>\n","protected":false},"excerpt":{"rendered":"<p>Der Sonntag ist unser Ruhetag, leider kein Anreisetag. \u00a0F\u00fcr die Stellpl\u00e4tze haben wir feste An- und Abreisetage: Montag, Mittwoch, Freitag und Samstag. Sie k\u00f6nnen an einem Tag ohne Umstellung nach Hause gehen, die Reservierung gilt dann aber bis zum n\u00e4chsten Umstellungstag. \u00a0Orte mit privaten Sanit\u00e4ranlagen sind von Samstag bis Samstag in Betrieb, mit Ausnahme der [&hellip;]<\/p>\n","protected":false},"author":1,"featured_media":0,"parent":0,"menu_order":65,"comment_status":"closed","ping_status":"closed","template":"","meta":{"_acf_changed":false,"footnotes":""},"class_list":["post-367","page","type-page","status-publish","hentry"],"acf":[],"yoast_head":"<!-- This site is optimized with the Yoast SEO plugin v27.4 - https:\/\/yoast.com\/product\/yoast-seo-wordpress\/ -->\n<title>Kontakt und Reservierung - Camping Duinzoomhoeve - Julianadorp aan Zee<\/title>\n<meta name=\"robots\" content=\"index, follow, max-snippet:-1, max-image-preview:large, max-video-preview:-1\" \/>\n<link rel=\"canonical\" href=\"https:\/\/duinzoomhoeve.nl\/de\/buchung-und-verfuegbarkeit\/\" \/>\n<meta property=\"og:locale\" content=\"de_DE\" \/>\n<meta property=\"og:type\" content=\"article\" \/>\n<meta property=\"og:title\" content=\"Kontakt und Reservierung - Camping Duinzoomhoeve - Julianadorp aan Zee\" \/>\n<meta property=\"og:description\" content=\"Der Sonntag ist unser Ruhetag, leider kein Anreisetag. \u00a0F\u00fcr die Stellpl\u00e4tze haben wir feste An- und Abreisetage: Montag, Mittwoch, Freitag und Samstag. Sie k\u00f6nnen an einem Tag ohne Umstellung nach Hause gehen, die Reservierung gilt dann aber bis zum n\u00e4chsten Umstellungstag. \u00a0Orte mit privaten Sanit\u00e4ranlagen sind von Samstag bis Samstag in Betrieb, mit Ausnahme der [&hellip;]\" \/>\n<meta property=\"og:url\" content=\"https:\/\/duinzoomhoeve.nl\/de\/buchung-und-verfuegbarkeit\/\" \/>\n<meta property=\"og:site_name\" content=\"Camping Duinzoomhoeve - Julianadorp aan Zee\" \/>\n<meta property=\"article:modified_time\" content=\"2024-12-05T11:38:38+00:00\" \/>\n<meta name=\"twitter:card\" content=\"summary_large_image\" \/>\n<meta name=\"twitter:label1\" content=\"Gesch\u00e4tzte Lesezeit\" \/>\n\t<meta name=\"twitter:data1\" content=\"1\u00a0Minute\" \/>\n<script type=\"application\/ld+json\" class=\"yoast-schema-graph\">{\"@context\":\"https:\\\/\\\/schema.org\",\"@graph\":[{\"@type\":\"WebPage\",\"@id\":\"https:\\\/\\\/duinzoomhoeve.nl\\\/de\\\/buchung-und-verfuegbarkeit\\\/\",\"url\":\"https:\\\/\\\/duinzoomhoeve.nl\\\/de\\\/buchung-und-verfuegbarkeit\\\/\",\"name\":\"Kontakt und Reservierung - Camping Duinzoomhoeve - Julianadorp aan Zee\",\"isPartOf\":{\"@id\":\"https:\\\/\\\/duinzoomhoeve.nl\\\/#website\"},\"datePublished\":\"2020-01-09T13:08:59+00:00\",\"dateModified\":\"2024-12-05T11:38:38+00:00\",\"breadcrumb\":{\"@id\":\"https:\\\/\\\/duinzoomhoeve.nl\\\/de\\\/buchung-und-verfuegbarkeit\\\/#breadcrumb\"},\"inLanguage\":\"de\",\"potentialAction\":[{\"@type\":\"ReadAction\",\"target\":[\"https:\\\/\\\/duinzoomhoeve.nl\\\/de\\\/buchung-und-verfuegbarkeit\\\/\"]}]},{\"@type\":\"BreadcrumbList\",\"@id\":\"https:\\\/\\\/duinzoomhoeve.nl\\\/de\\\/buchung-und-verfuegbarkeit\\\/#breadcrumb\",\"itemListElement\":[{\"@type\":\"ListItem\",\"position\":1,\"name\":\"Home\",\"item\":\"https:\\\/\\\/duinzoomhoeve.nl\\\/de\\\/\"},{\"@type\":\"ListItem\",\"position\":2,\"name\":\"Kontakt und Reservierung\"}]},{\"@type\":\"WebSite\",\"@id\":\"https:\\\/\\\/duinzoomhoeve.nl\\\/#website\",\"url\":\"https:\\\/\\\/duinzoomhoeve.nl\\\/\",\"name\":\"Camping Duinzoomhoeve - Julianadorp aan Zee\",\"description\":\"Midden tussen de bollenvelden, op nog geen 400 meter van duin en strand ligt luxe boeren camping Duinzoomhoeve.\",\"potentialAction\":[{\"@type\":\"SearchAction\",\"target\":{\"@type\":\"EntryPoint\",\"urlTemplate\":\"https:\\\/\\\/duinzoomhoeve.nl\\\/?s={search_term_string}\"},\"query-input\":{\"@type\":\"PropertyValueSpecification\",\"valueRequired\":true,\"valueName\":\"search_term_string\"}}],\"inLanguage\":\"de\"}]}<\/script>\n<!-- \/ Yoast SEO plugin. -->","yoast_head_json":{"title":"Kontakt und Reservierung - Camping Duinzoomhoeve - Julianadorp aan Zee","robots":{"index":"index","follow":"follow","max-snippet":"max-snippet:-1","max-image-preview":"max-image-preview:large","max-video-preview":"max-video-preview:-1"},"canonical":"https:\/\/duinzoomhoeve.nl\/de\/buchung-und-verfuegbarkeit\/","og_locale":"de_DE","og_type":"article","og_title":"Kontakt und Reservierung - Camping Duinzoomhoeve - Julianadorp aan Zee","og_description":"Der Sonntag ist unser Ruhetag, leider kein Anreisetag. \u00a0F\u00fcr die Stellpl\u00e4tze haben wir feste An- und Abreisetage: Montag, Mittwoch, Freitag und Samstag. Sie k\u00f6nnen an einem Tag ohne Umstellung nach Hause gehen, die Reservierung gilt dann aber bis zum n\u00e4chsten Umstellungstag. \u00a0Orte mit privaten Sanit\u00e4ranlagen sind von Samstag bis Samstag in Betrieb, mit Ausnahme der [&hellip;]","og_url":"https:\/\/duinzoomhoeve.nl\/de\/buchung-und-verfuegbarkeit\/","og_site_name":"Camping Duinzoomhoeve - Julianadorp aan Zee","article_modified_time":"2024-12-05T11:38:38+00:00","twitter_card":"summary_large_image","twitter_misc":{"Gesch\u00e4tzte Lesezeit":"1\u00a0Minute"},"schema":{"@context":"https:\/\/schema.org","@graph":[{"@type":"WebPage","@id":"https:\/\/duinzoomhoeve.nl\/de\/buchung-und-verfuegbarkeit\/","url":"https:\/\/duinzoomhoeve.nl\/de\/buchung-und-verfuegbarkeit\/","name":"Kontakt und Reservierung - Camping Duinzoomhoeve - Julianadorp aan Zee","isPartOf":{"@id":"https:\/\/duinzoomhoeve.nl\/#website"},"datePublished":"2020-01-09T13:08:59+00:00","dateModified":"2024-12-05T11:38:38+00:00","breadcrumb":{"@id":"https:\/\/duinzoomhoeve.nl\/de\/buchung-und-verfuegbarkeit\/#breadcrumb"},"inLanguage":"de","potentialAction":[{"@type":"ReadAction","target":["https:\/\/duinzoomhoeve.nl\/de\/buchung-und-verfuegbarkeit\/"]}]},{"@type":"BreadcrumbList","@id":"https:\/\/duinzoomhoeve.nl\/de\/buchung-und-verfuegbarkeit\/#breadcrumb","itemListElement":[{"@type":"ListItem","position":1,"name":"Home","item":"https:\/\/duinzoomhoeve.nl\/de\/"},{"@type":"ListItem","position":2,"name":"Kontakt und Reservierung"}]},{"@type":"WebSite","@id":"https:\/\/duinzoomhoeve.nl\/#website","url":"https:\/\/duinzoomhoeve.nl\/","name":"Camping Duinzoomhoeve - Julianadorp aan Zee","description":"Midden tussen de bollenvelden, op nog geen 400 meter van duin en strand ligt luxe boeren camping Duinzoomhoeve.","potentialAction":[{"@type":"SearchAction","target":{"@type":"EntryPoint","urlTemplate":"https:\/\/duinzoomhoeve.nl\/?s={search_term_string}"},"query-input":{"@type":"PropertyValueSpecification","valueRequired":true,"valueName":"search_term_string"}}],"inLanguage":"de"}]}},"_links":{"self":[{"href":"https:\/\/duinzoomhoeve.nl\/de\/wp-json\/wp\/v2\/pages\/367","targetHints":{"allow":["GET"]}}],"collection":[{"href":"https:\/\/duinzoomhoeve.nl\/de\/wp-json\/wp\/v2\/pages"}],"about":[{"href":"https:\/\/duinzoomhoeve.nl\/de\/wp-json\/wp\/v2\/types\/page"}],"author":[{"embeddable":true,"href":"https:\/\/duinzoomhoeve.nl\/de\/wp-json\/wp\/v2\/users\/1"}],"replies":[{"embeddable":true,"href":"https:\/\/duinzoomhoeve.nl\/de\/wp-json\/wp\/v2\/comments?post=367"}],"version-history":[{"count":16,"href":"https:\/\/duinzoomhoeve.nl\/de\/wp-json\/wp\/v2\/pages\/367\/revisions"}],"predecessor-version":[{"id":4961,"href":"https:\/\/duinzoomhoeve.nl\/de\/wp-json\/wp\/v2\/pages\/367\/revisions\/4961"}],"wp:attachment":[{"href":"https:\/\/duinzoomhoeve.nl\/de\/wp-json\/wp\/v2\/media?parent=367"}],"curies":[{"name":"wp","href":"https:\/\/api.w.org\/{rel}","templated":true}]}}