{"id":2210,"date":"2020-02-02T18:33:32","date_gmt":"2020-02-02T17:33:32","guid":{"rendered":"https:\/\/duinzoomhoeve.nl\/?page_id=2210"},"modified":"2025-12-06T20:50:12","modified_gmt":"2025-12-06T19:50:12","slug":"himmelfahrt-und-pfingstarrangement","status":"publish","type":"page","link":"https:\/\/duinzoomhoeve.nl\/de\/arrangements\/himmelfahrt-und-pfingstarrangement\/","title":{"rendered":"Himmelfahrt- und Pfingstarrangement"},"content":{"rendered":"<h2 style=\"text-align: center;\"><strong>Himmelfahrts- und Pfingstwochenende<\/strong><\/h2>\n<p>Kommen Sie und verbringen Sie das Himmelfahrts- und Pfingstwochenende \u00a0 (Hepi &#8211; Paket) auf dem Camping Duinzoomhoeve.<br \/>\nUnsere Pl\u00e4tze sind nur von Mittwoch 13. Mai bis Dienstag 26. Mai 2026 buchbar.<\/p>\n<p>Unsere Standardpl\u00e4tze sind f\u00fcr diesen Zeitraum ab einem Gesamtbetrag von 390 \u20ac buchbar. (basierend auf 2 Pers. exkl. Kurtaxe)<\/p>\n<p>Die Kosten f\u00fcr unsere Stellpl\u00e4tze mit eigenem Sanit\u00e4rbereich betragen 600\u20ac (bei 2 Pers. exkl. Kurtaxe)<\/p>\n<p>So k\u00f6nnen Sie 2 Wochen herrlichen Sonnenschein, einen Hauch frischer Luft am Strand und die wundersch\u00f6ne Natur genie\u00dfen.<br \/>\nUnd das auf einem autofreien Campingplatz, auf dem Sie am Ende des Urlaubs vielleicht Campingfreunde f\u00fcrs Leben gefunden haben!<\/p>\n","protected":false},"excerpt":{"rendered":"<p>Himmelfahrts- und Pfingstwochenende Kommen Sie und verbringen Sie das Himmelfahrts- und Pfingstwochenende \u00a0 (Hepi &#8211; Paket) auf dem Camping Duinzoomhoeve. Unsere Pl\u00e4tze sind nur von Mittwoch 13. Mai bis Dienstag 26. Mai 2026 buchbar. Unsere Standardpl\u00e4tze sind f\u00fcr diesen Zeitraum ab einem Gesamtbetrag von 390 \u20ac buchbar. (basierend auf 2 Pers. exkl. Kurtaxe) Die Kosten [&hellip;]<\/p>\n","protected":false},"author":2,"featured_media":0,"parent":608,"menu_order":39,"comment_status":"closed","ping_status":"closed","template":"","meta":{"_acf_changed":false,"footnotes":""},"class_list":["post-2210","page","type-page","status-publish","hentry"],"acf":[],"yoast_head":"<!-- This site is optimized with the Yoast SEO plugin v27.3 - https:\/\/yoast.com\/product\/yoast-seo-wordpress\/ -->\n<title>Himmelfahrt- und Pfingstarrangement - Camping Duinzoomhoeve - Julianadorp aan Zee<\/title>\n<meta name=\"robots\" content=\"index, follow, max-snippet:-1, max-image-preview:large, max-video-preview:-1\" \/>\n<link rel=\"canonical\" href=\"https:\/\/duinzoomhoeve.nl\/de\/arrangements\/himmelfahrt-und-pfingstarrangement\/\" \/>\n<meta property=\"og:locale\" content=\"de_DE\" \/>\n<meta property=\"og:type\" content=\"article\" \/>\n<meta property=\"og:title\" content=\"Himmelfahrt- und Pfingstarrangement - Camping Duinzoomhoeve - Julianadorp aan Zee\" \/>\n<meta property=\"og:description\" content=\"Himmelfahrts- und Pfingstwochenende Kommen Sie und verbringen Sie das Himmelfahrts- und Pfingstwochenende \u00a0 (Hepi &#8211; Paket) auf dem Camping Duinzoomhoeve. Unsere Pl\u00e4tze sind nur von Mittwoch 13. Mai bis Dienstag 26. Mai 2026 buchbar. Unsere Standardpl\u00e4tze sind f\u00fcr diesen Zeitraum ab einem Gesamtbetrag von 390 \u20ac buchbar. (basierend auf 2 Pers. exkl. Kurtaxe) Die Kosten [&hellip;]\" \/>\n<meta property=\"og:url\" content=\"https:\/\/duinzoomhoeve.nl\/de\/arrangements\/himmelfahrt-und-pfingstarrangement\/\" \/>\n<meta property=\"og:site_name\" content=\"Camping Duinzoomhoeve - Julianadorp aan Zee\" \/>\n<meta property=\"article:modified_time\" content=\"2025-12-06T19:50:12+00:00\" \/>\n<meta name=\"twitter:card\" content=\"summary_large_image\" \/>\n<meta name=\"twitter:label1\" content=\"Gesch\u00e4tzte Lesezeit\" \/>\n\t<meta name=\"twitter:data1\" content=\"1\u00a0Minute\" \/>\n<script type=\"application\/ld+json\" class=\"yoast-schema-graph\">{\"@context\":\"https:\\\/\\\/schema.org\",\"@graph\":[{\"@type\":\"WebPage\",\"@id\":\"https:\\\/\\\/duinzoomhoeve.nl\\\/de\\\/arrangements\\\/himmelfahrt-und-pfingstarrangement\\\/\",\"url\":\"https:\\\/\\\/duinzoomhoeve.nl\\\/de\\\/arrangements\\\/himmelfahrt-und-pfingstarrangement\\\/\",\"name\":\"Himmelfahrt- und Pfingstarrangement - Camping Duinzoomhoeve - Julianadorp aan Zee\",\"isPartOf\":{\"@id\":\"https:\\\/\\\/duinzoomhoeve.nl\\\/#website\"},\"datePublished\":\"2020-02-02T17:33:32+00:00\",\"dateModified\":\"2025-12-06T19:50:12+00:00\",\"breadcrumb\":{\"@id\":\"https:\\\/\\\/duinzoomhoeve.nl\\\/de\\\/arrangements\\\/himmelfahrt-und-pfingstarrangement\\\/#breadcrumb\"},\"inLanguage\":\"de\",\"potentialAction\":[{\"@type\":\"ReadAction\",\"target\":[\"https:\\\/\\\/duinzoomhoeve.nl\\\/de\\\/arrangements\\\/himmelfahrt-und-pfingstarrangement\\\/\"]}]},{\"@type\":\"BreadcrumbList\",\"@id\":\"https:\\\/\\\/duinzoomhoeve.nl\\\/de\\\/arrangements\\\/himmelfahrt-und-pfingstarrangement\\\/#breadcrumb\",\"itemListElement\":[{\"@type\":\"ListItem\",\"position\":1,\"name\":\"Home\",\"item\":\"https:\\\/\\\/duinzoomhoeve.nl\\\/de\\\/\"},{\"@type\":\"ListItem\",\"position\":2,\"name\":\"Arrangements\",\"item\":\"https:\\\/\\\/duinzoomhoeve.nl\\\/de\\\/arrangements\\\/\"},{\"@type\":\"ListItem\",\"position\":3,\"name\":\"Himmelfahrt- und Pfingstarrangement\"}]},{\"@type\":\"WebSite\",\"@id\":\"https:\\\/\\\/duinzoomhoeve.nl\\\/#website\",\"url\":\"https:\\\/\\\/duinzoomhoeve.nl\\\/\",\"name\":\"Camping Duinzoomhoeve - Julianadorp aan Zee\",\"description\":\"Midden tussen de bollenvelden, op nog geen 400 meter van duin en strand ligt luxe boeren camping Duinzoomhoeve.\",\"potentialAction\":[{\"@type\":\"SearchAction\",\"target\":{\"@type\":\"EntryPoint\",\"urlTemplate\":\"https:\\\/\\\/duinzoomhoeve.nl\\\/?s={search_term_string}\"},\"query-input\":{\"@type\":\"PropertyValueSpecification\",\"valueRequired\":true,\"valueName\":\"search_term_string\"}}],\"inLanguage\":\"de\"}]}<\/script>\n<!-- \/ Yoast SEO plugin. -->","yoast_head_json":{"title":"Himmelfahrt- und Pfingstarrangement - Camping Duinzoomhoeve - Julianadorp aan Zee","robots":{"index":"index","follow":"follow","max-snippet":"max-snippet:-1","max-image-preview":"max-image-preview:large","max-video-preview":"max-video-preview:-1"},"canonical":"https:\/\/duinzoomhoeve.nl\/de\/arrangements\/himmelfahrt-und-pfingstarrangement\/","og_locale":"de_DE","og_type":"article","og_title":"Himmelfahrt- und Pfingstarrangement - Camping Duinzoomhoeve - Julianadorp aan Zee","og_description":"Himmelfahrts- und Pfingstwochenende Kommen Sie und verbringen Sie das Himmelfahrts- und Pfingstwochenende \u00a0 (Hepi &#8211; Paket) auf dem Camping Duinzoomhoeve. Unsere Pl\u00e4tze sind nur von Mittwoch 13. Mai bis Dienstag 26. Mai 2026 buchbar. Unsere Standardpl\u00e4tze sind f\u00fcr diesen Zeitraum ab einem Gesamtbetrag von 390 \u20ac buchbar. (basierend auf 2 Pers. exkl. Kurtaxe) Die Kosten [&hellip;]","og_url":"https:\/\/duinzoomhoeve.nl\/de\/arrangements\/himmelfahrt-und-pfingstarrangement\/","og_site_name":"Camping Duinzoomhoeve - Julianadorp aan Zee","article_modified_time":"2025-12-06T19:50:12+00:00","twitter_card":"summary_large_image","twitter_misc":{"Gesch\u00e4tzte Lesezeit":"1\u00a0Minute"},"schema":{"@context":"https:\/\/schema.org","@graph":[{"@type":"WebPage","@id":"https:\/\/duinzoomhoeve.nl\/de\/arrangements\/himmelfahrt-und-pfingstarrangement\/","url":"https:\/\/duinzoomhoeve.nl\/de\/arrangements\/himmelfahrt-und-pfingstarrangement\/","name":"Himmelfahrt- und Pfingstarrangement - Camping Duinzoomhoeve - Julianadorp aan Zee","isPartOf":{"@id":"https:\/\/duinzoomhoeve.nl\/#website"},"datePublished":"2020-02-02T17:33:32+00:00","dateModified":"2025-12-06T19:50:12+00:00","breadcrumb":{"@id":"https:\/\/duinzoomhoeve.nl\/de\/arrangements\/himmelfahrt-und-pfingstarrangement\/#breadcrumb"},"inLanguage":"de","potentialAction":[{"@type":"ReadAction","target":["https:\/\/duinzoomhoeve.nl\/de\/arrangements\/himmelfahrt-und-pfingstarrangement\/"]}]},{"@type":"BreadcrumbList","@id":"https:\/\/duinzoomhoeve.nl\/de\/arrangements\/himmelfahrt-und-pfingstarrangement\/#breadcrumb","itemListElement":[{"@type":"ListItem","position":1,"name":"Home","item":"https:\/\/duinzoomhoeve.nl\/de\/"},{"@type":"ListItem","position":2,"name":"Arrangements","item":"https:\/\/duinzoomhoeve.nl\/de\/arrangements\/"},{"@type":"ListItem","position":3,"name":"Himmelfahrt- und Pfingstarrangement"}]},{"@type":"WebSite","@id":"https:\/\/duinzoomhoeve.nl\/#website","url":"https:\/\/duinzoomhoeve.nl\/","name":"Camping Duinzoomhoeve - Julianadorp aan Zee","description":"Midden tussen de bollenvelden, op nog geen 400 meter van duin en strand ligt luxe boeren camping Duinzoomhoeve.","potentialAction":[{"@type":"SearchAction","target":{"@type":"EntryPoint","urlTemplate":"https:\/\/duinzoomhoeve.nl\/?s={search_term_string}"},"query-input":{"@type":"PropertyValueSpecification","valueRequired":true,"valueName":"search_term_string"}}],"inLanguage":"de"}]}},"_links":{"self":[{"href":"https:\/\/duinzoomhoeve.nl\/de\/wp-json\/wp\/v2\/pages\/2210","targetHints":{"allow":["GET"]}}],"collection":[{"href":"https:\/\/duinzoomhoeve.nl\/de\/wp-json\/wp\/v2\/pages"}],"about":[{"href":"https:\/\/duinzoomhoeve.nl\/de\/wp-json\/wp\/v2\/types\/page"}],"author":[{"embeddable":true,"href":"https:\/\/duinzoomhoeve.nl\/de\/wp-json\/wp\/v2\/users\/2"}],"replies":[{"embeddable":true,"href":"https:\/\/duinzoomhoeve.nl\/de\/wp-json\/wp\/v2\/comments?post=2210"}],"version-history":[{"count":23,"href":"https:\/\/duinzoomhoeve.nl\/de\/wp-json\/wp\/v2\/pages\/2210\/revisions"}],"predecessor-version":[{"id":5280,"href":"https:\/\/duinzoomhoeve.nl\/de\/wp-json\/wp\/v2\/pages\/2210\/revisions\/5280"}],"up":[{"embeddable":true,"href":"https:\/\/duinzoomhoeve.nl\/de\/wp-json\/wp\/v2\/pages\/608"}],"wp:attachment":[{"href":"https:\/\/duinzoomhoeve.nl\/de\/wp-json\/wp\/v2\/media?parent=2210"}],"curies":[{"name":"wp","href":"https:\/\/api.w.org\/{rel}","templated":true}]}}