{"id":2204,"date":"2020-02-02T18:12:56","date_gmt":"2020-02-02T17:12:56","guid":{"rendered":"https:\/\/duinzoomhoeve.nl\/?page_id=2204"},"modified":"2023-01-23T10:18:02","modified_gmt":"2023-01-23T09:18:02","slug":"arrangement-noord-hollandpad","status":"publish","type":"page","link":"https:\/\/duinzoomhoeve.nl\/de\/arrangements\/arrangement-noord-hollandpad\/","title":{"rendered":"Arrangement Noord-Hollandpad"},"content":{"rendered":"<p>F\u00fcr Noord-Hollandpadwanderer! Wandern Sie im Norden Nordhollands! Genie\u00dfen Sie das Bauernleben in einer Heubergh\u00fctte, der idealen Ausgangsbasis f\u00fcr eine sch\u00f6ne, langere Wanderung auf dem &#8222;Noord-Hollandpad&#8220;.<\/p>\n<p>Sie wander durch das Naturschutzgebiet Mari\u00ebndal mit seinen vielen Feuchtgebieten und einer gro\u00dfen Vielfalt an Pflanzen und V\u00f6geln. Von hier aus gelangen Sie direkt in das gr\u00f6\u00dfte, zusammenh\u00e4ngende Blumenzwiebelgebiet der Niederlande, das an seinen bezeichnenden geraden Linien erkannt werden kann. Im Winter wird das ganze Gebiet mit einer Strohschicht bedeckt, um die Blumenzwiebeln vor den Witterungseinfl\u00fcssen zu sch\u00fctzen. Im Fr\u00fchling gibt es hier unz\u00e4hlige Gew\u00e4chse, die f\u00fcr eine tolle Farbpalette sorgen. Im Sommer werden die Blumenzwiebeln geerntet. Danach wird Gr\u00fcnd\u00fcnger ges\u00e4ht. Viele Felder werden unter Wasser gesetzt. Das sorgt daf\u00fcr, dass viele V\u00f6gel hierher kommen, die man beobachten kann. Im Herbst kehren die charakteristischen Beete wieder auf die Felder zur\u00fcck. Dann ist der Moment angebrochen, die vielen Blumenzwiebeln zu pflanzen, die dem Gebiet im Fr\u00fchling eine unvergessliche Farbenpracht bescheren!<\/p>\n","protected":false},"excerpt":{"rendered":"<p>F\u00fcr Noord-Hollandpadwanderer! Wandern Sie im Norden Nordhollands! Genie\u00dfen Sie das Bauernleben in einer Heubergh\u00fctte, der idealen Ausgangsbasis f\u00fcr eine sch\u00f6ne, langere Wanderung auf dem &#8222;Noord-Hollandpad&#8220;. Sie wander durch das Naturschutzgebiet Mari\u00ebndal mit seinen vielen Feuchtgebieten und einer gro\u00dfen Vielfalt an Pflanzen und V\u00f6geln. Von hier aus gelangen Sie direkt in das gr\u00f6\u00dfte, zusammenh\u00e4ngende Blumenzwiebelgebiet der [&hellip;]<\/p>\n","protected":false},"author":2,"featured_media":0,"parent":608,"menu_order":33,"comment_status":"closed","ping_status":"closed","template":"","meta":{"_acf_changed":false,"footnotes":""},"class_list":["post-2204","page","type-page","status-publish","hentry"],"acf":[],"yoast_head":"<!-- This site is optimized with the Yoast SEO plugin v27.3 - https:\/\/yoast.com\/product\/yoast-seo-wordpress\/ -->\n<title>Arrangement Noord-Hollandpad - Camping Duinzoomhoeve - Julianadorp aan Zee<\/title>\n<meta name=\"robots\" content=\"index, follow, max-snippet:-1, max-image-preview:large, max-video-preview:-1\" \/>\n<link rel=\"canonical\" href=\"https:\/\/duinzoomhoeve.nl\/de\/arrangements\/arrangement-noord-hollandpad\/\" \/>\n<meta property=\"og:locale\" content=\"de_DE\" \/>\n<meta property=\"og:type\" content=\"article\" \/>\n<meta property=\"og:title\" content=\"Arrangement Noord-Hollandpad - Camping Duinzoomhoeve - Julianadorp aan Zee\" \/>\n<meta property=\"og:description\" content=\"F\u00fcr Noord-Hollandpadwanderer! Wandern Sie im Norden Nordhollands! Genie\u00dfen Sie das Bauernleben in einer Heubergh\u00fctte, der idealen Ausgangsbasis f\u00fcr eine sch\u00f6ne, langere Wanderung auf dem &#8222;Noord-Hollandpad&#8220;. Sie wander durch das Naturschutzgebiet Mari\u00ebndal mit seinen vielen Feuchtgebieten und einer gro\u00dfen Vielfalt an Pflanzen und V\u00f6geln. Von hier aus gelangen Sie direkt in das gr\u00f6\u00dfte, zusammenh\u00e4ngende Blumenzwiebelgebiet der [&hellip;]\" \/>\n<meta property=\"og:url\" content=\"https:\/\/duinzoomhoeve.nl\/de\/arrangements\/arrangement-noord-hollandpad\/\" \/>\n<meta property=\"og:site_name\" content=\"Camping Duinzoomhoeve - Julianadorp aan Zee\" \/>\n<meta property=\"article:modified_time\" content=\"2023-01-23T09:18:02+00:00\" \/>\n<meta name=\"twitter:card\" content=\"summary_large_image\" \/>\n<meta name=\"twitter:label1\" content=\"Gesch\u00e4tzte Lesezeit\" \/>\n\t<meta name=\"twitter:data1\" content=\"1\u00a0Minute\" \/>\n<script type=\"application\/ld+json\" class=\"yoast-schema-graph\">{\"@context\":\"https:\\\/\\\/schema.org\",\"@graph\":[{\"@type\":\"WebPage\",\"@id\":\"https:\\\/\\\/duinzoomhoeve.nl\\\/de\\\/arrangements\\\/arrangement-noord-hollandpad\\\/\",\"url\":\"https:\\\/\\\/duinzoomhoeve.nl\\\/de\\\/arrangements\\\/arrangement-noord-hollandpad\\\/\",\"name\":\"Arrangement Noord-Hollandpad - Camping Duinzoomhoeve - Julianadorp aan Zee\",\"isPartOf\":{\"@id\":\"https:\\\/\\\/duinzoomhoeve.nl\\\/#website\"},\"datePublished\":\"2020-02-02T17:12:56+00:00\",\"dateModified\":\"2023-01-23T09:18:02+00:00\",\"breadcrumb\":{\"@id\":\"https:\\\/\\\/duinzoomhoeve.nl\\\/de\\\/arrangements\\\/arrangement-noord-hollandpad\\\/#breadcrumb\"},\"inLanguage\":\"de\",\"potentialAction\":[{\"@type\":\"ReadAction\",\"target\":[\"https:\\\/\\\/duinzoomhoeve.nl\\\/de\\\/arrangements\\\/arrangement-noord-hollandpad\\\/\"]}]},{\"@type\":\"BreadcrumbList\",\"@id\":\"https:\\\/\\\/duinzoomhoeve.nl\\\/de\\\/arrangements\\\/arrangement-noord-hollandpad\\\/#breadcrumb\",\"itemListElement\":[{\"@type\":\"ListItem\",\"position\":1,\"name\":\"Home\",\"item\":\"https:\\\/\\\/duinzoomhoeve.nl\\\/de\\\/\"},{\"@type\":\"ListItem\",\"position\":2,\"name\":\"Arrangements\",\"item\":\"https:\\\/\\\/duinzoomhoeve.nl\\\/de\\\/arrangements\\\/\"},{\"@type\":\"ListItem\",\"position\":3,\"name\":\"Arrangement Noord-Hollandpad\"}]},{\"@type\":\"WebSite\",\"@id\":\"https:\\\/\\\/duinzoomhoeve.nl\\\/#website\",\"url\":\"https:\\\/\\\/duinzoomhoeve.nl\\\/\",\"name\":\"Camping Duinzoomhoeve - Julianadorp aan Zee\",\"description\":\"Midden tussen de bollenvelden, op nog geen 400 meter van duin en strand ligt luxe boeren camping Duinzoomhoeve.\",\"potentialAction\":[{\"@type\":\"SearchAction\",\"target\":{\"@type\":\"EntryPoint\",\"urlTemplate\":\"https:\\\/\\\/duinzoomhoeve.nl\\\/?s={search_term_string}\"},\"query-input\":{\"@type\":\"PropertyValueSpecification\",\"valueRequired\":true,\"valueName\":\"search_term_string\"}}],\"inLanguage\":\"de\"}]}<\/script>\n<!-- \/ Yoast SEO plugin. -->","yoast_head_json":{"title":"Arrangement Noord-Hollandpad - Camping Duinzoomhoeve - Julianadorp aan Zee","robots":{"index":"index","follow":"follow","max-snippet":"max-snippet:-1","max-image-preview":"max-image-preview:large","max-video-preview":"max-video-preview:-1"},"canonical":"https:\/\/duinzoomhoeve.nl\/de\/arrangements\/arrangement-noord-hollandpad\/","og_locale":"de_DE","og_type":"article","og_title":"Arrangement Noord-Hollandpad - Camping Duinzoomhoeve - Julianadorp aan Zee","og_description":"F\u00fcr Noord-Hollandpadwanderer! Wandern Sie im Norden Nordhollands! Genie\u00dfen Sie das Bauernleben in einer Heubergh\u00fctte, der idealen Ausgangsbasis f\u00fcr eine sch\u00f6ne, langere Wanderung auf dem &#8222;Noord-Hollandpad&#8220;. Sie wander durch das Naturschutzgebiet Mari\u00ebndal mit seinen vielen Feuchtgebieten und einer gro\u00dfen Vielfalt an Pflanzen und V\u00f6geln. Von hier aus gelangen Sie direkt in das gr\u00f6\u00dfte, zusammenh\u00e4ngende Blumenzwiebelgebiet der [&hellip;]","og_url":"https:\/\/duinzoomhoeve.nl\/de\/arrangements\/arrangement-noord-hollandpad\/","og_site_name":"Camping Duinzoomhoeve - Julianadorp aan Zee","article_modified_time":"2023-01-23T09:18:02+00:00","twitter_card":"summary_large_image","twitter_misc":{"Gesch\u00e4tzte Lesezeit":"1\u00a0Minute"},"schema":{"@context":"https:\/\/schema.org","@graph":[{"@type":"WebPage","@id":"https:\/\/duinzoomhoeve.nl\/de\/arrangements\/arrangement-noord-hollandpad\/","url":"https:\/\/duinzoomhoeve.nl\/de\/arrangements\/arrangement-noord-hollandpad\/","name":"Arrangement Noord-Hollandpad - Camping Duinzoomhoeve - Julianadorp aan Zee","isPartOf":{"@id":"https:\/\/duinzoomhoeve.nl\/#website"},"datePublished":"2020-02-02T17:12:56+00:00","dateModified":"2023-01-23T09:18:02+00:00","breadcrumb":{"@id":"https:\/\/duinzoomhoeve.nl\/de\/arrangements\/arrangement-noord-hollandpad\/#breadcrumb"},"inLanguage":"de","potentialAction":[{"@type":"ReadAction","target":["https:\/\/duinzoomhoeve.nl\/de\/arrangements\/arrangement-noord-hollandpad\/"]}]},{"@type":"BreadcrumbList","@id":"https:\/\/duinzoomhoeve.nl\/de\/arrangements\/arrangement-noord-hollandpad\/#breadcrumb","itemListElement":[{"@type":"ListItem","position":1,"name":"Home","item":"https:\/\/duinzoomhoeve.nl\/de\/"},{"@type":"ListItem","position":2,"name":"Arrangements","item":"https:\/\/duinzoomhoeve.nl\/de\/arrangements\/"},{"@type":"ListItem","position":3,"name":"Arrangement Noord-Hollandpad"}]},{"@type":"WebSite","@id":"https:\/\/duinzoomhoeve.nl\/#website","url":"https:\/\/duinzoomhoeve.nl\/","name":"Camping Duinzoomhoeve - Julianadorp aan Zee","description":"Midden tussen de bollenvelden, op nog geen 400 meter van duin en strand ligt luxe boeren camping Duinzoomhoeve.","potentialAction":[{"@type":"SearchAction","target":{"@type":"EntryPoint","urlTemplate":"https:\/\/duinzoomhoeve.nl\/?s={search_term_string}"},"query-input":{"@type":"PropertyValueSpecification","valueRequired":true,"valueName":"search_term_string"}}],"inLanguage":"de"}]}},"_links":{"self":[{"href":"https:\/\/duinzoomhoeve.nl\/de\/wp-json\/wp\/v2\/pages\/2204","targetHints":{"allow":["GET"]}}],"collection":[{"href":"https:\/\/duinzoomhoeve.nl\/de\/wp-json\/wp\/v2\/pages"}],"about":[{"href":"https:\/\/duinzoomhoeve.nl\/de\/wp-json\/wp\/v2\/types\/page"}],"author":[{"embeddable":true,"href":"https:\/\/duinzoomhoeve.nl\/de\/wp-json\/wp\/v2\/users\/2"}],"replies":[{"embeddable":true,"href":"https:\/\/duinzoomhoeve.nl\/de\/wp-json\/wp\/v2\/comments?post=2204"}],"version-history":[{"count":10,"href":"https:\/\/duinzoomhoeve.nl\/de\/wp-json\/wp\/v2\/pages\/2204\/revisions"}],"predecessor-version":[{"id":2754,"href":"https:\/\/duinzoomhoeve.nl\/de\/wp-json\/wp\/v2\/pages\/2204\/revisions\/2754"}],"up":[{"embeddable":true,"href":"https:\/\/duinzoomhoeve.nl\/de\/wp-json\/wp\/v2\/pages\/608"}],"wp:attachment":[{"href":"https:\/\/duinzoomhoeve.nl\/de\/wp-json\/wp\/v2\/media?parent=2204"}],"curies":[{"name":"wp","href":"https:\/\/api.w.org\/{rel}","templated":true}]}}