{"id":2202,"date":"2020-02-02T17:54:52","date_gmt":"2020-02-02T16:54:52","guid":{"rendered":"https:\/\/duinzoomhoeve.nl\/?page_id=2202"},"modified":"2025-07-20T23:32:06","modified_gmt":"2025-07-20T21:32:06","slug":"mit-frischem-kopf-in-den-winter","status":"publish","type":"page","link":"https:\/\/duinzoomhoeve.nl\/de\/arrangements\/mit-frischem-kopf-in-den-winter\/","title":{"rendered":"Mit frischem Kopf in den Winter"},"content":{"rendered":"<p>Den Wind um die Ohren, frische Luft schnappen und einfach mal nichts tun, eine Pause vom Alltag, gemeinsam in die Natur gehen und die frische Luft genie\u00dfen! Erleben Sie sie zu Ihrem Moment: die wundersch\u00f6ne Welt des Herbstes!<\/p>\n<p data-start=\"0\" data-end=\"73\">Eine Woche Camping f\u00fcr 175 \u20ac auf Basis von zwei Personen im Oktober 2025.<\/p>\n<p data-start=\"75\" data-end=\"169\" data-is-last-node=\"\" data-is-only-node=\"\">Eine Woche Camping mit privatem Sanit\u00e4r f\u00fcr 275 \u20ac auf Basis von zwei Personen im Oktober 2025.<\/p>\n<p>Mit Wohnwagen oder Wohnmobil, exklusive Touristensteuer.<\/p>\n<p>Genie\u00dfen Sie den tollen Himmel, die letzten Sonnenstrahlen oder vielleicht auch die ersten Regentropfen. Die Chance auf Wind ist immer vorhanden.<br \/>\nBei st\u00fcrmischem Wetter ist die Nordsee am sch\u00f6nsten. Dann ist eine Wanderung am Strand ein echtes Abenteuer! Wandern Sie auch durch Mari\u00ebndal oder durch die D\u00fcnen. Str\u00f6pern Sie durch die Donkere Duinen in Den Helder oder durch das Naturschutzgebiet Zwanenwater bei Callantsoog. Besuchen Sie Wildrijk, wo die Pilze im Herbst buchst\u00e4blich aus der Erde schie\u00dfen. Hier k\u00f6nnen Sie pr\u00e4chtige Fotos machen oder einfach nur staunen!<\/p>\n<p>Nennen Sie bei Ihrer Buchung das Kennwort: &#8222;Mit frischen Kopf in den Winter&#8220;, dann ber\u00fccksichtigen wir Ihren Rabatt.<\/p>\n","protected":false},"excerpt":{"rendered":"<p>Den Wind um die Ohren, frische Luft schnappen und einfach mal nichts tun, eine Pause vom Alltag, gemeinsam in die Natur gehen und die frische Luft genie\u00dfen! Erleben Sie sie zu Ihrem Moment: die wundersch\u00f6ne Welt des Herbstes! Eine Woche Camping f\u00fcr 175 \u20ac auf Basis von zwei Personen im Oktober 2025. Eine Woche Camping [&hellip;]<\/p>\n","protected":false},"author":2,"featured_media":0,"parent":608,"menu_order":28,"comment_status":"closed","ping_status":"closed","template":"","meta":{"_acf_changed":false,"footnotes":""},"class_list":["post-2202","page","type-page","status-publish","hentry"],"acf":[],"yoast_head":"<!-- This site is optimized with the Yoast SEO plugin v27.3 - https:\/\/yoast.com\/product\/yoast-seo-wordpress\/ -->\n<title>Mit frischem Kopf in den Winter - Camping Duinzoomhoeve - Julianadorp aan Zee<\/title>\n<meta name=\"robots\" content=\"index, follow, max-snippet:-1, max-image-preview:large, max-video-preview:-1\" \/>\n<link rel=\"canonical\" href=\"https:\/\/duinzoomhoeve.nl\/de\/arrangements\/mit-frischem-kopf-in-den-winter\/\" \/>\n<meta property=\"og:locale\" content=\"de_DE\" \/>\n<meta property=\"og:type\" content=\"article\" \/>\n<meta property=\"og:title\" content=\"Mit frischem Kopf in den Winter - Camping Duinzoomhoeve - Julianadorp aan Zee\" \/>\n<meta property=\"og:description\" content=\"Den Wind um die Ohren, frische Luft schnappen und einfach mal nichts tun, eine Pause vom Alltag, gemeinsam in die Natur gehen und die frische Luft genie\u00dfen! Erleben Sie sie zu Ihrem Moment: die wundersch\u00f6ne Welt des Herbstes! Eine Woche Camping f\u00fcr 175 \u20ac auf Basis von zwei Personen im Oktober 2025. Eine Woche Camping [&hellip;]\" \/>\n<meta property=\"og:url\" content=\"https:\/\/duinzoomhoeve.nl\/de\/arrangements\/mit-frischem-kopf-in-den-winter\/\" \/>\n<meta property=\"og:site_name\" content=\"Camping Duinzoomhoeve - Julianadorp aan Zee\" \/>\n<meta property=\"article:modified_time\" content=\"2025-07-20T21:32:06+00:00\" \/>\n<meta name=\"twitter:card\" content=\"summary_large_image\" \/>\n<meta name=\"twitter:label1\" content=\"Gesch\u00e4tzte Lesezeit\" \/>\n\t<meta name=\"twitter:data1\" content=\"2\u00a0Minuten\" \/>\n<script type=\"application\/ld+json\" class=\"yoast-schema-graph\">{\"@context\":\"https:\\\/\\\/schema.org\",\"@graph\":[{\"@type\":\"WebPage\",\"@id\":\"https:\\\/\\\/duinzoomhoeve.nl\\\/de\\\/arrangements\\\/mit-frischem-kopf-in-den-winter\\\/\",\"url\":\"https:\\\/\\\/duinzoomhoeve.nl\\\/de\\\/arrangements\\\/mit-frischem-kopf-in-den-winter\\\/\",\"name\":\"Mit frischem Kopf in den Winter - Camping Duinzoomhoeve - Julianadorp aan Zee\",\"isPartOf\":{\"@id\":\"https:\\\/\\\/duinzoomhoeve.nl\\\/#website\"},\"datePublished\":\"2020-02-02T16:54:52+00:00\",\"dateModified\":\"2025-07-20T21:32:06+00:00\",\"breadcrumb\":{\"@id\":\"https:\\\/\\\/duinzoomhoeve.nl\\\/de\\\/arrangements\\\/mit-frischem-kopf-in-den-winter\\\/#breadcrumb\"},\"inLanguage\":\"de\",\"potentialAction\":[{\"@type\":\"ReadAction\",\"target\":[\"https:\\\/\\\/duinzoomhoeve.nl\\\/de\\\/arrangements\\\/mit-frischem-kopf-in-den-winter\\\/\"]}]},{\"@type\":\"BreadcrumbList\",\"@id\":\"https:\\\/\\\/duinzoomhoeve.nl\\\/de\\\/arrangements\\\/mit-frischem-kopf-in-den-winter\\\/#breadcrumb\",\"itemListElement\":[{\"@type\":\"ListItem\",\"position\":1,\"name\":\"Home\",\"item\":\"https:\\\/\\\/duinzoomhoeve.nl\\\/de\\\/\"},{\"@type\":\"ListItem\",\"position\":2,\"name\":\"Arrangements\",\"item\":\"https:\\\/\\\/duinzoomhoeve.nl\\\/de\\\/arrangements\\\/\"},{\"@type\":\"ListItem\",\"position\":3,\"name\":\"Mit frischem Kopf in den Winter\"}]},{\"@type\":\"WebSite\",\"@id\":\"https:\\\/\\\/duinzoomhoeve.nl\\\/#website\",\"url\":\"https:\\\/\\\/duinzoomhoeve.nl\\\/\",\"name\":\"Camping Duinzoomhoeve - Julianadorp aan Zee\",\"description\":\"Midden tussen de bollenvelden, op nog geen 400 meter van duin en strand ligt luxe boeren camping Duinzoomhoeve.\",\"potentialAction\":[{\"@type\":\"SearchAction\",\"target\":{\"@type\":\"EntryPoint\",\"urlTemplate\":\"https:\\\/\\\/duinzoomhoeve.nl\\\/?s={search_term_string}\"},\"query-input\":{\"@type\":\"PropertyValueSpecification\",\"valueRequired\":true,\"valueName\":\"search_term_string\"}}],\"inLanguage\":\"de\"}]}<\/script>\n<!-- \/ Yoast SEO plugin. -->","yoast_head_json":{"title":"Mit frischem Kopf in den Winter - Camping Duinzoomhoeve - Julianadorp aan Zee","robots":{"index":"index","follow":"follow","max-snippet":"max-snippet:-1","max-image-preview":"max-image-preview:large","max-video-preview":"max-video-preview:-1"},"canonical":"https:\/\/duinzoomhoeve.nl\/de\/arrangements\/mit-frischem-kopf-in-den-winter\/","og_locale":"de_DE","og_type":"article","og_title":"Mit frischem Kopf in den Winter - Camping Duinzoomhoeve - Julianadorp aan Zee","og_description":"Den Wind um die Ohren, frische Luft schnappen und einfach mal nichts tun, eine Pause vom Alltag, gemeinsam in die Natur gehen und die frische Luft genie\u00dfen! Erleben Sie sie zu Ihrem Moment: die wundersch\u00f6ne Welt des Herbstes! Eine Woche Camping f\u00fcr 175 \u20ac auf Basis von zwei Personen im Oktober 2025. Eine Woche Camping [&hellip;]","og_url":"https:\/\/duinzoomhoeve.nl\/de\/arrangements\/mit-frischem-kopf-in-den-winter\/","og_site_name":"Camping Duinzoomhoeve - Julianadorp aan Zee","article_modified_time":"2025-07-20T21:32:06+00:00","twitter_card":"summary_large_image","twitter_misc":{"Gesch\u00e4tzte Lesezeit":"2\u00a0Minuten"},"schema":{"@context":"https:\/\/schema.org","@graph":[{"@type":"WebPage","@id":"https:\/\/duinzoomhoeve.nl\/de\/arrangements\/mit-frischem-kopf-in-den-winter\/","url":"https:\/\/duinzoomhoeve.nl\/de\/arrangements\/mit-frischem-kopf-in-den-winter\/","name":"Mit frischem Kopf in den Winter - Camping Duinzoomhoeve - Julianadorp aan Zee","isPartOf":{"@id":"https:\/\/duinzoomhoeve.nl\/#website"},"datePublished":"2020-02-02T16:54:52+00:00","dateModified":"2025-07-20T21:32:06+00:00","breadcrumb":{"@id":"https:\/\/duinzoomhoeve.nl\/de\/arrangements\/mit-frischem-kopf-in-den-winter\/#breadcrumb"},"inLanguage":"de","potentialAction":[{"@type":"ReadAction","target":["https:\/\/duinzoomhoeve.nl\/de\/arrangements\/mit-frischem-kopf-in-den-winter\/"]}]},{"@type":"BreadcrumbList","@id":"https:\/\/duinzoomhoeve.nl\/de\/arrangements\/mit-frischem-kopf-in-den-winter\/#breadcrumb","itemListElement":[{"@type":"ListItem","position":1,"name":"Home","item":"https:\/\/duinzoomhoeve.nl\/de\/"},{"@type":"ListItem","position":2,"name":"Arrangements","item":"https:\/\/duinzoomhoeve.nl\/de\/arrangements\/"},{"@type":"ListItem","position":3,"name":"Mit frischem Kopf in den Winter"}]},{"@type":"WebSite","@id":"https:\/\/duinzoomhoeve.nl\/#website","url":"https:\/\/duinzoomhoeve.nl\/","name":"Camping Duinzoomhoeve - Julianadorp aan Zee","description":"Midden tussen de bollenvelden, op nog geen 400 meter van duin en strand ligt luxe boeren camping Duinzoomhoeve.","potentialAction":[{"@type":"SearchAction","target":{"@type":"EntryPoint","urlTemplate":"https:\/\/duinzoomhoeve.nl\/?s={search_term_string}"},"query-input":{"@type":"PropertyValueSpecification","valueRequired":true,"valueName":"search_term_string"}}],"inLanguage":"de"}]}},"_links":{"self":[{"href":"https:\/\/duinzoomhoeve.nl\/de\/wp-json\/wp\/v2\/pages\/2202","targetHints":{"allow":["GET"]}}],"collection":[{"href":"https:\/\/duinzoomhoeve.nl\/de\/wp-json\/wp\/v2\/pages"}],"about":[{"href":"https:\/\/duinzoomhoeve.nl\/de\/wp-json\/wp\/v2\/types\/page"}],"author":[{"embeddable":true,"href":"https:\/\/duinzoomhoeve.nl\/de\/wp-json\/wp\/v2\/users\/2"}],"replies":[{"embeddable":true,"href":"https:\/\/duinzoomhoeve.nl\/de\/wp-json\/wp\/v2\/comments?post=2202"}],"version-history":[{"count":13,"href":"https:\/\/duinzoomhoeve.nl\/de\/wp-json\/wp\/v2\/pages\/2202\/revisions"}],"predecessor-version":[{"id":5249,"href":"https:\/\/duinzoomhoeve.nl\/de\/wp-json\/wp\/v2\/pages\/2202\/revisions\/5249"}],"up":[{"embeddable":true,"href":"https:\/\/duinzoomhoeve.nl\/de\/wp-json\/wp\/v2\/pages\/608"}],"wp:attachment":[{"href":"https:\/\/duinzoomhoeve.nl\/de\/wp-json\/wp\/v2\/media?parent=2202"}],"curies":[{"name":"wp","href":"https:\/\/api.w.org\/{rel}","templated":true}]}}