{"id":162,"date":"2019-12-23T11:31:02","date_gmt":"2019-12-23T10:31:02","guid":{"rendered":"https:\/\/duinzoomhoeve.nl\/?page_id=162"},"modified":"2025-04-18T20:32:08","modified_gmt":"2025-04-18T18:32:08","slug":"hauptseite","status":"publish","type":"page","link":"https:\/\/duinzoomhoeve.nl\/de\/","title":{"rendered":"Hauptseite"},"content":{"rendered":"<p>Mitten zwischen den Blumenzwiebelfeldern, einen Katzensprung von den D\u00fcnen und dem Strand entfernt, finden Sie den luxuri\u00f6sen Bauernhof-Campingplatz Duinzoomhoeve. Ruhig gelegen, zwischen Julianadorp und Den Helder, mit den meisten Sonnenstunden der Niederlande, sind Sie hier ganz aus dem Alltag heraus. Campen beim Bauern an der Nordseek\u00fcste, mit einer Auswahl aus Heubergh\u00fctten, Pipowagen oder gro\u00dfz\u00fcgig angelegten Campingpl\u00e4tzen.<\/p>\n<p class=\"\" data-start=\"47\" data-end=\"262\"><strong data-start=\"47\" data-end=\"65\">Neu: \u2019t Boetje<\/strong><br data-start=\"65\" data-end=\"68\" \/>Fr\u00fcher war es ein einfacher Schuppen \u2013 oder \u201eBoetje\u201c, wie wir hier in Nordholland sagen \u2013 aber es wurde mit viel Sorgfalt in eine komfortable und stilvolle Unterkunft f\u00fcr zwei Personen umgebaut.<\/p>\n<p>&nbsp;<\/p>\n<p>&nbsp;<\/p>\n","protected":false},"excerpt":{"rendered":"<p>Mitten zwischen den Blumenzwiebelfeldern, einen Katzensprung von den D\u00fcnen und dem Strand entfernt, finden Sie den luxuri\u00f6sen Bauernhof-Campingplatz Duinzoomhoeve. Ruhig gelegen, zwischen Julianadorp und Den Helder, mit den meisten Sonnenstunden der Niederlande, sind Sie hier ganz aus dem Alltag heraus. Campen beim Bauern an der Nordseek\u00fcste, mit einer Auswahl aus Heubergh\u00fctten, Pipowagen oder gro\u00dfz\u00fcgig angelegten [&hellip;]<\/p>\n","protected":false},"author":1,"featured_media":347,"parent":0,"menu_order":73,"comment_status":"closed","ping_status":"closed","template":"","meta":{"_acf_changed":false,"footnotes":""},"class_list":["post-162","page","type-page","status-publish","has-post-thumbnail","hentry"],"acf":[],"yoast_head":"<!-- This site is optimized with the Yoast SEO plugin v27.3 - https:\/\/yoast.com\/product\/yoast-seo-wordpress\/ -->\n<title>Hauptseite - Camping Duinzoomhoeve - Julianadorp aan Zee<\/title>\n<meta name=\"description\" content=\"Mitten zwischen den Blumenzwiebelfeldern, einen Katzensprung von den D\u00fcnen und dem Strand entfernt, finden Sie den luxuri\u00f6sen Campingplatz Duinzoomhoeve.\" \/>\n<meta name=\"robots\" content=\"index, follow, max-snippet:-1, max-image-preview:large, max-video-preview:-1\" \/>\n<link rel=\"canonical\" href=\"https:\/\/duinzoomhoeve.nl\/de\/\" \/>\n<meta property=\"og:locale\" content=\"de_DE\" \/>\n<meta property=\"og:type\" content=\"article\" \/>\n<meta property=\"og:title\" content=\"Hauptseite - Camping Duinzoomhoeve - Julianadorp aan Zee\" \/>\n<meta property=\"og:description\" content=\"Mitten zwischen den Blumenzwiebelfeldern, einen Katzensprung von den D\u00fcnen und dem Strand entfernt, finden Sie den luxuri\u00f6sen Campingplatz Duinzoomhoeve.\" \/>\n<meta property=\"og:url\" content=\"https:\/\/duinzoomhoeve.nl\/de\/\" \/>\n<meta property=\"og:site_name\" content=\"Camping Duinzoomhoeve - Julianadorp aan Zee\" \/>\n<meta property=\"article:modified_time\" content=\"2025-04-18T18:32:08+00:00\" \/>\n<meta property=\"og:image\" content=\"https:\/\/duinzoomhoeve.nl\/wp-content\/uploads\/2020\/01\/duinzoomhoeve_bloemenvelden_3-1.jpg\" \/>\n\t<meta property=\"og:image:width\" content=\"1280\" \/>\n\t<meta property=\"og:image:height\" content=\"853\" \/>\n\t<meta property=\"og:image:type\" content=\"image\/jpeg\" \/>\n<meta name=\"twitter:card\" content=\"summary_large_image\" \/>\n<meta name=\"twitter:label1\" content=\"Gesch\u00e4tzte Lesezeit\" \/>\n\t<meta name=\"twitter:data1\" content=\"4\u00a0Minuten\" \/>\n<script type=\"application\/ld+json\" class=\"yoast-schema-graph\">{\"@context\":\"https:\\\/\\\/schema.org\",\"@graph\":[{\"@type\":\"WebPage\",\"@id\":\"https:\\\/\\\/duinzoomhoeve.nl\\\/de\\\/\",\"url\":\"https:\\\/\\\/duinzoomhoeve.nl\\\/de\\\/\",\"name\":\"Hauptseite - Camping Duinzoomhoeve - Julianadorp aan Zee\",\"isPartOf\":{\"@id\":\"https:\\\/\\\/duinzoomhoeve.nl\\\/#website\"},\"primaryImageOfPage\":{\"@id\":\"https:\\\/\\\/duinzoomhoeve.nl\\\/de\\\/#primaryimage\"},\"image\":{\"@id\":\"https:\\\/\\\/duinzoomhoeve.nl\\\/de\\\/#primaryimage\"},\"thumbnailUrl\":\"https:\\\/\\\/duinzoomhoeve.nl\\\/wp-content\\\/uploads\\\/2020\\\/01\\\/duinzoomhoeve_bloemenvelden_3-1.jpg\",\"datePublished\":\"2019-12-23T10:31:02+00:00\",\"dateModified\":\"2025-04-18T18:32:08+00:00\",\"description\":\"Mitten zwischen den Blumenzwiebelfeldern, einen Katzensprung von den D\u00fcnen und dem Strand entfernt, finden Sie den luxuri\u00f6sen Campingplatz Duinzoomhoeve.\",\"breadcrumb\":{\"@id\":\"https:\\\/\\\/duinzoomhoeve.nl\\\/de\\\/#breadcrumb\"},\"inLanguage\":\"de\",\"potentialAction\":[{\"@type\":\"ReadAction\",\"target\":[\"https:\\\/\\\/duinzoomhoeve.nl\\\/de\\\/\"]}]},{\"@type\":\"ImageObject\",\"inLanguage\":\"de\",\"@id\":\"https:\\\/\\\/duinzoomhoeve.nl\\\/de\\\/#primaryimage\",\"url\":\"https:\\\/\\\/duinzoomhoeve.nl\\\/wp-content\\\/uploads\\\/2020\\\/01\\\/duinzoomhoeve_bloemenvelden_3-1.jpg\",\"contentUrl\":\"https:\\\/\\\/duinzoomhoeve.nl\\\/wp-content\\\/uploads\\\/2020\\\/01\\\/duinzoomhoeve_bloemenvelden_3-1.jpg\",\"width\":1280,\"height\":853,\"caption\":\"SAMSUNG CSC\"},{\"@type\":\"BreadcrumbList\",\"@id\":\"https:\\\/\\\/duinzoomhoeve.nl\\\/de\\\/#breadcrumb\",\"itemListElement\":[{\"@type\":\"ListItem\",\"position\":1,\"name\":\"Home\",\"item\":\"https:\\\/\\\/duinzoomhoeve.nl\\\/de\\\/\"},{\"@type\":\"ListItem\",\"position\":2,\"name\":\"Hauptseite\"}]},{\"@type\":\"WebSite\",\"@id\":\"https:\\\/\\\/duinzoomhoeve.nl\\\/#website\",\"url\":\"https:\\\/\\\/duinzoomhoeve.nl\\\/\",\"name\":\"Camping Duinzoomhoeve - Julianadorp aan Zee\",\"description\":\"Midden tussen de bollenvelden, op nog geen 400 meter van duin en strand ligt luxe boeren camping Duinzoomhoeve.\",\"potentialAction\":[{\"@type\":\"SearchAction\",\"target\":{\"@type\":\"EntryPoint\",\"urlTemplate\":\"https:\\\/\\\/duinzoomhoeve.nl\\\/?s={search_term_string}\"},\"query-input\":{\"@type\":\"PropertyValueSpecification\",\"valueRequired\":true,\"valueName\":\"search_term_string\"}}],\"inLanguage\":\"de\"}]}<\/script>\n<!-- \/ Yoast SEO plugin. -->","yoast_head_json":{"title":"Hauptseite - Camping Duinzoomhoeve - Julianadorp aan Zee","description":"Mitten zwischen den Blumenzwiebelfeldern, einen Katzensprung von den D\u00fcnen und dem Strand entfernt, finden Sie den luxuri\u00f6sen Campingplatz Duinzoomhoeve.","robots":{"index":"index","follow":"follow","max-snippet":"max-snippet:-1","max-image-preview":"max-image-preview:large","max-video-preview":"max-video-preview:-1"},"canonical":"https:\/\/duinzoomhoeve.nl\/de\/","og_locale":"de_DE","og_type":"article","og_title":"Hauptseite - Camping Duinzoomhoeve - Julianadorp aan Zee","og_description":"Mitten zwischen den Blumenzwiebelfeldern, einen Katzensprung von den D\u00fcnen und dem Strand entfernt, finden Sie den luxuri\u00f6sen Campingplatz Duinzoomhoeve.","og_url":"https:\/\/duinzoomhoeve.nl\/de\/","og_site_name":"Camping Duinzoomhoeve - Julianadorp aan Zee","article_modified_time":"2025-04-18T18:32:08+00:00","og_image":[{"width":1280,"height":853,"url":"https:\/\/duinzoomhoeve.nl\/wp-content\/uploads\/2020\/01\/duinzoomhoeve_bloemenvelden_3-1.jpg","type":"image\/jpeg"}],"twitter_card":"summary_large_image","twitter_misc":{"Gesch\u00e4tzte Lesezeit":"4\u00a0Minuten"},"schema":{"@context":"https:\/\/schema.org","@graph":[{"@type":"WebPage","@id":"https:\/\/duinzoomhoeve.nl\/de\/","url":"https:\/\/duinzoomhoeve.nl\/de\/","name":"Hauptseite - Camping Duinzoomhoeve - Julianadorp aan Zee","isPartOf":{"@id":"https:\/\/duinzoomhoeve.nl\/#website"},"primaryImageOfPage":{"@id":"https:\/\/duinzoomhoeve.nl\/de\/#primaryimage"},"image":{"@id":"https:\/\/duinzoomhoeve.nl\/de\/#primaryimage"},"thumbnailUrl":"https:\/\/duinzoomhoeve.nl\/wp-content\/uploads\/2020\/01\/duinzoomhoeve_bloemenvelden_3-1.jpg","datePublished":"2019-12-23T10:31:02+00:00","dateModified":"2025-04-18T18:32:08+00:00","description":"Mitten zwischen den Blumenzwiebelfeldern, einen Katzensprung von den D\u00fcnen und dem Strand entfernt, finden Sie den luxuri\u00f6sen Campingplatz Duinzoomhoeve.","breadcrumb":{"@id":"https:\/\/duinzoomhoeve.nl\/de\/#breadcrumb"},"inLanguage":"de","potentialAction":[{"@type":"ReadAction","target":["https:\/\/duinzoomhoeve.nl\/de\/"]}]},{"@type":"ImageObject","inLanguage":"de","@id":"https:\/\/duinzoomhoeve.nl\/de\/#primaryimage","url":"https:\/\/duinzoomhoeve.nl\/wp-content\/uploads\/2020\/01\/duinzoomhoeve_bloemenvelden_3-1.jpg","contentUrl":"https:\/\/duinzoomhoeve.nl\/wp-content\/uploads\/2020\/01\/duinzoomhoeve_bloemenvelden_3-1.jpg","width":1280,"height":853,"caption":"SAMSUNG CSC"},{"@type":"BreadcrumbList","@id":"https:\/\/duinzoomhoeve.nl\/de\/#breadcrumb","itemListElement":[{"@type":"ListItem","position":1,"name":"Home","item":"https:\/\/duinzoomhoeve.nl\/de\/"},{"@type":"ListItem","position":2,"name":"Hauptseite"}]},{"@type":"WebSite","@id":"https:\/\/duinzoomhoeve.nl\/#website","url":"https:\/\/duinzoomhoeve.nl\/","name":"Camping Duinzoomhoeve - Julianadorp aan Zee","description":"Midden tussen de bollenvelden, op nog geen 400 meter van duin en strand ligt luxe boeren camping Duinzoomhoeve.","potentialAction":[{"@type":"SearchAction","target":{"@type":"EntryPoint","urlTemplate":"https:\/\/duinzoomhoeve.nl\/?s={search_term_string}"},"query-input":{"@type":"PropertyValueSpecification","valueRequired":true,"valueName":"search_term_string"}}],"inLanguage":"de"}]}},"_links":{"self":[{"href":"https:\/\/duinzoomhoeve.nl\/de\/wp-json\/wp\/v2\/pages\/162","targetHints":{"allow":["GET"]}}],"collection":[{"href":"https:\/\/duinzoomhoeve.nl\/de\/wp-json\/wp\/v2\/pages"}],"about":[{"href":"https:\/\/duinzoomhoeve.nl\/de\/wp-json\/wp\/v2\/types\/page"}],"author":[{"embeddable":true,"href":"https:\/\/duinzoomhoeve.nl\/de\/wp-json\/wp\/v2\/users\/1"}],"replies":[{"embeddable":true,"href":"https:\/\/duinzoomhoeve.nl\/de\/wp-json\/wp\/v2\/comments?post=162"}],"version-history":[{"count":42,"href":"https:\/\/duinzoomhoeve.nl\/de\/wp-json\/wp\/v2\/pages\/162\/revisions"}],"predecessor-version":[{"id":5164,"href":"https:\/\/duinzoomhoeve.nl\/de\/wp-json\/wp\/v2\/pages\/162\/revisions\/5164"}],"wp:featuredmedia":[{"embeddable":true,"href":"https:\/\/duinzoomhoeve.nl\/de\/wp-json\/wp\/v2\/media\/347"}],"wp:attachment":[{"href":"https:\/\/duinzoomhoeve.nl\/de\/wp-json\/wp\/v2\/media?parent=162"}],"curies":[{"name":"wp","href":"https:\/\/api.w.org\/{rel}","templated":true}]}}